{"id":849,"date":"2021-06-30T03:36:34","date_gmt":"2021-06-30T03:36:34","guid":{"rendered":"http:\/\/promociondeeventos.sld.cu\/enfermeriahabana2021\/?page_id=849"},"modified":"2021-08-24T22:53:24","modified_gmt":"2021-08-24T22:53:24","slug":"certificados","status":"publish","type":"page","link":"https:\/\/promociondeeventos.sld.cu\/enfermeriahabana2021\/?page_id=849","title":{"rendered":"Certificados"},"content":{"rendered":"<p>Estimados participantes en este espacio podr\u00e1n obtener los certificados de participaci\u00f3n del evento Virtual Enfermer\u00eda Habana 2021, los mismos estar\u00e1n organizados por salones. Es importante que solo descargue el diploma que est\u00e1 emitido a su nombre.<\/p>\n<p>Salones<\/p>\n<ul>\n<li><a title=\"Atenci\u00f3n a la Gestante, Pu\u00e9rpera y Neonato\" href=\"http:\/\/promociondeeventos.sld.cu\/enfermeriahabana2021\/?page_id=851\">Atenci\u00f3n a la Gestante, Pu\u00e9rpera y Neonato<\/a><\/li>\n<li><a title=\"Sal\u00f3n Atenci\u00f3n al Adulto\" href=\"http:\/\/promociondeeventos.sld.cu\/enfermeriahabana2021\/?page_id=920\">Atenci\u00f3n al Adulto<\/a><\/li>\n<li><a title=\"Sal\u00f3n Atenci\u00f3n al Anciano\" href=\"http:\/\/promociondeeventos.sld.cu\/enfermeriahabana2021\/?page_id=872\">Atenci\u00f3n al Anciano<\/a><\/li>\n<li><a title=\"Sal\u00f3n Atenci\u00f3n al Grave Urgencia y Emergencia\" href=\"http:\/\/promociondeeventos.sld.cu\/enfermeriahabana2021\/?page_id=886\">Atenci\u00f3n al Grave, Urgencia y Emergencia<\/a><\/li>\n<li><a title=\"Sal\u00f3n Atenci\u00f3n Comunitaria\" href=\"http:\/\/promociondeeventos.sld.cu\/enfermeriahabana2021\/?page_id=991\">Atenci\u00f3n comunitaria<\/a><\/li>\n<li><a title=\"Atenci\u00f3n en la edad pedi\u00e1trica\" href=\"http:\/\/promociondeeventos.sld.cu\/enfermeriahabana2021\/?page_id=1163\">Atenci\u00f3n en la edad pedi\u00e1trica<\/a><\/li>\n<li><a title=\"Atenci\u00f3n en Tiempos de Pandemia por Covid 19\" href=\"http:\/\/promociondeeventos.sld.cu\/enfermeriahabana2021\/?page_id=1212\">Atenci\u00f3n en tiempos de Pandemia por Covid 19<\/a><\/li>\n<li><a title=\"Certificados del Sal\u00f3n Formaci\u00f3n de recursos humanos\" href=\"http:\/\/promociondeeventos.sld.cu\/enfermeriahabana2021\/?page_id=1333\">Formaci\u00f3n de recursos humanos<\/a><\/li>\n<li><a title=\"Proyectos de Formaci\u00f3n Doctoral\" href=\"http:\/\/promociondeeventos.sld.cu\/enfermeriahabana2021\/?page_id=1184\">Proyectos de Formaci\u00f3n Doctoral<\/a><\/li>\n<li><a title=\"Conferencistas\" href=\"http:\/\/promociondeeventos.sld.cu\/enfermeriahabana2021\/?page_id=1009\">Conferencistas<\/a><\/li>\n<li><a title=\"Certificados de Participantes\" href=\"http:\/\/promociondeeventos.sld.cu\/enfermeriahabana2021\/?page_id=1152\">Participantes<\/a><\/li>\n<li>Participantes en videoconferencias (En proceso)<\/li>\n<\/ul>\n<h3><\/h3>\n","protected":false},"excerpt":{"rendered":"<p>Estimados participantes en este espacio podr\u00e1n obtener los certificados de participaci\u00f3n del evento Virtual Enfermer\u00eda Habana 2021, los mismos estar\u00e1n organizados por salones. Es importante que solo descargue el diploma que est\u00e1 emitido a su nombre. Salones Atenci\u00f3n a la Gestante, Pu\u00e9rpera y Neonato Atenci\u00f3n al Adulto Atenci\u00f3n al Anciano Atenci\u00f3n al Grave, Urgencia y [&hellip;]<\/p>\n","protected":false},"author":3275,"featured_media":0,"parent":0,"menu_order":0,"comment_status":"closed","ping_status":"open","template":"","meta":[],"_links":{"self":[{"href":"https:\/\/promociondeeventos.sld.cu\/enfermeriahabana2021\/index.php?rest_route=\/wp\/v2\/pages\/849"}],"collection":[{"href":"https:\/\/promociondeeventos.sld.cu\/enfermeriahabana2021\/index.php?rest_route=\/wp\/v2\/pages"}],"about":[{"href":"https:\/\/promociondeeventos.sld.cu\/enfermeriahabana2021\/index.php?rest_route=\/wp\/v2\/types\/page"}],"author":[{"embeddable":true,"href":"https:\/\/promociondeeventos.sld.cu\/enfermeriahabana2021\/index.php?rest_route=\/wp\/v2\/users\/3275"}],"replies":[{"embeddable":true,"href":"https:\/\/promociondeeventos.sld.cu\/enfermeriahabana2021\/index.php?rest_route=%2Fwp%2Fv2%2Fcomments&post=849"}],"version-history":[{"count":19,"href":"https:\/\/promociondeeventos.sld.cu\/enfermeriahabana2021\/index.php?rest_route=\/wp\/v2\/pages\/849\/revisions"}],"predecessor-version":[{"id":1365,"href":"https:\/\/promociondeeventos.sld.cu\/enfermeriahabana2021\/index.php?rest_route=\/wp\/v2\/pages\/849\/revisions\/1365"}],"wp:attachment":[{"href":"https:\/\/promociondeeventos.sld.cu\/enfermeriahabana2021\/index.php?rest_route=%2Fwp%2Fv2%2Fmedia&parent=849"}],"curies":[{"name":"wp","href":"https:\/\/api.w.org\/{rel}","templated":true}]}}