{"id":15,"date":"2021-04-23T16:34:33","date_gmt":"2021-04-23T16:34:33","guid":{"rendered":"http:\/\/promociondeeventos.sld.cu\/enfermeriahabana2021\/?page_id=15"},"modified":"2021-08-24T22:53:24","modified_gmt":"2021-08-24T22:53:24","slug":"orientaciones-para-el-proceso-de-envio","status":"publish","type":"page","link":"https:\/\/promociondeeventos.sld.cu\/enfermeriahabana2021\/?page_id=15","title":{"rendered":"Env\u00edo, recepci\u00f3n y aprobaci\u00f3n de trabajos"},"content":{"rendered":"<p>Los interesados en participar como <em>autores<\/em> deben enviar al correo <a href=\"mailto:enfermeria2021@infomed.sld.cu\">enfermeria2021@infomed.sld.cu<\/a>, los trabajos completos seg\u00fan las normas establecidas por el evento.<\/p>\n<p>El comit\u00e9 cient\u00edfico revisar\u00e1 y aprobar\u00e1 los trabajos y los publicar\u00e1 en el sitio.<\/p>\n<p>Los internautas que no clasifiquen como <em>autor<\/em>, tambi\u00e9n pueden obtener cr\u00e9ditos acad\u00e9micos en la modalidad de <em>participantes<\/em>, realizando 2 o m\u00e1s comentarios a los trabajos expuestos en el sitio.<\/p>\n<p>Para su inscripci\u00f3n deben enviar al correo <a href=\"mailto:enfermeria2021@infomed.sld.cu\">enfermeria2021@infomed.sld.cu<\/a> los siguientes datos:<\/p>\n<p>Nombre y Apellidos:<br \/>\nNro de Identidad:<br \/>\nInstituci\u00f3n:<br \/>\nCategor\u00eda Profesional:<br \/>\nCategor\u00eda Cient\u00edfica:<br \/>\nGrado Cient\u00edfico:<br \/>\nCategor\u00eda de Investigador:<br \/>\nCategor\u00eda Docente:<br \/>\nCorreo:<br \/>\nPa\u00eds, Provincia:<br \/>\nModo de Participaci\u00f3n:<\/p>\n<p><strong>Nota Importante<\/strong>: Para mantener la inscripci\u00f3n en el evento virtual como <strong><em>participante<\/em><\/strong>, debe participar en el foro y en los comentarios a los trabajos publicados.<\/p>\n<h3>Recepci\u00f3n de trabajos: Hasta el 25 de mayo del 2021.<br \/>\nNotificaci\u00f3n de aceptaci\u00f3n: Hasta el 30 de mayo del 2021<br \/>\nDesarrollo del evento: del 1 al 12 de junio 2021.<\/h3>\n","protected":false},"excerpt":{"rendered":"<p>Los interesados en participar como autores deben enviar al correo enfermeria2021@infomed.sld.cu, los trabajos completos seg\u00fan las normas establecidas por el evento. El comit\u00e9 cient\u00edfico revisar\u00e1 y aprobar\u00e1 los trabajos y los publicar\u00e1 en el sitio. Los internautas que no clasifiquen como autor, tambi\u00e9n pueden obtener cr\u00e9ditos acad\u00e9micos en la modalidad de participantes, realizando 2 o [&hellip;]<\/p>\n","protected":false},"author":3275,"featured_media":0,"parent":0,"menu_order":0,"comment_status":"closed","ping_status":"closed","template":"sidebar-content.php","meta":[],"_links":{"self":[{"href":"https:\/\/promociondeeventos.sld.cu\/enfermeriahabana2021\/index.php?rest_route=\/wp\/v2\/pages\/15"}],"collection":[{"href":"https:\/\/promociondeeventos.sld.cu\/enfermeriahabana2021\/index.php?rest_route=\/wp\/v2\/pages"}],"about":[{"href":"https:\/\/promociondeeventos.sld.cu\/enfermeriahabana2021\/index.php?rest_route=\/wp\/v2\/types\/page"}],"author":[{"embeddable":true,"href":"https:\/\/promociondeeventos.sld.cu\/enfermeriahabana2021\/index.php?rest_route=\/wp\/v2\/users\/3275"}],"replies":[{"embeddable":true,"href":"https:\/\/promociondeeventos.sld.cu\/enfermeriahabana2021\/index.php?rest_route=%2Fwp%2Fv2%2Fcomments&post=15"}],"version-history":[{"count":12,"href":"https:\/\/promociondeeventos.sld.cu\/enfermeriahabana2021\/index.php?rest_route=\/wp\/v2\/pages\/15\/revisions"}],"predecessor-version":[{"id":463,"href":"https:\/\/promociondeeventos.sld.cu\/enfermeriahabana2021\/index.php?rest_route=\/wp\/v2\/pages\/15\/revisions\/463"}],"wp:attachment":[{"href":"https:\/\/promociondeeventos.sld.cu\/enfermeriahabana2021\/index.php?rest_route=%2Fwp%2Fv2%2Fmedia&parent=15"}],"curies":[{"name":"wp","href":"https:\/\/api.w.org\/{rel}","templated":true}]}}