{"id":86,"date":"2021-08-08T17:44:08","date_gmt":"2021-08-08T17:44:08","guid":{"rendered":"http:\/\/promociondeeventos.sld.cu\/educavanzada2021\/?page_id=86"},"modified":"2022-05-21T15:04:41","modified_gmt":"2022-05-21T15:04:41","slug":"contacto","status":"publish","type":"page","link":"https:\/\/promociondeeventos.sld.cu\/educavanzada2021\/?page_id=86","title":{"rendered":"Contacto"},"content":{"rendered":"<p>Comit\u00e9 cient\u00edfico, organizador y recepci\u00f3n de trabajos: <strong>cceducavanzada2021@infomed.sld.cu<\/strong><\/p>\n<p>Contacto t\u00e9cnico: <strong>educavanzada2021@infomed.sld.cu<\/strong><br \/>\nDr. C. Mar\u00eda Annelys Perdomo C\u00e1ceres<br \/>\nEnf. Esp. Daniel Barrera Lores<\/p>\n","protected":false},"excerpt":{"rendered":"<p>Comit\u00e9 cient\u00edfico, organizador y recepci\u00f3n de trabajos: cceducavanzada2021@infomed.sld.cu Contacto t\u00e9cnico: educavanzada2021@infomed.sld.cu Dr. C. Mar\u00eda Annelys Perdomo C\u00e1ceres Enf. Esp. Daniel Barrera Lores<\/p>\n","protected":false},"author":3276,"featured_media":0,"parent":0,"menu_order":0,"comment_status":"closed","ping_status":"open","template":"","meta":[],"_links":{"self":[{"href":"https:\/\/promociondeeventos.sld.cu\/educavanzada2021\/index.php?rest_route=\/wp\/v2\/pages\/86"}],"collection":[{"href":"https:\/\/promociondeeventos.sld.cu\/educavanzada2021\/index.php?rest_route=\/wp\/v2\/pages"}],"about":[{"href":"https:\/\/promociondeeventos.sld.cu\/educavanzada2021\/index.php?rest_route=\/wp\/v2\/types\/page"}],"author":[{"embeddable":true,"href":"https:\/\/promociondeeventos.sld.cu\/educavanzada2021\/index.php?rest_route=\/wp\/v2\/users\/3276"}],"replies":[{"embeddable":true,"href":"https:\/\/promociondeeventos.sld.cu\/educavanzada2021\/index.php?rest_route=%2Fwp%2Fv2%2Fcomments&post=86"}],"version-history":[{"count":9,"href":"https:\/\/promociondeeventos.sld.cu\/educavanzada2021\/index.php?rest_route=\/wp\/v2\/pages\/86\/revisions"}],"predecessor-version":[{"id":960,"href":"https:\/\/promociondeeventos.sld.cu\/educavanzada2021\/index.php?rest_route=\/wp\/v2\/pages\/86\/revisions\/960"}],"wp:attachment":[{"href":"https:\/\/promociondeeventos.sld.cu\/educavanzada2021\/index.php?rest_route=%2Fwp%2Fv2%2Fmedia&parent=86"}],"curies":[{"name":"wp","href":"https:\/\/api.w.org\/{rel}","templated":true}]}}