{"id":68,"date":"2021-08-04T17:35:48","date_gmt":"2021-08-04T17:35:48","guid":{"rendered":"http:\/\/promociondeeventos.sld.cu\/educavanzada2021\/?page_id=68"},"modified":"2021-12-12T20:21:55","modified_gmt":"2021-12-12T20:21:55","slug":"normas-de-envio","status":"publish","type":"page","link":"https:\/\/promociondeeventos.sld.cu\/educavanzada2021\/?page_id=68","title":{"rendered":"Normas de Env\u00edo"},"content":{"rendered":"<p><strong>Modalidad de presentaci\u00f3n: Tema libre, Panel y teleconferencias<\/strong><\/p>\n<p><strong><span style=\"text-decoration: underline\">Presentaci\u00f3n de trabajos<\/span><\/strong><strong>:<\/strong><\/p>\n<p>Lea con detenimiento este formato que presenta las instrucciones para la preparaci\u00f3n de art\u00edculos para la Jornada cient\u00edfica virtual de la c\u00e1tedra de Educaci\u00f3n Avanzada \u201c<a href=\"https:\/\/www.ecured.cu\/Julia_Aurora_A%C3%B1orga_Morales\" target=\"_blank\"> Julia A\u00f1orga Morales<\/a>, vigencia y continuidad de su legado\u201d. Usted debe sustituir el texto que se presenta con el de su trabajo, ello garantizar\u00e1 cumplir con las normas establecidas.<\/p>\n<p>Los trabajos que se presenten deben estar vinculados a los ejes tem\u00e1ticos de la jornada.<\/p>\n<p><strong>\u00a0<\/strong><\/p>\n<p><strong>Estructura del documento:<\/strong><\/p>\n<p><strong>Tama\u00f1o del papel:<\/strong> Aseg\u00farese que la p\u00e1gina est\u00e1 configurada para un tama\u00f1o Carta (21,5 x 27,9 cm) en (Configurar p\u00e1gina) en su procesador de palabras Word.<\/p>\n<p><strong>Longitud:<\/strong> El art\u00edculo completo no exceder\u00e1 las 10 p\u00e1ginas (contadas a partir de la introducci\u00f3n).<\/p>\n<p><strong>M\u00e1rgenes:<\/strong> El tipo de configuraci\u00f3n para m\u00faltiples p\u00e1ginas del <em>Configurar p\u00e1gina<\/em> debe ser m\u00e1rgenes sim\u00e9tricos. Con margen superior de 2,5 cm, margen inferior 4 cm, 1,9 cm de margen izquierdo y 1,4 cm de margen derecho.<\/p>\n<p><strong>Fuentes<\/strong>: usar <em>Times New Roman<\/em> y espaciado simple entre l\u00edneas.<\/p>\n<p>La <strong>estructura de los trabajos completos<\/strong> ser\u00e1 la siguiente<\/p>\n<p><strong>Primera p\u00e1gina: <\/strong>No cuenta entre las 10 de extensi\u00f3n del trabajo.<\/p>\n<p><strong>T\u00edtulo:<\/strong> en espa\u00f1ol e ingl\u00e9s, no exceder\u00e1 las 15 palabras, no debe ser mayor de dos l\u00edneas y evite el empleo de abreviaciones poco comunes.<\/p>\n<p><strong>Nombres y apellidos completos de todos los autores<\/strong> ordenados seg\u00fan su participaci\u00f3n. (Instituci\u00f3n, Ciudad, Pa\u00eds, Correo electr\u00f3nico) es importante que queden bien expl\u00edcitos tanto en el trabajo como en la plataforma pues se tomar\u00e1n para la emisi\u00f3n de los certificados y toda la documentaci\u00f3n del evento.<\/p>\n<p><strong>Resumen<\/strong>: ser\u00e1 estructurado y debe ser escrito en espa\u00f1ol e ingl\u00e9s y no exceder\u00e1 las 250 palabras, en \u00e9ste se har\u00e1 una corta presentaci\u00f3n del desarrollo y conclusiones del trabajo.<\/p>\n<p><strong>Palabras clave<\/strong>: debe colocar entre tres (3) y 10 palabras clave separadas por punto y coma (;), en espa\u00f1ol e ingl\u00e9s. Por ejemplo: salud universal; desarrollo sostenible; enfermer\u00eda. Se recomienda utilizar el tesauro DeCs. (Descriptores en Ciencias de la Salud) <a href=\"http:\/\/decs.bvs.br\/E\/homepagee.htm\">http:\/\/decs.bvs.br\/E\/homepagee.htm<\/a><\/p>\n<p><strong>Introducci\u00f3n: <\/strong>presentar antecedentes breves, claros y apropiados. Fundamentaci\u00f3n del problema cient\u00edfico. Describir con claridad el objetivo(s) del trabajo.<\/p>\n<p><strong>Desarrollo: <\/strong>referirse a los m\u00e9todos, resultados y discusi\u00f3n de los resultados. Exposici\u00f3n acorde con los objetivos del trabajo. Uso apropiado de los estad\u00edgrafos (cuando se requieran). Figuras y tablas destacan los resultados relevantes sin incurrir en repeticiones de informaci\u00f3n entre unas y otras. Se permiten un m\u00e1ximo de 5 entre tablas, figuras o gr\u00e1ficos estad\u00edsticos. Realizar an\u00e1lisis cr\u00edtico de los resultados del estudio a la luz de los trabajos publicados por otros investigadores del \u00e1rea nacional e internacional. Explicar el alcance y las limitaciones de los resultados alcanzados. Describir la posible aplicabilidad y generalizaci\u00f3n de los resultados.<\/p>\n<p>Las tablas deben ser incluidas donde sea apropiado (lo m\u00e1s cerca posible de donde fueron citadas en el texto). Si necesita crear una tabla y\/o gr\u00e1fico, use las facilidades que para este prop\u00f3sito le brindan Word y excel.<\/p>\n<p><strong>Conclusiones: <\/strong>cualquier conclusi\u00f3n debe haber sido presentada y discutida en el texto con anterioridad. Es incorrecto incluir como conclusiones, temas o asuntos no tratados en el cuerpo del trabajo. Deben poseer un adecuado grado de generalizaci\u00f3n. Responden a los objetivos del estudio y est\u00e1n en correspondencia con los resultados y la discusi\u00f3n no repetir resultados.<\/p>\n<p><strong>Referencias bibliogr\u00e1ficas: <\/strong>deben ser enumeradas y colocadas en el texto en orden de aparici\u00f3n, usando n\u00fameros ar\u00e1bigos (con super\u00edndice y despu\u00e9s del signo de puntuaci\u00f3n<strong>)<\/strong> No ponerlo entre par\u00e9ntesis. La lista de referencias deber\u00e1n \u00fanicamente incluir art\u00edculos que fueron citados en el texto y que han sido aceptados y ya publicados o aceptados para publicaci\u00f3n. Se solicita se utilice el estilo Vancouver. Las referencias obtenidas de internet deben incluir la fecha en que se consulta. Debe contener no menos del 50 % de trabajos publicados en los \u00faltimos cinco a\u00f1os. Estar representada la literatura nacional e internacional relevante sobre el tema.<\/p>\n<p>&nbsp;<\/p>\n<p>Tabla. Tama\u00f1o y estilos de las fuentes.<\/p>\n<table>\n<tbody>\n<tr>\n<td width=\"274\">\u00cdtem<\/td>\n<td width=\"88\">Tama\u00f1o<\/td>\n<td width=\"92\">Estilo<\/td>\n<\/tr>\n<tr>\n<td width=\"274\">T\u00edtulo del trabajo<\/td>\n<td width=\"88\">14<\/td>\n<td width=\"92\">Negrita<\/td>\n<\/tr>\n<tr>\n<td width=\"274\">Autores<\/td>\n<td width=\"88\">12<\/td>\n<td width=\"92\">Regular<\/td>\n<\/tr>\n<tr>\n<td width=\"274\">Informaci\u00f3n de los autores<\/td>\n<td width=\"88\">9<\/td>\n<td width=\"92\">Regular<\/td>\n<\/tr>\n<tr>\n<td width=\"274\">Resumen<\/td>\n<td width=\"88\">12<\/td>\n<td width=\"92\">Negrita<\/td>\n<\/tr>\n<tr>\n<td width=\"274\">Palabras clave<\/td>\n<td width=\"88\">12<\/td>\n<td width=\"92\">Negrita<\/td>\n<\/tr>\n<tr>\n<td width=\"274\">Cuerpo del texto<\/td>\n<td width=\"88\">12<\/td>\n<td width=\"92\">Regular<\/td>\n<\/tr>\n<tr>\n<td width=\"274\">Encabezado de las secciones<\/td>\n<td width=\"88\">12<\/td>\n<td width=\"92\">Regular<\/td>\n<\/tr>\n<tr>\n<td width=\"274\">Encabezado de sub-secciones<\/td>\n<td width=\"88\">12<\/td>\n<td width=\"92\">It\u00e1lica<\/td>\n<\/tr>\n<tr>\n<td width=\"274\">T\u00edtulo de las tablas<\/td>\n<td width=\"88\">10<\/td>\n<td width=\"92\">Regular<\/td>\n<\/tr>\n<tr>\n<td width=\"274\">T\u00edtulo de las columnas en las tablas<\/td>\n<td width=\"88\">10<\/td>\n<td width=\"92\">Regular<\/td>\n<\/tr>\n<tr>\n<td width=\"274\">Datos de las tablas<\/td>\n<td width=\"88\">10<\/td>\n<td width=\"92\">Regular<\/td>\n<\/tr>\n<tr>\n<td width=\"274\">T\u00edtulo de las figuras<\/td>\n<td width=\"88\">10<\/td>\n<td width=\"92\">Regular<\/td>\n<\/tr>\n<tr>\n<td width=\"274\">Reconocimientos<\/td>\n<td width=\"88\">12<\/td>\n<td width=\"92\">Regular<\/td>\n<\/tr>\n<tr>\n<td width=\"274\">Referencias<\/td>\n<td width=\"88\">12<\/td>\n<td width=\"92\">Regular<\/td>\n<\/tr>\n<tr>\n<td width=\"274\">Direcci\u00f3n de los autores<\/td>\n<td width=\"88\">12<\/td>\n<td width=\"92\">Regular<\/td>\n<\/tr>\n<\/tbody>\n<\/table>\n<p>&nbsp;<\/p>\n<p>&nbsp;<\/p>\n<p>&nbsp;<\/p>\n","protected":false},"excerpt":{"rendered":"<p>Modalidad de presentaci\u00f3n: Tema libre, Panel y teleconferencias Presentaci\u00f3n de trabajos: Lea con detenimiento este formato que presenta las instrucciones para la preparaci\u00f3n de art\u00edculos para la Jornada cient\u00edfica virtual de la c\u00e1tedra de Educaci\u00f3n Avanzada \u201c Julia A\u00f1orga Morales, vigencia y continuidad de su legado\u201d. Usted debe sustituir el texto que se presenta con [&hellip;]<\/p>\n","protected":false},"author":3276,"featured_media":0,"parent":0,"menu_order":0,"comment_status":"closed","ping_status":"open","template":"sidebar-content.php","meta":[],"_links":{"self":[{"href":"https:\/\/promociondeeventos.sld.cu\/educavanzada2021\/index.php?rest_route=\/wp\/v2\/pages\/68"}],"collection":[{"href":"https:\/\/promociondeeventos.sld.cu\/educavanzada2021\/index.php?rest_route=\/wp\/v2\/pages"}],"about":[{"href":"https:\/\/promociondeeventos.sld.cu\/educavanzada2021\/index.php?rest_route=\/wp\/v2\/types\/page"}],"author":[{"embeddable":true,"href":"https:\/\/promociondeeventos.sld.cu\/educavanzada2021\/index.php?rest_route=\/wp\/v2\/users\/3276"}],"replies":[{"embeddable":true,"href":"https:\/\/promociondeeventos.sld.cu\/educavanzada2021\/index.php?rest_route=%2Fwp%2Fv2%2Fcomments&post=68"}],"version-history":[{"count":2,"href":"https:\/\/promociondeeventos.sld.cu\/educavanzada2021\/index.php?rest_route=\/wp\/v2\/pages\/68\/revisions"}],"predecessor-version":[{"id":71,"href":"https:\/\/promociondeeventos.sld.cu\/educavanzada2021\/index.php?rest_route=\/wp\/v2\/pages\/68\/revisions\/71"}],"wp:attachment":[{"href":"https:\/\/promociondeeventos.sld.cu\/educavanzada2021\/index.php?rest_route=%2Fwp%2Fv2%2Fmedia&parent=68"}],"curies":[{"name":"wp","href":"https:\/\/api.w.org\/{rel}","templated":true}]}}