{"id":665,"date":"2021-12-06T18:11:19","date_gmt":"2021-12-06T18:11:19","guid":{"rendered":"http:\/\/promociondeeventos.sld.cu\/educavanzada2021\/?page_id=665"},"modified":"2021-12-12T20:21:55","modified_gmt":"2021-12-12T20:21:55","slug":"presentaciones-2","status":"publish","type":"page","link":"https:\/\/promociondeeventos.sld.cu\/educavanzada2021\/?page_id=665","title":{"rendered":"Presentaciones"},"content":{"rendered":"<p>Repositorio de Presentaciones<\/p>\n<ul>\n<li>Dr. C. Norberto Valc\u00e1rcel Izquierdo <em><a title=\"Dr. C. Norberto Valc\u00e1rcel Izquierdo\" href=\"http:\/\/promociondeeventos.sld.cu\/educavanzada2021\/?page_id=669\"><strong>(Ver ponencia)<\/strong><\/a><\/em><\/li>\n<li>Dr. C. Lidisbet Cardoso Camejo <em><a title=\"Dr. C. Lidisbet Cardoso Camejo\" href=\"http:\/\/promociondeeventos.sld.cu\/educavanzada2021\/?page_id=576\"><strong>(Ver ponencia)<\/strong><\/a><\/em><\/li>\n<li>Homenaje al Dr. C. Norberto Valc\u00e1rcel Izquierdo <em><strong><a title=\"Homenaje al Dr. C. Norberto Valc\u00e1rcel Izquierdo\" href=\"http:\/\/promociondeeventos.sld.cu\/educavanzada2021\/?page_id=736\">(Ver v\u00eddeo)<\/a><\/strong><\/em><\/li>\n<li>Homenaje a la Dr. C. Julia A\u00f1orga Morales <a title=\"Homenaje a la Dr. C. Julia A\u00f1orga Morales\" href=\"http:\/\/promociondeeventos.sld.cu\/educavanzada2021\/?page_id=763\"><em><strong>(Ver V\u00eddeo)<\/strong><\/em><\/a><\/li>\n<li>Galer\u00eda sobre la vida de Julia A\u00f1orga Morales Por: Dr. C. Daysi Puentes Massip <a title=\"Galer\u00eda sobre la vida de Julia A\u00f1orga Morales\" href=\"http:\/\/promociondeeventos.sld.cu\/educavanzada2021\/?page_id=788\"><em><strong>(Ver V\u00eddeo)<\/strong><\/em><\/a><\/li>\n<li>Clausura: Dr. C. Lidisbet Cardoso Camejo <a title=\"Clausura: Dr. C. Lidisbet Cardoso Camejo\" href=\"http:\/\/promociondeeventos.sld.cu\/educavanzada2021\/?page_id=764\"><em><strong>(Ver ponencia)<\/strong><\/em><\/a><\/li>\n<li>Agradecimientos <a title=\"Agradecimientos y Consideraciones\" href=\"http:\/\/promociondeeventos.sld.cu\/educavanzada2021\/?page_id=794\"><em><strong>(Ver V\u00eddeo)<\/strong><\/em><\/a><\/li>\n<\/ul>\n","protected":false},"excerpt":{"rendered":"<p>Repositorio de Presentaciones Dr. C. Norberto Valc\u00e1rcel Izquierdo (Ver ponencia) Dr. C. Lidisbet Cardoso Camejo (Ver ponencia) Homenaje al Dr. C. Norberto Valc\u00e1rcel Izquierdo (Ver v\u00eddeo) Homenaje a la Dr. C. Julia A\u00f1orga Morales (Ver V\u00eddeo) Galer\u00eda sobre la vida de Julia A\u00f1orga Morales Por: Dr. C. Daysi Puentes Massip (Ver V\u00eddeo) Clausura: Dr. C. [&hellip;]<\/p>\n","protected":false},"author":3276,"featured_media":0,"parent":0,"menu_order":0,"comment_status":"closed","ping_status":"open","template":"sidebar-content.php","meta":[],"_links":{"self":[{"href":"https:\/\/promociondeeventos.sld.cu\/educavanzada2021\/index.php?rest_route=\/wp\/v2\/pages\/665"}],"collection":[{"href":"https:\/\/promociondeeventos.sld.cu\/educavanzada2021\/index.php?rest_route=\/wp\/v2\/pages"}],"about":[{"href":"https:\/\/promociondeeventos.sld.cu\/educavanzada2021\/index.php?rest_route=\/wp\/v2\/types\/page"}],"author":[{"embeddable":true,"href":"https:\/\/promociondeeventos.sld.cu\/educavanzada2021\/index.php?rest_route=\/wp\/v2\/users\/3276"}],"replies":[{"embeddable":true,"href":"https:\/\/promociondeeventos.sld.cu\/educavanzada2021\/index.php?rest_route=%2Fwp%2Fv2%2Fcomments&post=665"}],"version-history":[{"count":18,"href":"https:\/\/promociondeeventos.sld.cu\/educavanzada2021\/index.php?rest_route=\/wp\/v2\/pages\/665\/revisions"}],"predecessor-version":[{"id":797,"href":"https:\/\/promociondeeventos.sld.cu\/educavanzada2021\/index.php?rest_route=\/wp\/v2\/pages\/665\/revisions\/797"}],"wp:attachment":[{"href":"https:\/\/promociondeeventos.sld.cu\/educavanzada2021\/index.php?rest_route=%2Fwp%2Fv2%2Fmedia&parent=665"}],"curies":[{"name":"wp","href":"https:\/\/api.w.org\/{rel}","templated":true}]}}