{"id":655,"date":"2021-12-06T00:34:13","date_gmt":"2021-12-06T00:34:13","guid":{"rendered":"http:\/\/promociondeeventos.sld.cu\/educavanzada2021\/?page_id=655"},"modified":"2021-12-12T20:21:55","modified_gmt":"2021-12-12T20:21:55","slug":"655-2","status":"publish","type":"page","link":"https:\/\/promociondeeventos.sld.cu\/educavanzada2021\/?page_id=655","title":{"rendered":"Foro 1"},"content":{"rendered":"<div class=\"entry_content entry-content\">\n<div class=\"pad\">\n<p>Bienvenidos al Foro 1<\/p>\n<h3><strong>Tema para la discusi\u00f3n:<\/strong> <em>La investigaci\u00f3n cient\u00edfica como fuente de desarrollo para la ciencia Pedag\u00f3gica.<\/em><\/h3>\n<p>Para comentar debe expresar su categor\u00eda y nombre y apellidos Ej: Dr. C. Mar\u00eda Annelys Perdomo C\u00e1ceres.<\/p>\n<p>__________________________________________________________________________<\/p>\n<div class=\"spacer\"><\/div>\n<\/div>\n<\/div>\n<div class=\"entry_comments\"><\/div>\n","protected":false},"excerpt":{"rendered":"<p>Bienvenidos al Foro 1 Tema para la discusi\u00f3n: La investigaci\u00f3n cient\u00edfica como fuente de desarrollo para la ciencia Pedag\u00f3gica. Para comentar debe expresar su categor\u00eda y nombre y apellidos Ej: Dr. C. Mar\u00eda Annelys Perdomo C\u00e1ceres. __________________________________________________________________________<\/p>\n","protected":false},"author":3276,"featured_media":0,"parent":0,"menu_order":0,"comment_status":"closed","ping_status":"closed","template":"sidebar-content.php","meta":[],"_links":{"self":[{"href":"https:\/\/promociondeeventos.sld.cu\/educavanzada2021\/index.php?rest_route=\/wp\/v2\/pages\/655"}],"collection":[{"href":"https:\/\/promociondeeventos.sld.cu\/educavanzada2021\/index.php?rest_route=\/wp\/v2\/pages"}],"about":[{"href":"https:\/\/promociondeeventos.sld.cu\/educavanzada2021\/index.php?rest_route=\/wp\/v2\/types\/page"}],"author":[{"embeddable":true,"href":"https:\/\/promociondeeventos.sld.cu\/educavanzada2021\/index.php?rest_route=\/wp\/v2\/users\/3276"}],"replies":[{"embeddable":true,"href":"https:\/\/promociondeeventos.sld.cu\/educavanzada2021\/index.php?rest_route=%2Fwp%2Fv2%2Fcomments&post=655"}],"version-history":[{"count":2,"href":"https:\/\/promociondeeventos.sld.cu\/educavanzada2021\/index.php?rest_route=\/wp\/v2\/pages\/655\/revisions"}],"predecessor-version":[{"id":657,"href":"https:\/\/promociondeeventos.sld.cu\/educavanzada2021\/index.php?rest_route=\/wp\/v2\/pages\/655\/revisions\/657"}],"wp:attachment":[{"href":"https:\/\/promociondeeventos.sld.cu\/educavanzada2021\/index.php?rest_route=%2Fwp%2Fv2%2Fmedia&parent=655"}],"curies":[{"name":"wp","href":"https:\/\/api.w.org\/{rel}","templated":true}]}}