{"id":6,"date":"2021-07-16T20:39:05","date_gmt":"2021-07-16T20:39:05","guid":{"rendered":"http:\/\/promociondeeventos.sld.cu\/educavanzada2021\/?page_id=6"},"modified":"2021-12-12T20:21:55","modified_gmt":"2021-12-12T20:21:55","slug":"convovatoria","status":"publish","type":"page","link":"https:\/\/promociondeeventos.sld.cu\/educavanzada2021\/","title":{"rendered":""},"content":{"rendered":"<p>Clausura: Dr. C. Lidisbet Cardoso Camejo<\/p>\n<div style=\"width: 580px;\" class=\"wp-video\"><!--[if lt IE 9]><script>document.createElement('video');<\/script><![endif]-->\n<video class=\"wp-video-shortcode\" id=\"video-6-1\" width=\"580\" height=\"326\" preload=\"metadata\" controls=\"controls\"><source type=\"video\/mp4\" src=\"https:\/\/instituciones.sld.cu\/socuenfhabana\/files\/2021\/12\/Clausura-Educav2021.mp4?_=1\" \/><a href=\"https:\/\/instituciones.sld.cu\/socuenfhabana\/files\/2021\/12\/Clausura-Educav2021.mp4\">https:\/\/instituciones.sld.cu\/socuenfhabana\/files\/2021\/12\/Clausura-Educav2021.mp4<\/a><\/video><\/div>\n<h1><\/h1>\n<h1>Convocatoria<\/h1>\n<p>\u00a1Bienvenidos!<strong><br \/>\n<\/strong><\/p>\n<p><a href=\"http:\/\/promociondeeventos.sld.cu\/educavanzada2021\/files\/2021\/07\/UCP-EJV.png\"><img decoding=\"async\" loading=\"lazy\" class=\"  wp-image-52 alignleft\" src=\"http:\/\/promociondeeventos.sld.cu\/educavanzada2021\/files\/2021\/07\/UCP-EJV.png\" alt=\"UCP-EJV\" width=\"72\" height=\"57\" srcset=\"https:\/\/promociondeeventos.sld.cu\/educavanzada2021\/files\/2021\/07\/UCP-EJV.png 254w, https:\/\/promociondeeventos.sld.cu\/educavanzada2021\/files\/2021\/07\/UCP-EJV-250x197.png 250w\" sizes=\"(max-width: 72px) 100vw, 72px\" \/><\/a>La Universidad de Ciencias Pedag\u00f3gicas Enrique Jos\u00e9 Varona y la C\u00e1tedra de Educaci\u00f3n Avanzada convocan, por primera ocasi\u00f3n en la modalidad virtual, a la Jornada<a href=\"https:\/\/www.ecured.cu\/Julia_Aurora_A%C3%B1orga_Morales\" target=\"_blank\"> Julia A\u00f1orga Morales<\/a>, vigencia y continuidad de su legado, a celebrarse del 6 al 11 de diciembre de 2021.<\/p>\n<p>Este evento, constituir\u00e1 un importante foro que propiciar\u00e1 el intercambio sobre los retos actuales y futuros de los investigadores, en particular, los que sustentan la teor\u00eda de Educaci\u00f3n Avanzada, siempre con la intenci\u00f3n de dar continuidad a la obra de toda la vida de la Dr. Cs. Julia A\u00f1orga Morales.<\/p>\n<p>El evento tiene como objetivo fundamental debatir sobre tem\u00e1ticas innovadoras que contribuyan a la generaci\u00f3n de nuevos saberes, al rescate de la integralidad humana, al colocar al hombre como eje central, del pensar y el actuar. En esta cruzada hay que sumar a todos, \u201csiempre defendiendo la utop\u00eda que so\u00f1amos, y trabajando para que no se convierta en fantas\u00eda\u201d, como expres\u00f3 la Dr. Cs. Julia A\u00f1orga Morales en el a\u00f1o 2017.<\/p>\n<p>Podr\u00e1n participar docentes, egresados, estudiantes e investigadores comprometidos con realizar transformaciones a la educaci\u00f3n, especialmente aquellos que son continuadores de la Educaci\u00f3n Avanzada y del legado de la Dr. Cs. Julia A\u00f1orga Morales.<\/p>\n<p>Este constituir\u00e1 un momento oportuno para la presentaci\u00f3n de ponencias y conferencias a partir del intercambio de ideas, experiencias y del acceso libre a la discusi\u00f3n de los resultados de estas investigaciones, relacionadas con los ejes tem\u00e1ticos del evento.<\/p>\n<blockquote><p><em>\u201cEl hombre tiene que ser culto y tener los fundamentos de lo que es, de su historia, de sus ideas para poder defenderlas, (\u2026) uno siembra para que otro recoja y que, si somos capaces, de transmitir lo que queremos y creemos, se recoger\u00e1n los frutos, aunque quiz\u00e1s nosotros mismos no los veamos\u201d<\/em>.<\/p>\n<p>Eusebio Leal Spengler (2016)<\/p><\/blockquote>\n<p><em><strong><img decoding=\"async\" loading=\"lazy\" class=\" alignleft\" src=\"https:\/\/promociondeeventos.sld.cu\/enfermeriahabana2021\/files\/2021\/04\/cerrado-300x218.gif\" alt=\"\" width=\"69\" height=\"50\" \/>Recepci\u00f3n de trabajos: <\/strong><\/em>Hasta el 15 de noviembre del 2021<\/p>\n<p><strong>Notificaci\u00f3n de aceptaci\u00f3n: <\/strong>Hasta el 30 de noviembre del 2021<\/p>\n<p><strong>Desarrollo del evento:<\/strong> del 6 al 11 de diciembre 2021.<\/p>\n","protected":false},"excerpt":{"rendered":"<p>Clausura: Dr. C. Lidisbet Cardoso Camejo Convocatoria \u00a1Bienvenidos! La Universidad de Ciencias Pedag\u00f3gicas Enrique Jos\u00e9 Varona y la C\u00e1tedra de Educaci\u00f3n Avanzada convocan, por primera ocasi\u00f3n en la modalidad virtual, a la Jornada Julia A\u00f1orga Morales, vigencia y continuidad de su legado, a celebrarse del 6 al 11 de diciembre de 2021. Este evento, constituir\u00e1 [&hellip;]<\/p>\n","protected":false},"author":3276,"featured_media":0,"parent":0,"menu_order":0,"comment_status":"closed","ping_status":"open","template":"sidebar-content.php","meta":[],"_links":{"self":[{"href":"https:\/\/promociondeeventos.sld.cu\/educavanzada2021\/index.php?rest_route=\/wp\/v2\/pages\/6"}],"collection":[{"href":"https:\/\/promociondeeventos.sld.cu\/educavanzada2021\/index.php?rest_route=\/wp\/v2\/pages"}],"about":[{"href":"https:\/\/promociondeeventos.sld.cu\/educavanzada2021\/index.php?rest_route=\/wp\/v2\/types\/page"}],"author":[{"embeddable":true,"href":"https:\/\/promociondeeventos.sld.cu\/educavanzada2021\/index.php?rest_route=\/wp\/v2\/users\/3276"}],"replies":[{"embeddable":true,"href":"https:\/\/promociondeeventos.sld.cu\/educavanzada2021\/index.php?rest_route=%2Fwp%2Fv2%2Fcomments&post=6"}],"version-history":[{"count":28,"href":"https:\/\/promociondeeventos.sld.cu\/educavanzada2021\/index.php?rest_route=\/wp\/v2\/pages\/6\/revisions"}],"predecessor-version":[{"id":761,"href":"https:\/\/promociondeeventos.sld.cu\/educavanzada2021\/index.php?rest_route=\/wp\/v2\/pages\/6\/revisions\/761"}],"wp:attachment":[{"href":"https:\/\/promociondeeventos.sld.cu\/educavanzada2021\/index.php?rest_route=%2Fwp%2Fv2%2Fmedia&parent=6"}],"curies":[{"name":"wp","href":"https:\/\/api.w.org\/{rel}","templated":true}]}}