{"id":34,"date":"2021-07-24T03:22:07","date_gmt":"2021-07-24T03:22:07","guid":{"rendered":"http:\/\/promociondeeventos.sld.cu\/educavanzada2021\/?page_id=34"},"modified":"2021-12-12T20:21:55","modified_gmt":"2021-12-12T20:21:55","slug":"envio-recepcion-y-aprobacion-de-trabajos","status":"publish","type":"page","link":"https:\/\/promociondeeventos.sld.cu\/educavanzada2021\/?page_id=34","title":{"rendered":"Env\u00edo, recepci\u00f3n y aprobaci\u00f3n de trabajos"},"content":{"rendered":"<p>Participaci\u00f3n como autor<\/p>\n<p>Los interesados en participar como <strong><em>autores<\/em><\/strong> deben enviar al correo<strong> cceducavanzada2021@infomed.sld.cu<\/strong>, los trabajos completos seg\u00fan las normas establecidas por el evento, el art\u00edculo se debe enviar con las <a href=\"https:\/\/promociondeeventos.sld.cu\/educavanzada2021\/?page_id=68\" target=\"_blank\">normas de env\u00edo<\/a> establecidas.<\/p>\n<p>Deben incluir en el cuerpo del mensaje los datos personales de todos los autores:<\/p>\n<p>Nombre y Apellidos:<br \/>\nNro de Identidad:<br \/>\nInstituci\u00f3n:<br \/>\nCategor\u00eda Profesional:<br \/>\nCategor\u00eda Cient\u00edfica:<br \/>\nGrado Cient\u00edfico:<br \/>\nCategor\u00eda de Investigador:<br \/>\nCategor\u00eda Docente:<br \/>\nCorreo:<br \/>\nPa\u00eds, Provincia:<br \/>\nModo de Participaci\u00f3n: Autor<\/p>\n<p>El comit\u00e9 cient\u00edfico revisar\u00e1 y aprobar\u00e1 los trabajos y los publicar\u00e1 en el sitio.<br \/>\nLos internautas que no clasifiquen como <em>autor<\/em>, tambi\u00e9n pueden obtener cr\u00e9ditos acad\u00e9micos en la modalidad de <em>participantes<\/em>, realizando 2 o m\u00e1s comentarios a los trabajos expuestos en el sitio.<\/p>\n<p>___________________________________________________________________________________<\/p>\n<p>Para su inscripci\u00f3n como <strong><em>Participante<\/em><\/strong> debe enviar al correo<strong> cceducavanzada2021@infomed.sld.cu<\/strong> los siguientes datos de todos los autores y participantes o Llenar el <a href=\"https:\/\/instituciones.sld.cu\/socuenfhabana\/educavanzada2021\/\" target=\"_blank\"><strong>Formulario de Participaci\u00f3n<\/strong><\/a><\/p>\n<p>Nombre y Apellidos:<br \/>\nNro de Identidad:<br \/>\nInstituci\u00f3n:<br \/>\nCategor\u00eda Profesional:<br \/>\nCategor\u00eda Cient\u00edfica:<br \/>\nGrado Cient\u00edfico:<br \/>\nCategor\u00eda de Investigador:<br \/>\nCategor\u00eda Docente:<br \/>\nCorreo:<br \/>\nPa\u00eds, Provincia:<br \/>\nModo de Participaci\u00f3n: Participante<\/p>\n","protected":false},"excerpt":{"rendered":"<p>Participaci\u00f3n como autor Los interesados en participar como autores deben enviar al correo cceducavanzada2021@infomed.sld.cu, los trabajos completos seg\u00fan las normas establecidas por el evento, el art\u00edculo se debe enviar con las normas de env\u00edo establecidas. Deben incluir en el cuerpo del mensaje los datos personales de todos los autores: Nombre y Apellidos: Nro de Identidad: [&hellip;]<\/p>\n","protected":false},"author":3276,"featured_media":0,"parent":0,"menu_order":0,"comment_status":"closed","ping_status":"open","template":"sidebar-content.php","meta":[],"_links":{"self":[{"href":"https:\/\/promociondeeventos.sld.cu\/educavanzada2021\/index.php?rest_route=\/wp\/v2\/pages\/34"}],"collection":[{"href":"https:\/\/promociondeeventos.sld.cu\/educavanzada2021\/index.php?rest_route=\/wp\/v2\/pages"}],"about":[{"href":"https:\/\/promociondeeventos.sld.cu\/educavanzada2021\/index.php?rest_route=\/wp\/v2\/types\/page"}],"author":[{"embeddable":true,"href":"https:\/\/promociondeeventos.sld.cu\/educavanzada2021\/index.php?rest_route=\/wp\/v2\/users\/3276"}],"replies":[{"embeddable":true,"href":"https:\/\/promociondeeventos.sld.cu\/educavanzada2021\/index.php?rest_route=%2Fwp%2Fv2%2Fcomments&post=34"}],"version-history":[{"count":17,"href":"https:\/\/promociondeeventos.sld.cu\/educavanzada2021\/index.php?rest_route=\/wp\/v2\/pages\/34\/revisions"}],"predecessor-version":[{"id":136,"href":"https:\/\/promociondeeventos.sld.cu\/educavanzada2021\/index.php?rest_route=\/wp\/v2\/pages\/34\/revisions\/136"}],"wp:attachment":[{"href":"https:\/\/promociondeeventos.sld.cu\/educavanzada2021\/index.php?rest_route=%2Fwp%2Fv2%2Fmedia&parent=34"}],"curies":[{"name":"wp","href":"https:\/\/api.w.org\/{rel}","templated":true}]}}