{"id":31,"date":"2021-07-24T03:13:20","date_gmt":"2021-07-24T03:13:20","guid":{"rendered":"http:\/\/promociondeeventos.sld.cu\/educavanzada2021\/?page_id=31"},"modified":"2021-12-12T20:21:55","modified_gmt":"2021-12-12T20:21:55","slug":"organizan-y-auspician","status":"publish","type":"page","link":"https:\/\/promociondeeventos.sld.cu\/educavanzada2021\/?page_id=31","title":{"rendered":"Organizan y Auspician"},"content":{"rendered":"<p><strong><span style=\"text-decoration: underline\">Organizan <\/span><\/strong><\/p>\n<ul>\n<li>Universidad de Ciencias Pedag\u00f3gicas Enrique Jos\u00e9 Varona.<\/li>\n<li>C\u00e1tedra Educaci\u00f3n Avanzada.<\/li>\n<li><a href=\"http:\/\/www.enfermeriahabana.sld.cu\" target=\"_blank\">Sociedad Cubana de Enfermer\u00eda Cap\u00edtulo La Habana<\/a><\/li>\n<\/ul>\n<p>&nbsp;<\/p>\n<p><strong><span style=\"text-decoration: underline\">Auspician: <\/span><\/strong><\/p>\n<ul>\n<li>Universidad de Ciencias M\u00e9dicas de La Habana (UCMH)<\/li>\n<li>Facultad de Ciencias M\u00e9dicas \u201cGeneral Calixto Garc\u00eda\u201d (FCM-CG)<\/li>\n<li>Escuela Latinoamericana de Medicina (ELAM)<\/li>\n<li>Universidad de La Habana (UH)<\/li>\n<li>Instituto de Farmacia y Alimento (IFAL)<\/li>\n<li>Instituto Cubano de Radio y Televisi\u00f3n (ICRT)<\/li>\n<li>Universidad de Ciencias Inform\u00e1ticas (UCI)<\/li>\n<li>Universidad de Ciencias de la Cultura F\u00edsica y el Deporte (UCCFD)<\/li>\n<li>Hospital Julio D\u00edaz Gonz\u00e1lez (HR-JDG)<\/li>\n<li>Centro Nacional de Educaci\u00f3n Sexual (CENESEX)<\/li>\n<li>Escuela Nacional de Salud P\u00fablica (ENSAP)<\/li>\n<li>Escuela Ramal del sector del Turismo (MINTUR)<\/li>\n<li>Escuela Ramal del sector del Transporte (PREGER)<\/li>\n<li>Centro de Protecci\u00f3n e Higiene de las Radiaciones (CPHR) (CITMA)<\/li>\n<\/ul>\n","protected":false},"excerpt":{"rendered":"<p>Organizan Universidad de Ciencias Pedag\u00f3gicas Enrique Jos\u00e9 Varona. C\u00e1tedra Educaci\u00f3n Avanzada. Sociedad Cubana de Enfermer\u00eda Cap\u00edtulo La Habana &nbsp; Auspician: Universidad de Ciencias M\u00e9dicas de La Habana (UCMH) Facultad de Ciencias M\u00e9dicas \u201cGeneral Calixto Garc\u00eda\u201d (FCM-CG) Escuela Latinoamericana de Medicina (ELAM) Universidad de La Habana (UH) Instituto de Farmacia y Alimento (IFAL) Instituto Cubano de [&hellip;]<\/p>\n","protected":false},"author":3276,"featured_media":0,"parent":0,"menu_order":0,"comment_status":"closed","ping_status":"open","template":"sidebar-content.php","meta":[],"_links":{"self":[{"href":"https:\/\/promociondeeventos.sld.cu\/educavanzada2021\/index.php?rest_route=\/wp\/v2\/pages\/31"}],"collection":[{"href":"https:\/\/promociondeeventos.sld.cu\/educavanzada2021\/index.php?rest_route=\/wp\/v2\/pages"}],"about":[{"href":"https:\/\/promociondeeventos.sld.cu\/educavanzada2021\/index.php?rest_route=\/wp\/v2\/types\/page"}],"author":[{"embeddable":true,"href":"https:\/\/promociondeeventos.sld.cu\/educavanzada2021\/index.php?rest_route=\/wp\/v2\/users\/3276"}],"replies":[{"embeddable":true,"href":"https:\/\/promociondeeventos.sld.cu\/educavanzada2021\/index.php?rest_route=%2Fwp%2Fv2%2Fcomments&post=31"}],"version-history":[{"count":5,"href":"https:\/\/promociondeeventos.sld.cu\/educavanzada2021\/index.php?rest_route=\/wp\/v2\/pages\/31\/revisions"}],"predecessor-version":[{"id":61,"href":"https:\/\/promociondeeventos.sld.cu\/educavanzada2021\/index.php?rest_route=\/wp\/v2\/pages\/31\/revisions\/61"}],"wp:attachment":[{"href":"https:\/\/promociondeeventos.sld.cu\/educavanzada2021\/index.php?rest_route=%2Fwp%2Fv2%2Fmedia&parent=31"}],"curies":[{"name":"wp","href":"https:\/\/api.w.org\/{rel}","templated":true}]}}