{"id":29,"date":"2021-07-24T03:09:24","date_gmt":"2021-07-24T03:09:24","guid":{"rendered":"http:\/\/promociondeeventos.sld.cu\/educavanzada2021\/?page_id=29"},"modified":"2021-12-12T20:21:55","modified_gmt":"2021-12-12T20:21:55","slug":"comite-cientifico","status":"publish","type":"page","link":"https:\/\/promociondeeventos.sld.cu\/educavanzada2021\/?page_id=29","title":{"rendered":"Comit\u00e9 Cient\u00edfico"},"content":{"rendered":"<p><strong><span style=\"text-decoration: underline\">Comit\u00e9 Cient\u00edfico: <\/span><\/strong><\/p>\n<p><strong>Presidente:<\/strong><\/p>\n<p>Dr. C. Lidisbet Cardoso Camejo<\/p>\n<p><strong>Miembros: <\/strong><\/p>\n<p>Dr. C. Annia Cano P\u00e9rez<\/p>\n<p>Dr. C. Xiomara Grey Fern\u00e1ndez<\/p>\n<p>Dr. C. Xiomara Casanova Acosta<\/p>\n<p>Dr. C. M\u00f3nica Vald\u00e9s Naranjo<\/p>\n<p>Dr. C. Georgina Mart\u00ednez Mart\u00ednez-D\u00edaz<\/p>\n<p>Dr. C. Jos\u00e9 Antonio Tamayo Garc\u00eda<\/p>\n<p>Dr. C. Lourdes B\u00e1rbara Alp\u00edzar Caballero<\/p>\n<p>Dr. C. Judith Apsara Caballero B\u00e1ez<\/p>\n<p>Dr. C. Tania de la Caridad Garc\u00eda Castellanos<\/p>\n<p>Dr. C. Mar\u00eda de los \u00c1ngeles Hern\u00e1ndez Sosa<\/p>\n<p>Dr. C. Ramiro Jes\u00fas P\u00e9rez Hern\u00e1ndez<\/p>\n<p>Dr. C. Juan Carlos Cala Solozabal<\/p>\n<p>Dr. C. Eduardo Carmelo Mayorquin Mu\u00f1oz<\/p>\n<p>Dr. C. Alain Torres Torres<\/p>\n<p>Dr. C. Luis Campistrous Lavaut<\/p>\n<p>Dr. C. Odelis Nazco Guinovart<\/p>\n<p>Dr. C. Olga Franco Alvarado<\/p>\n<p>Dr. C. Indira G\u00f3mez Capote<\/p>\n<p>Dr. C. Luidmila Puentes Fumero<\/p>\n<p>Dr. C. Jos\u00e9 Antonio Tamayo Garc\u00eda<\/p>\n<p>Dr. C. Juan Manuel Cala Corrales<\/p>\n<p>M. Sc. Clarivel Pineda Fern\u00e1ndez<\/p>\n<p>M. Sc. David Samuel Guerrero Santiesteban<\/p>\n<p>&nbsp;<\/p>\n<p>Contacto: <strong><a href=\"mailto:cceducavanzada2021@infomed.sld.cu\">cceducavanzada2021@infomed.sld.cu<\/a><\/strong><\/p>\n","protected":false},"excerpt":{"rendered":"<p>Comit\u00e9 Cient\u00edfico: Presidente: Dr. C. Lidisbet Cardoso Camejo Miembros: Dr. C. Annia Cano P\u00e9rez Dr. C. Xiomara Grey Fern\u00e1ndez Dr. C. Xiomara Casanova Acosta Dr. C. M\u00f3nica Vald\u00e9s Naranjo Dr. C. Georgina Mart\u00ednez Mart\u00ednez-D\u00edaz Dr. C. Jos\u00e9 Antonio Tamayo Garc\u00eda Dr. C. Lourdes B\u00e1rbara Alp\u00edzar Caballero Dr. C. Judith Apsara Caballero B\u00e1ez Dr. C. Tania [&hellip;]<\/p>\n","protected":false},"author":3276,"featured_media":0,"parent":0,"menu_order":0,"comment_status":"closed","ping_status":"open","template":"sidebar-content.php","meta":[],"_links":{"self":[{"href":"https:\/\/promociondeeventos.sld.cu\/educavanzada2021\/index.php?rest_route=\/wp\/v2\/pages\/29"}],"collection":[{"href":"https:\/\/promociondeeventos.sld.cu\/educavanzada2021\/index.php?rest_route=\/wp\/v2\/pages"}],"about":[{"href":"https:\/\/promociondeeventos.sld.cu\/educavanzada2021\/index.php?rest_route=\/wp\/v2\/types\/page"}],"author":[{"embeddable":true,"href":"https:\/\/promociondeeventos.sld.cu\/educavanzada2021\/index.php?rest_route=\/wp\/v2\/users\/3276"}],"replies":[{"embeddable":true,"href":"https:\/\/promociondeeventos.sld.cu\/educavanzada2021\/index.php?rest_route=%2Fwp%2Fv2%2Fcomments&post=29"}],"version-history":[{"count":12,"href":"https:\/\/promociondeeventos.sld.cu\/educavanzada2021\/index.php?rest_route=\/wp\/v2\/pages\/29\/revisions"}],"predecessor-version":[{"id":142,"href":"https:\/\/promociondeeventos.sld.cu\/educavanzada2021\/index.php?rest_route=\/wp\/v2\/pages\/29\/revisions\/142"}],"wp:attachment":[{"href":"https:\/\/promociondeeventos.sld.cu\/educavanzada2021\/index.php?rest_route=%2Fwp%2Fv2%2Fmedia&parent=29"}],"curies":[{"name":"wp","href":"https:\/\/api.w.org\/{rel}","templated":true}]}}