{"id":27,"date":"2021-07-24T03:09:09","date_gmt":"2021-07-24T03:09:09","guid":{"rendered":"http:\/\/promociondeeventos.sld.cu\/educavanzada2021\/?page_id=27"},"modified":"2021-12-12T20:21:55","modified_gmt":"2021-12-12T20:21:55","slug":"comite-organizador","status":"publish","type":"page","link":"https:\/\/promociondeeventos.sld.cu\/educavanzada2021\/?page_id=27","title":{"rendered":"Comit\u00e9 Organizador"},"content":{"rendered":"<p><strong>Presidenta: <\/strong><\/p>\n<p>Dr. C. Milda Lesbia D\u00edaz Masip<\/p>\n<p><strong>Vicepresidenta<em>:<\/em><\/strong><\/p>\n<p>Dr. C. Lidisbet Cardoso Camejo<\/p>\n<p><strong>Miembro de honor: <\/strong>Dr. C. Norberto Valc\u00e1rcel Izquierdo<\/p>\n<p><strong>Miembros: <\/strong><\/p>\n<p>Dr. C. Rafael Sa\u00fal Gonz\u00e1lez Ponce de Le\u00f3n<\/p>\n<p>Dr. C. Rosalina Garc\u00eda Chirino<\/p>\n<p>M. Sc. \u00a0Dagoberto Hevia Alonso<\/p>\n<p>Dr. C. Georgina Mart\u00ednez Mart\u00ednez-D\u00edaz<\/p>\n<p>Dr. C. Annia Cano P\u00e9rez<\/p>\n<p>Dr. C. M\u00f3nica Vald\u00e9s Naranjo<\/p>\n<p>Dr. C. Magdalena Dachapelles Brunet<\/p>\n<p>Dr. C. Xiomara Grey Fern\u00e1ndez<\/p>\n<p>Dr. C. Xiomara Casanova Acosta<\/p>\n<p>Dr. C. Mar\u00eda de los \u00c1ngeles Hern\u00e1ndez Sosa<\/p>\n<p>Dr. C. Jos\u00e9 Antonio Tamayo Garc\u00eda<\/p>\n<p>Dr. C. Ramiro J P\u00e9rez Hern\u00e1ndez<\/p>\n<p><strong>Acreditaci\u00f3n y certificados<em>:<\/em><\/strong><\/p>\n<p>Dr. C. Yusmelis Fundora Pedroso<\/p>\n<p>Dr. C. Ana Belkis Perdomo C\u00e1ceres<\/p>\n<p>Dr. C. Olga Franco Alvarado<\/p>\n<p><strong>\u00a0<\/strong><\/p>\n<p><strong>Divulgaci\u00f3n, Web y Asistencia en L\u00ednea: <\/strong><\/p>\n<p>Dr. C. Mar\u00eda Annelys Perdomo C\u00e1ceres<\/p>\n<p><em>Presidente de la SOCUENF La Habana.<\/em><\/p>\n<p>Enf. Esp. Daniel Barrera Lores<\/p>\n<p><em>Resp. del Portal Web y las Comunicaciones de la SOCUENF La Habana<\/em><\/p>\n<p><strong>Contacto: <a href=\"mailto:educavanzada2021@infomed.sld.cu\">educavanzada2021@infomed.sld.cu<\/a><\/strong><\/p>\n<p>&nbsp;<\/p>\n","protected":false},"excerpt":{"rendered":"<p>Presidenta: Dr. C. Milda Lesbia D\u00edaz Masip Vicepresidenta: Dr. C. Lidisbet Cardoso Camejo Miembro de honor: Dr. C. Norberto Valc\u00e1rcel Izquierdo Miembros: Dr. C. Rafael Sa\u00fal Gonz\u00e1lez Ponce de Le\u00f3n Dr. C. Rosalina Garc\u00eda Chirino M. Sc. \u00a0Dagoberto Hevia Alonso Dr. C. Georgina Mart\u00ednez Mart\u00ednez-D\u00edaz Dr. C. Annia Cano P\u00e9rez Dr. C. M\u00f3nica Vald\u00e9s Naranjo [&hellip;]<\/p>\n","protected":false},"author":3276,"featured_media":0,"parent":0,"menu_order":0,"comment_status":"closed","ping_status":"open","template":"sidebar-content.php","meta":[],"_links":{"self":[{"href":"https:\/\/promociondeeventos.sld.cu\/educavanzada2021\/index.php?rest_route=\/wp\/v2\/pages\/27"}],"collection":[{"href":"https:\/\/promociondeeventos.sld.cu\/educavanzada2021\/index.php?rest_route=\/wp\/v2\/pages"}],"about":[{"href":"https:\/\/promociondeeventos.sld.cu\/educavanzada2021\/index.php?rest_route=\/wp\/v2\/types\/page"}],"author":[{"embeddable":true,"href":"https:\/\/promociondeeventos.sld.cu\/educavanzada2021\/index.php?rest_route=\/wp\/v2\/users\/3276"}],"replies":[{"embeddable":true,"href":"https:\/\/promociondeeventos.sld.cu\/educavanzada2021\/index.php?rest_route=%2Fwp%2Fv2%2Fcomments&post=27"}],"version-history":[{"count":12,"href":"https:\/\/promociondeeventos.sld.cu\/educavanzada2021\/index.php?rest_route=\/wp\/v2\/pages\/27\/revisions"}],"predecessor-version":[{"id":85,"href":"https:\/\/promociondeeventos.sld.cu\/educavanzada2021\/index.php?rest_route=\/wp\/v2\/pages\/27\/revisions\/85"}],"wp:attachment":[{"href":"https:\/\/promociondeeventos.sld.cu\/educavanzada2021\/index.php?rest_route=%2Fwp%2Fv2%2Fmedia&parent=27"}],"curies":[{"name":"wp","href":"https:\/\/api.w.org\/{rel}","templated":true}]}}