{"id":23,"date":"2021-07-24T03:05:45","date_gmt":"2021-07-24T03:05:45","guid":{"rendered":"http:\/\/promociondeeventos.sld.cu\/educavanzada2021\/?page_id=23"},"modified":"2021-12-12T20:21:55","modified_gmt":"2021-12-12T20:21:55","slug":"tematicas","status":"publish","type":"page","link":"https:\/\/promociondeeventos.sld.cu\/educavanzada2021\/?page_id=23","title":{"rendered":"Tem\u00e1ticas"},"content":{"rendered":"<p><strong>Tema central<\/strong>: Julia A\u00f1orga Morales, vigencia y continuidad de su legado.<\/p>\n<p><strong>Ejes tem\u00e1ticos: <\/strong><\/p>\n<ul>\n<li>Julia A\u00f1orga Morales, mujer, madre, amiga, investigadora y dirigente.<\/li>\n<li>La Educaci\u00f3n Avanzada de Paradigma a Teor\u00eda Educativa.<\/li>\n<li>La producci\u00f3n intelectual para el mejoramiento del capital humano.<\/li>\n<li>Las competencias profesionales, interrelaci\u00f3n de saberes.<\/li>\n<li>El desempe\u00f1o y el comportamiento humano. Premisas, principales problemas a resolver.<\/li>\n<li>Alternativas, figuras y tecnolog\u00edas de la Educaci\u00f3n Avanzada.<\/li>\n<li>La evaluaci\u00f3n de impacto.<\/li>\n<li>La educaci\u00f3n a distancia: una v\u00eda para el aprendizaje.<\/li>\n<li>La superaci\u00f3n, innovaci\u00f3n y el desarrollo sostenible.<\/li>\n<li>El papel del tutor. Retos y perspectivas.<\/li>\n<li>Fundamentos<\/li>\n<\/ul>\n","protected":false},"excerpt":{"rendered":"<p>Tema central: Julia A\u00f1orga Morales, vigencia y continuidad de su legado. Ejes tem\u00e1ticos: Julia A\u00f1orga Morales, mujer, madre, amiga, investigadora y dirigente. La Educaci\u00f3n Avanzada de Paradigma a Teor\u00eda Educativa. La producci\u00f3n intelectual para el mejoramiento del capital humano. Las competencias profesionales, interrelaci\u00f3n de saberes. El desempe\u00f1o y el comportamiento humano. Premisas, principales problemas a [&hellip;]<\/p>\n","protected":false},"author":3276,"featured_media":0,"parent":0,"menu_order":0,"comment_status":"closed","ping_status":"open","template":"sidebar-content.php","meta":[],"_links":{"self":[{"href":"https:\/\/promociondeeventos.sld.cu\/educavanzada2021\/index.php?rest_route=\/wp\/v2\/pages\/23"}],"collection":[{"href":"https:\/\/promociondeeventos.sld.cu\/educavanzada2021\/index.php?rest_route=\/wp\/v2\/pages"}],"about":[{"href":"https:\/\/promociondeeventos.sld.cu\/educavanzada2021\/index.php?rest_route=\/wp\/v2\/types\/page"}],"author":[{"embeddable":true,"href":"https:\/\/promociondeeventos.sld.cu\/educavanzada2021\/index.php?rest_route=\/wp\/v2\/users\/3276"}],"replies":[{"embeddable":true,"href":"https:\/\/promociondeeventos.sld.cu\/educavanzada2021\/index.php?rest_route=%2Fwp%2Fv2%2Fcomments&post=23"}],"version-history":[{"count":1,"href":"https:\/\/promociondeeventos.sld.cu\/educavanzada2021\/index.php?rest_route=\/wp\/v2\/pages\/23\/revisions"}],"predecessor-version":[{"id":24,"href":"https:\/\/promociondeeventos.sld.cu\/educavanzada2021\/index.php?rest_route=\/wp\/v2\/pages\/23\/revisions\/24"}],"wp:attachment":[{"href":"https:\/\/promociondeeventos.sld.cu\/educavanzada2021\/index.php?rest_route=%2Fwp%2Fv2%2Fmedia&parent=23"}],"curies":[{"name":"wp","href":"https:\/\/api.w.org\/{rel}","templated":true}]}}