{"id":11,"date":"2021-07-16T20:50:04","date_gmt":"2021-07-16T20:50:04","guid":{"rendered":"http:\/\/promociondeeventos.sld.cu\/educavanzada2021\/?page_id=11"},"modified":"2021-12-12T20:21:55","modified_gmt":"2021-12-12T20:21:55","slug":"programa","status":"publish","type":"page","link":"https:\/\/promociondeeventos.sld.cu\/educavanzada2021\/?page_id=11","title":{"rendered":"Programa"},"content":{"rendered":"<p><strong>1ra JORNADA CIENT\u00cdFICA VIRTUAL DE LA C\u00c1TEDRA DE EDUCACI\u00d3N AVANZADA \u00ab<\/strong><a href=\"https:\/\/www.ecured.cu\/Julia_Aurora_A%C3%B1orga_Morales\"><strong>JULIA A\u00d1ORGA MORALES<\/strong><\/a><strong>,<\/strong><strong> VIGENCIA Y CONTINUIDAD DE SU LEGADO\u201d<\/strong><\/p>\n<p><strong>PROGRAMA<\/strong><\/p>\n<p>Del 6 al 11 de diciembre 2021<\/p>\n<ol>\n<li><strong>Discusi\u00f3n de ponencias e intercambios libres en las salas relacionadas con<\/strong>:<\/li>\n<\/ol>\n<p><strong>Sala 1:<\/strong><\/p>\n<p>&#8211; Julia A\u00f1orga Morales, mujer, madre, amiga, investigadora y dirigente.<\/p>\n<p>&#8211; La Educaci\u00f3n Avanzada de Paradigma a Teor\u00eda Educativa.<\/p>\n<p>&#8211; Fundamentos.<\/p>\n<p><strong>Sala 2:<\/strong><\/p>\n<p>&#8211; Las competencias profesionales interrelaci\u00f3n entre saberes.<\/p>\n<p>&#8211; El desempe\u00f1o y el comportamiento humano, premisas, principales problemas a resolver.<\/p>\n<p>&#8211; La producci\u00f3n intelectual para el mejoramiento del capital humano.<\/p>\n<p>&#8211; Alternativas, figuras y tecnolog\u00edas de la Educaci\u00f3n Avanzada.<\/p>\n<p><strong>Sala 3:<\/strong><\/p>\n<p>&#8211; Evaluaci\u00f3n de impacto.<\/p>\n<p><strong>Sala 4:<\/strong><\/p>\n<p>&#8211; El papel del tutor. Retos y perspectivas.<\/p>\n<p><strong>Sala 5:<\/strong><\/p>\n<p>&#8211; La educaci\u00f3n a distancia: una v\u00eda para el aprendizaje.<\/p>\n<p>&#8211; La superaci\u00f3n, innovaci\u00f3n y el desarrollo sostenible.<\/p>\n<p><strong>2. Foros debate que permite intercambio entre los colegas participantes en la Jornada.<\/strong><\/p>\n","protected":false},"excerpt":{"rendered":"<p>1ra JORNADA CIENT\u00cdFICA VIRTUAL DE LA C\u00c1TEDRA DE EDUCACI\u00d3N AVANZADA \u00abJULIA A\u00d1ORGA MORALES, VIGENCIA Y CONTINUIDAD DE SU LEGADO\u201d PROGRAMA Del 6 al 11 de diciembre 2021 Discusi\u00f3n de ponencias e intercambios libres en las salas relacionadas con: Sala 1: &#8211; Julia A\u00f1orga Morales, mujer, madre, amiga, investigadora y dirigente. &#8211; La Educaci\u00f3n Avanzada de [&hellip;]<\/p>\n","protected":false},"author":3276,"featured_media":0,"parent":0,"menu_order":0,"comment_status":"closed","ping_status":"open","template":"sidebar-content.php","meta":[],"_links":{"self":[{"href":"https:\/\/promociondeeventos.sld.cu\/educavanzada2021\/index.php?rest_route=\/wp\/v2\/pages\/11"}],"collection":[{"href":"https:\/\/promociondeeventos.sld.cu\/educavanzada2021\/index.php?rest_route=\/wp\/v2\/pages"}],"about":[{"href":"https:\/\/promociondeeventos.sld.cu\/educavanzada2021\/index.php?rest_route=\/wp\/v2\/types\/page"}],"author":[{"embeddable":true,"href":"https:\/\/promociondeeventos.sld.cu\/educavanzada2021\/index.php?rest_route=\/wp\/v2\/users\/3276"}],"replies":[{"embeddable":true,"href":"https:\/\/promociondeeventos.sld.cu\/educavanzada2021\/index.php?rest_route=%2Fwp%2Fv2%2Fcomments&post=11"}],"version-history":[{"count":16,"href":"https:\/\/promociondeeventos.sld.cu\/educavanzada2021\/index.php?rest_route=\/wp\/v2\/pages\/11\/revisions"}],"predecessor-version":[{"id":129,"href":"https:\/\/promociondeeventos.sld.cu\/educavanzada2021\/index.php?rest_route=\/wp\/v2\/pages\/11\/revisions\/129"}],"wp:attachment":[{"href":"https:\/\/promociondeeventos.sld.cu\/educavanzada2021\/index.php?rest_route=%2Fwp%2Fv2%2Fmedia&parent=11"}],"curies":[{"name":"wp","href":"https:\/\/api.w.org\/{rel}","templated":true}]}}