{"id":6,"date":"2024-03-14T18:15:06","date_gmt":"2024-03-14T18:15:06","guid":{"rendered":"https:\/\/promociondeeventos.sld.cu\/ecografia2024\/?page_id=6"},"modified":"2024-03-14T18:15:14","modified_gmt":"2024-03-14T18:15:14","slug":"convocatoria","status":"publish","type":"page","link":"https:\/\/promociondeeventos.sld.cu\/ecografia2024\/","title":{"rendered":"Convocatoria"},"content":{"rendered":"<p>La convocatoria del presente curso nace en la necesidad de fortalecer y generalizar el uso de la ecograf\u00eda como herramienta\u00a0 segura y fiable que aumenta la capacidad diagnostica y mejora la toma de decisiones de los profesionales de la medicina en cualquier \u00e1mbito de ejercicio. En este se abordar\u00e1n aspectos relacionados con el uso de esta t\u00e9cnica en el \u00e1mbito de las enfermedades infecciosas incluyendo enfermedades tropicales. El curso avala el papel imprescindible de la ultrasonograf\u00eda en los programas de formaci\u00f3n de los m\u00e9dicos asistenciales.<\/p>\n","protected":false},"excerpt":{"rendered":"<p>La convocatoria del presente curso nace en la necesidad de fortalecer y generalizar el uso de la ecograf\u00eda como herramienta\u00a0 segura y fiable que aumenta la capacidad diagnostica y mejora la toma de decisiones de los profesionales de la medicina en cualquier \u00e1mbito de ejercicio. En este se abordar\u00e1n aspectos relacionados con el uso de [&hellip;]<\/p>\n","protected":false},"author":3205,"featured_media":0,"parent":0,"menu_order":0,"comment_status":"closed","ping_status":"closed","template":"","meta":[],"_links":{"self":[{"href":"https:\/\/promociondeeventos.sld.cu\/ecografia2024\/wp-json\/wp\/v2\/pages\/6"}],"collection":[{"href":"https:\/\/promociondeeventos.sld.cu\/ecografia2024\/wp-json\/wp\/v2\/pages"}],"about":[{"href":"https:\/\/promociondeeventos.sld.cu\/ecografia2024\/wp-json\/wp\/v2\/types\/page"}],"author":[{"embeddable":true,"href":"https:\/\/promociondeeventos.sld.cu\/ecografia2024\/wp-json\/wp\/v2\/users\/3205"}],"replies":[{"embeddable":true,"href":"https:\/\/promociondeeventos.sld.cu\/ecografia2024\/wp-json\/wp\/v2\/comments?post=6"}],"version-history":[{"count":1,"href":"https:\/\/promociondeeventos.sld.cu\/ecografia2024\/wp-json\/wp\/v2\/pages\/6\/revisions"}],"predecessor-version":[{"id":7,"href":"https:\/\/promociondeeventos.sld.cu\/ecografia2024\/wp-json\/wp\/v2\/pages\/6\/revisions\/7"}],"wp:attachment":[{"href":"https:\/\/promociondeeventos.sld.cu\/ecografia2024\/wp-json\/wp\/v2\/media?parent=6"}],"curies":[{"name":"wp","href":"https:\/\/api.w.org\/{rel}","templated":true}]}}