{"id":2,"date":"2024-09-16T20:16:02","date_gmt":"2024-09-16T20:16:02","guid":{"rendered":"https:\/\/promociondeeventos.sld.cu\/diagleptobruce2024\/?page_id=2"},"modified":"2024-09-17T05:45:10","modified_gmt":"2024-09-17T05:45:10","slug":"pagina-ejemplo","status":"publish","type":"page","link":"https:\/\/promociondeeventos.sld.cu\/diagleptobruce2024\/","title":{"rendered":"Convocatoria"},"content":{"rendered":"<p style=\"text-align: justify;\">Las zoonosis son un grupo complejo de enfermedades causadas por una diversidad de microorganismos pat\u00f3genos con variados ciclos biol\u00f3gicos y modos de diseminaci\u00f3n que com\u00fanmente residen y causan infecciones en animales incluyendo los humanos. Estas entidades cl\u00ednicas son responsables de que cada a\u00f1o enfermen alrededor de 2 500 millones de individuos en todo el mundo y que de estos fallezcan 2,7 millones. Los agentes infecciosos que las causan incluyen bacterias, virus, par\u00e1sitos y hongos. La leptospirosis, enfermedad sist\u00e9mica, febril y aguda, se considera un problema de salud mundial por su potencial epid\u00e9mico, principalmente despu\u00e9s de cat\u00e1strofes naturales.\u00a0 El Instituto de Medicina Tropical \u201cPedro Kour\u00ed\u201d (IPK) y\u00a0 la Sociedad Cubana de Microbiolog\u00eda y Parasitolog\u00eda le invitan a participar en el Taller provincial sobre diagn\u00f3stico de Leptospirosis y Brucelosis humana del 30 de septiembre al 4 de octubre de 2024<\/p>\r\n","protected":false},"excerpt":{"rendered":"<p>Las zoonosis son un grupo complejo de enfermedades causadas por una diversidad de microorganismos pat\u00f3genos con variados ciclos biol\u00f3gicos y modos de diseminaci\u00f3n que com\u00fanmente residen y causan infecciones en animales incluyendo los humanos. Estas entidades cl\u00ednicas son responsables de que cada a\u00f1o enfermen alrededor de 2 500 millones de individuos en todo el mundo [&hellip;]<\/p>\n","protected":false},"author":3257,"featured_media":0,"parent":0,"menu_order":0,"comment_status":"closed","ping_status":"open","template":"","meta":[],"_links":{"self":[{"href":"https:\/\/promociondeeventos.sld.cu\/diagleptobruce2024\/wp-json\/wp\/v2\/pages\/2"}],"collection":[{"href":"https:\/\/promociondeeventos.sld.cu\/diagleptobruce2024\/wp-json\/wp\/v2\/pages"}],"about":[{"href":"https:\/\/promociondeeventos.sld.cu\/diagleptobruce2024\/wp-json\/wp\/v2\/types\/page"}],"author":[{"embeddable":true,"href":"https:\/\/promociondeeventos.sld.cu\/diagleptobruce2024\/wp-json\/wp\/v2\/users\/3257"}],"replies":[{"embeddable":true,"href":"https:\/\/promociondeeventos.sld.cu\/diagleptobruce2024\/wp-json\/wp\/v2\/comments?post=2"}],"version-history":[{"count":2,"href":"https:\/\/promociondeeventos.sld.cu\/diagleptobruce2024\/wp-json\/wp\/v2\/pages\/2\/revisions"}],"predecessor-version":[{"id":43,"href":"https:\/\/promociondeeventos.sld.cu\/diagleptobruce2024\/wp-json\/wp\/v2\/pages\/2\/revisions\/43"}],"wp:attachment":[{"href":"https:\/\/promociondeeventos.sld.cu\/diagleptobruce2024\/wp-json\/wp\/v2\/media?parent=2"}],"curies":[{"name":"wp","href":"https:\/\/api.w.org\/{rel}","templated":true}]}}