{"id":24,"date":"2024-08-07T02:14:29","date_gmt":"2024-08-07T02:14:29","guid":{"rendered":"https:\/\/promociondeeventos.sld.cu\/dermatologia2024\/?page_id=24"},"modified":"2024-08-07T02:14:29","modified_gmt":"2024-08-07T02:14:29","slug":"normas-de-presentacion","status":"publish","type":"page","link":"https:\/\/promociondeeventos.sld.cu\/dermatologia2024\/normas-de-presentacion\/","title":{"rendered":"Normas de presentaci\u00f3n"},"content":{"rendered":"<p><strong>NORMAS PARA LA PRESENTACI\u00d3N DE LOS TEMAS LIBRES<\/strong><\/p>\n<p><strong>Los ponentes cuyos trabajos sean aceptados para presentar en la modalidad de tema libre, deber\u00e1n acogerse a las especificaciones que en el presente documento se describen.<\/strong><\/p>\n<ul>\n<li>Herramienta de creaci\u00f3n: Microsoft Word<\/li>\n<\/ul>\n<ul>\n<li>En la <strong>primera hoja<\/strong> aparecer\u00e1 el t\u00edtulo del trabajo, los nombres completos y afiliaciones de los autores, y sus correos electr\u00f3nicos. El t\u00edtulo no debe ser mayor de quince (15) palabras.<\/li>\n<li>S\u00f3lo se aceptar\u00e1n hasta seis (6) autores por cada trabajo. Los nombres y afiliaciones de los autores (Instituci\u00f3n, Provincia o Ciudad, Pa\u00eds), y correos electr\u00f3nicos es importante que queden bien expl\u00edcitos, pues se tomar\u00e1n para la emisi\u00f3n de los certificados y documentaci\u00f3n del evento.<\/li>\n<li>En la <strong>segunda hoja<\/strong> aparecer\u00e1 el <strong>resumen estructurado<\/strong> (no m\u00e1s de 250 palabras). En la pr\u00f3xima hoja la <strong>introducci\u00f3n, que contenga los objetivos del trabajo, <\/strong>posteriormente el <strong>dise\u00f1o metodol\u00f3gico<\/strong>, <strong>resultados y discusi\u00f3n, conclusiones<\/strong> del trabajo, y <strong>referencias bibliogr\u00e1ficas.<\/strong><\/li>\n<\/ul>\n<ul>\n<li>Tipos de letra recomendados: Legibles y sencillas; se recomienda el uso de \u201cArial\u201d, por ser tipograf\u00edas de f\u00e1cil lectura a diferentes resoluciones.<\/li>\n<li>Tama\u00f1os de letra: En general, se deber\u00eda utilizar un tama\u00f1o de 12 puntos en los textos.<\/li>\n<li>Ilustraciones: No existe ninguna limitaci\u00f3n al respecto en cuanto al tama\u00f1o final de las ilustraciones, salvo que sea visible.<\/li>\n<\/ul>\n<p><strong>NORMAS PARA LA ELABORACI\u00d3N DE LOS POSTER<\/strong><\/p>\n<p><strong>Los ponentes cuyos trabajos sean aceptados para presentar en la modalidad de poster, deber\u00e1n acogerse a las especificaciones que en el presente documento se describen.<\/strong><\/p>\n<p>Especificaciones t\u00e9cnicas<\/p>\n<ul>\n<li>Herramienta de creaci\u00f3n: Microsoft PowerPoint<\/li>\n<\/ul>\n<p>Para el correcto dise\u00f1o de los carteles, deben seguirse los pasos que se detallan a continuaci\u00f3n:<\/p>\n<ul>\n<li>Iniciar Microsoft PowerPoint. Abrir el cuadro de di\u00e1logo \u201cConfigurar p\u00e1gina\u201d. Para ello, hacer click en el men\u00fa \u201cArchivo\u201d y seleccionar la opci\u00f3n \u201cConfigurar P\u00e1gina\u201d. Si se dispone de PowerPoint 2007, hacer click en la pesta\u00f1a \u201cDise\u00f1o\u201d y despu\u00e9s en \u201cConfigurar P\u00e1gina\u201d<\/li>\n<li>En esta ventana se indicar\u00e1n las dimensiones del poster especificadas, 66 cm de ancho por 50 cm de alto.<\/li>\n<li>Una vez realizadas estas operaciones se puede comenzar a dise\u00f1ar el poster de la manera que lo considere m\u00e1s conveniente. Toda la presentaci\u00f3n deber\u00e1 quedar expuesta en una sola diapositiva.<\/li>\n<\/ul>\n<ul>\n<li>Solo se aceptaran hasta seis autores por trabajo.<\/li>\n<li>Tipos de letra recomendados: Legibles y sencillas; se recomienda el uso de \u201cArial\u201d, \u201cTahoma\u201d, \u201cVerdana\u201d por ser tipograf\u00edas de f\u00e1cil lectura a diferentes resoluciones.<\/li>\n<li>Tama\u00f1os de letra: En general, se deber\u00eda utilizar un tama\u00f1o m\u00ednimo de 28 puntos en los textos del cartel. En determinados casos en los que deba aparecer letra peque\u00f1a, su tama\u00f1o m\u00ednimo deber\u00e1 ser de 24 puntos para asegurar la legibilidad de la misma, siempre y cuando se utilicen las tipograf\u00edas especificadas en el p\u00e1rrafo anterior. Para los t\u00edtulos puede utilizarse letra en tama\u00f1o 36 puntos o superior.<\/li>\n<li>Ilustraciones: No existe ninguna limitaci\u00f3n al respecto en cuanto al tama\u00f1o final de las ilustraciones a incrustar en los poster, salvo que sea visible. Debe velar porque cualquier texto que en ellas aparezca, no presente un tama\u00f1o de letra inferior a 24 puntos ya que podr\u00eda no visualizarse correctamente en la pantalla del Taller.<\/li>\n<li>Con el fin de conseguir la m\u00e1xima legibilidad en las comunicaciones, se recomienda que se introduzcan textos breves, claros y concisos y se eviten introducir p\u00e1rrafos con letra peque\u00f1a, as\u00ed como fondos demasiado fuertes (si se introducen im\u00e1genes a modo de \u201cmarca de agua\u201d, estas deber\u00e1n estar suavizadas para que el texto sea legible sobre las mismas).<\/li>\n<\/ul>\n<p>&nbsp;<\/p>\n","protected":false},"excerpt":{"rendered":"<p>NORMAS PARA LA PRESENTACI\u00d3N DE LOS TEMAS LIBRES Los ponentes cuyos trabajos sean aceptados para presentar en la modalidad de tema libre, deber\u00e1n acogerse a las especificaciones que en el presente documento se describen. Herramienta de creaci\u00f3n: Microsoft Word En la primera hoja aparecer\u00e1 el t\u00edtulo del trabajo, los nombres completos y afiliaciones de los [&hellip;]<\/p>\n","protected":false},"author":3205,"featured_media":0,"parent":0,"menu_order":0,"comment_status":"closed","ping_status":"closed","template":"","meta":[],"_links":{"self":[{"href":"https:\/\/promociondeeventos.sld.cu\/dermatologia2024\/wp-json\/wp\/v2\/pages\/24"}],"collection":[{"href":"https:\/\/promociondeeventos.sld.cu\/dermatologia2024\/wp-json\/wp\/v2\/pages"}],"about":[{"href":"https:\/\/promociondeeventos.sld.cu\/dermatologia2024\/wp-json\/wp\/v2\/types\/page"}],"author":[{"embeddable":true,"href":"https:\/\/promociondeeventos.sld.cu\/dermatologia2024\/wp-json\/wp\/v2\/users\/3205"}],"replies":[{"embeddable":true,"href":"https:\/\/promociondeeventos.sld.cu\/dermatologia2024\/wp-json\/wp\/v2\/comments?post=24"}],"version-history":[{"count":1,"href":"https:\/\/promociondeeventos.sld.cu\/dermatologia2024\/wp-json\/wp\/v2\/pages\/24\/revisions"}],"predecessor-version":[{"id":25,"href":"https:\/\/promociondeeventos.sld.cu\/dermatologia2024\/wp-json\/wp\/v2\/pages\/24\/revisions\/25"}],"wp:attachment":[{"href":"https:\/\/promociondeeventos.sld.cu\/dermatologia2024\/wp-json\/wp\/v2\/media?parent=24"}],"curies":[{"name":"wp","href":"https:\/\/api.w.org\/{rel}","templated":true}]}}