{"id":22,"date":"2024-08-07T02:13:23","date_gmt":"2024-08-07T02:13:23","guid":{"rendered":"https:\/\/promociondeeventos.sld.cu\/dermatologia2024\/?page_id=22"},"modified":"2024-08-07T02:13:23","modified_gmt":"2024-08-07T02:13:23","slug":"programa","status":"publish","type":"page","link":"https:\/\/promociondeeventos.sld.cu\/dermatologia2024\/programa\/","title":{"rendered":"Programa"},"content":{"rendered":"<p>El programa cient\u00edfico comprende: Conferencias, Simposios, Comunicaciones orales, Mesas redondas, y Posters electr\u00f3nicos.<\/p>\n<p>Tanto en la modalidad presencial, como virtual, es requisito la presentaci\u00f3n de un trabajo como primer autor.<\/p>\n<p>Previo al evento, reconocidos profesionales cubanos y extranjeros impartir\u00e1n cursos pre congreso, que ser\u00e1n en la modalidad presencial.<\/p>\n<p>Estos cursos se efectuar\u00e1n el d\u00eda 31 de octubre e incluyen:<\/p>\n<ul>\n<li>Dermocosm\u00e9tica<\/li>\n<li>Dermatoscop\u00eda<\/li>\n<li>Cirug\u00eda Dermatol\u00f3gica<\/li>\n<li>L\u00e1ser en Dermatolog\u00eda<\/li>\n<\/ul>\n<p>En esta ocasi\u00f3n tambi\u00e9n contaremos con cursos post congreso, que se realizar\u00e1n en la modalidad virtual y tendr\u00e1n lugar una semana despu\u00e9s de concluido el evento principal.<\/p>\n<p><strong>Exposici\u00f3n Asociada<\/strong><\/p>\n<p>Paralelamente al evento se desarrollar\u00e1 una exposici\u00f3n cient\u00edfico comercial tanto en la modalidad presencial como virtual, en el cual las empresas, laboratorios y firmas especializadas dispondr\u00e1n de una ocasi\u00f3n excepcional para exponer sus medicamentos, productos, equipos y otros materiales afines a la tem\u00e1tica del evento.<\/p>\n","protected":false},"excerpt":{"rendered":"<p>El programa cient\u00edfico comprende: Conferencias, Simposios, Comunicaciones orales, Mesas redondas, y Posters electr\u00f3nicos. Tanto en la modalidad presencial, como virtual, es requisito la presentaci\u00f3n de un trabajo como primer autor. Previo al evento, reconocidos profesionales cubanos y extranjeros impartir\u00e1n cursos pre congreso, que ser\u00e1n en la modalidad presencial. Estos cursos se efectuar\u00e1n el d\u00eda 31 [&hellip;]<\/p>\n","protected":false},"author":3205,"featured_media":0,"parent":0,"menu_order":0,"comment_status":"closed","ping_status":"closed","template":"","meta":[],"_links":{"self":[{"href":"https:\/\/promociondeeventos.sld.cu\/dermatologia2024\/wp-json\/wp\/v2\/pages\/22"}],"collection":[{"href":"https:\/\/promociondeeventos.sld.cu\/dermatologia2024\/wp-json\/wp\/v2\/pages"}],"about":[{"href":"https:\/\/promociondeeventos.sld.cu\/dermatologia2024\/wp-json\/wp\/v2\/types\/page"}],"author":[{"embeddable":true,"href":"https:\/\/promociondeeventos.sld.cu\/dermatologia2024\/wp-json\/wp\/v2\/users\/3205"}],"replies":[{"embeddable":true,"href":"https:\/\/promociondeeventos.sld.cu\/dermatologia2024\/wp-json\/wp\/v2\/comments?post=22"}],"version-history":[{"count":1,"href":"https:\/\/promociondeeventos.sld.cu\/dermatologia2024\/wp-json\/wp\/v2\/pages\/22\/revisions"}],"predecessor-version":[{"id":23,"href":"https:\/\/promociondeeventos.sld.cu\/dermatologia2024\/wp-json\/wp\/v2\/pages\/22\/revisions\/23"}],"wp:attachment":[{"href":"https:\/\/promociondeeventos.sld.cu\/dermatologia2024\/wp-json\/wp\/v2\/media?parent=22"}],"curies":[{"name":"wp","href":"https:\/\/api.w.org\/{rel}","templated":true}]}}