{"id":8,"date":"2025-11-09T16:06:25","date_gmt":"2025-11-09T16:06:25","guid":{"rendered":"https:\/\/promociondeeventos.sld.cu\/dengue2026\/?page_id=8"},"modified":"2025-11-09T16:06:25","modified_gmt":"2025-11-09T16:06:25","slug":"objetivos","status":"publish","type":"page","link":"https:\/\/promociondeeventos.sld.cu\/dengue2026\/objetivos\/","title":{"rendered":"Objetivos"},"content":{"rendered":"<p>El objetivo del <strong>Curso <\/strong>es que los participantes (m\u00e9dicos, vir\u00f3logos, inmun\u00f3logos, soci\u00f3logos, epidemi\u00f3logos, entom\u00f3logos, administradores de salud, entre otros interesados en el tema), junto a profesores de prestigiosas\u00a0instituciones nacionales e internacionales\u00a0debatan los aspectos m\u00e1s relevantes y actuales de varias arbovirosis en especial Dengue, Chikungunya, Fiebre Amarilla, Zika, Oropouche y\u00a0 se actualice sobre emergencias potenciales como Mayaro<\/p>\n","protected":false},"excerpt":{"rendered":"<p>El objetivo del Curso es que los participantes (m\u00e9dicos, vir\u00f3logos, inmun\u00f3logos, soci\u00f3logos, epidemi\u00f3logos, entom\u00f3logos, administradores de salud, entre otros interesados en el tema), junto a profesores de prestigiosas\u00a0instituciones nacionales e internacionales\u00a0debatan los aspectos m\u00e1s relevantes y actuales de varias arbovirosis en especial Dengue, Chikungunya, Fiebre Amarilla, Zika, Oropouche y\u00a0 se actualice sobre emergencias potenciales como [&hellip;]<\/p>\n","protected":false},"author":4,"featured_media":0,"parent":0,"menu_order":0,"comment_status":"closed","ping_status":"closed","template":"","meta":[],"_links":{"self":[{"href":"https:\/\/promociondeeventos.sld.cu\/dengue2026\/wp-json\/wp\/v2\/pages\/8"}],"collection":[{"href":"https:\/\/promociondeeventos.sld.cu\/dengue2026\/wp-json\/wp\/v2\/pages"}],"about":[{"href":"https:\/\/promociondeeventos.sld.cu\/dengue2026\/wp-json\/wp\/v2\/types\/page"}],"author":[{"embeddable":true,"href":"https:\/\/promociondeeventos.sld.cu\/dengue2026\/wp-json\/wp\/v2\/users\/4"}],"replies":[{"embeddable":true,"href":"https:\/\/promociondeeventos.sld.cu\/dengue2026\/wp-json\/wp\/v2\/comments?post=8"}],"version-history":[{"count":1,"href":"https:\/\/promociondeeventos.sld.cu\/dengue2026\/wp-json\/wp\/v2\/pages\/8\/revisions"}],"predecessor-version":[{"id":9,"href":"https:\/\/promociondeeventos.sld.cu\/dengue2026\/wp-json\/wp\/v2\/pages\/8\/revisions\/9"}],"wp:attachment":[{"href":"https:\/\/promociondeeventos.sld.cu\/dengue2026\/wp-json\/wp\/v2\/media?parent=8"}],"curies":[{"name":"wp","href":"https:\/\/api.w.org\/{rel}","templated":true}]}}