{"id":59,"date":"2025-11-10T16:52:43","date_gmt":"2025-11-10T16:52:43","guid":{"rendered":"https:\/\/promociondeeventos.sld.cu\/dengue2026\/?page_id=59"},"modified":"2025-11-10T16:52:43","modified_gmt":"2025-11-10T16:52:43","slug":"idiomas-oficiales","status":"publish","type":"page","link":"https:\/\/promociondeeventos.sld.cu\/dengue2026\/idiomas-oficiales\/","title":{"rendered":"Idiomas oficiales"},"content":{"rendered":"<p><span style=\"font-family: 'Arial',sans-serif\">Los idiomas oficiales del <b>Curso<\/b> son el Espa\u00f1ol y el Ingl\u00e9s. Se dispondr\u00e1 de traducci\u00f3n simult\u00e1nea en ambos idiomas durante las actividades te\u00f3ricas (primera semana, 17 al 21 de agosto).<\/span><\/p>\n","protected":false},"excerpt":{"rendered":"<p>Los idiomas oficiales del Curso son el Espa\u00f1ol y el Ingl\u00e9s. Se dispondr\u00e1 de traducci\u00f3n simult\u00e1nea en ambos idiomas durante las actividades te\u00f3ricas (primera semana, 17 al 21 de agosto).<\/p>\n","protected":false},"author":3257,"featured_media":0,"parent":0,"menu_order":0,"comment_status":"closed","ping_status":"closed","template":"","meta":[],"_links":{"self":[{"href":"https:\/\/promociondeeventos.sld.cu\/dengue2026\/wp-json\/wp\/v2\/pages\/59"}],"collection":[{"href":"https:\/\/promociondeeventos.sld.cu\/dengue2026\/wp-json\/wp\/v2\/pages"}],"about":[{"href":"https:\/\/promociondeeventos.sld.cu\/dengue2026\/wp-json\/wp\/v2\/types\/page"}],"author":[{"embeddable":true,"href":"https:\/\/promociondeeventos.sld.cu\/dengue2026\/wp-json\/wp\/v2\/users\/3257"}],"replies":[{"embeddable":true,"href":"https:\/\/promociondeeventos.sld.cu\/dengue2026\/wp-json\/wp\/v2\/comments?post=59"}],"version-history":[{"count":1,"href":"https:\/\/promociondeeventos.sld.cu\/dengue2026\/wp-json\/wp\/v2\/pages\/59\/revisions"}],"predecessor-version":[{"id":60,"href":"https:\/\/promociondeeventos.sld.cu\/dengue2026\/wp-json\/wp\/v2\/pages\/59\/revisions\/60"}],"wp:attachment":[{"href":"https:\/\/promociondeeventos.sld.cu\/dengue2026\/wp-json\/wp\/v2\/media?parent=59"}],"curies":[{"name":"wp","href":"https:\/\/api.w.org\/{rel}","templated":true}]}}