{"id":56,"date":"2025-11-10T16:50:39","date_gmt":"2025-11-10T16:50:39","guid":{"rendered":"https:\/\/promociondeeventos.sld.cu\/dengue2026\/?page_id=56"},"modified":"2025-11-10T17:35:07","modified_gmt":"2025-11-10T17:35:07","slug":"organizacion-del-curso","status":"publish","type":"page","link":"https:\/\/promociondeeventos.sld.cu\/dengue2026\/organizacion-del-curso\/","title":{"rendered":"Organizaci\u00f3n del Curso"},"content":{"rendered":"<ul>\n<li>El Curso est\u00e1 estructurado en una secci\u00f3n te\u00f3rica y otra pr\u00e1ctica. La secci\u00f3n te\u00f3rica se desarrollar\u00e1 durante la primera semana (17 al 21 de agosto) y la pr\u00e1ctica durante la segunda (24 al 28 de agosto). En la secci\u00f3n te\u00f3rica, se han programado conferencias, mesas redondas y simposios. En la secci\u00f3n pr\u00e1ctica los participantes podr\u00e1n \u00a0integrarse a uno de los 5 grupos de pr\u00e1cticas, seg\u00fan su perfil de inter\u00e9s: cl\u00ednica-patolog\u00eda, entomolog\u00eda-control del vector, epidemiolog\u00eda, determinantes sociales y participaci\u00f3n comunitaria y\u00a0 virolog\u00eda\/inmunolog\u00eda.<\/li>\n<\/ul>\n<p><strong>\u00a0<\/strong><\/p>\n","protected":false},"excerpt":{"rendered":"<p>El Curso est\u00e1 estructurado en una secci\u00f3n te\u00f3rica y otra pr\u00e1ctica. La secci\u00f3n te\u00f3rica se desarrollar\u00e1 durante la primera semana (17 al 21 de agosto) y la pr\u00e1ctica durante la segunda (24 al 28 de agosto). En la secci\u00f3n te\u00f3rica, se han programado conferencias, mesas redondas y simposios. En la secci\u00f3n pr\u00e1ctica los participantes podr\u00e1n [&hellip;]<\/p>\n","protected":false},"author":3257,"featured_media":0,"parent":0,"menu_order":0,"comment_status":"closed","ping_status":"closed","template":"","meta":[],"_links":{"self":[{"href":"https:\/\/promociondeeventos.sld.cu\/dengue2026\/wp-json\/wp\/v2\/pages\/56"}],"collection":[{"href":"https:\/\/promociondeeventos.sld.cu\/dengue2026\/wp-json\/wp\/v2\/pages"}],"about":[{"href":"https:\/\/promociondeeventos.sld.cu\/dengue2026\/wp-json\/wp\/v2\/types\/page"}],"author":[{"embeddable":true,"href":"https:\/\/promociondeeventos.sld.cu\/dengue2026\/wp-json\/wp\/v2\/users\/3257"}],"replies":[{"embeddable":true,"href":"https:\/\/promociondeeventos.sld.cu\/dengue2026\/wp-json\/wp\/v2\/comments?post=56"}],"version-history":[{"count":3,"href":"https:\/\/promociondeeventos.sld.cu\/dengue2026\/wp-json\/wp\/v2\/pages\/56\/revisions"}],"predecessor-version":[{"id":85,"href":"https:\/\/promociondeeventos.sld.cu\/dengue2026\/wp-json\/wp\/v2\/pages\/56\/revisions\/85"}],"wp:attachment":[{"href":"https:\/\/promociondeeventos.sld.cu\/dengue2026\/wp-json\/wp\/v2\/media?parent=56"}],"curies":[{"name":"wp","href":"https:\/\/api.w.org\/{rel}","templated":true}]}}