{"id":18,"date":"2025-11-09T16:12:28","date_gmt":"2025-11-09T16:12:28","guid":{"rendered":"https:\/\/promociondeeventos.sld.cu\/dengue2026\/?page_id=18"},"modified":"2025-11-10T16:23:28","modified_gmt":"2025-11-10T16:23:28","slug":"fechas-importantes","status":"publish","type":"page","link":"https:\/\/promociondeeventos.sld.cu\/dengue2026\/fechas-importantes\/","title":{"rendered":"Fechas importantes"},"content":{"rendered":"<p>Fecha de\u00a0\u00a0 Inicio y fin de recepci\u00f3n de trabajos<\/p>\n<p>03\/1\/2026 \u2013 17\/07\/2026<\/p>\n<p><strong>Fechas Importantes<\/strong><\/p>\n<ul>\n<li><strong>Recepci\u00f3n de solicitudes a partir del 10 de enero hasta el <\/strong>28 de julio de 2026 al email: <a href=\"mailto:cursodengue@ipk.sld.cu\">cursodengue@ipk.sld.cu<\/a><\/li>\n<\/ul>\n<ul>\n<li><strong>Publicaci\u00f3n del programa final: <\/strong>07 de agosto 2026<\/li>\n<\/ul>\n<ul>\n<li><strong>Notificaci\u00f3n de aceptaci\u00f3n de matr\u00edcula:<\/strong> hasta el 07 de agosto de 2026.<\/li>\n<li><strong>Pago desde el exterior:<\/strong> hasta el 7 de agosto de 2026<\/li>\n<li><strong>Impartici\u00f3n de los Cursos<\/strong>: 17 al 28 de agosto de 2026<\/li>\n<\/ul>\n","protected":false},"excerpt":{"rendered":"<p>Fecha de\u00a0\u00a0 Inicio y fin de recepci\u00f3n de trabajos 03\/1\/2026 \u2013 17\/07\/2026 Fechas Importantes Recepci\u00f3n de solicitudes a partir del 10 de enero hasta el 28 de julio de 2026 al email: cursodengue@ipk.sld.cu Publicaci\u00f3n del programa final: 07 de agosto 2026 Notificaci\u00f3n de aceptaci\u00f3n de matr\u00edcula: hasta el 07 de agosto de 2026. Pago desde [&hellip;]<\/p>\n","protected":false},"author":4,"featured_media":0,"parent":0,"menu_order":0,"comment_status":"closed","ping_status":"closed","template":"","meta":[],"_links":{"self":[{"href":"https:\/\/promociondeeventos.sld.cu\/dengue2026\/wp-json\/wp\/v2\/pages\/18"}],"collection":[{"href":"https:\/\/promociondeeventos.sld.cu\/dengue2026\/wp-json\/wp\/v2\/pages"}],"about":[{"href":"https:\/\/promociondeeventos.sld.cu\/dengue2026\/wp-json\/wp\/v2\/types\/page"}],"author":[{"embeddable":true,"href":"https:\/\/promociondeeventos.sld.cu\/dengue2026\/wp-json\/wp\/v2\/users\/4"}],"replies":[{"embeddable":true,"href":"https:\/\/promociondeeventos.sld.cu\/dengue2026\/wp-json\/wp\/v2\/comments?post=18"}],"version-history":[{"count":3,"href":"https:\/\/promociondeeventos.sld.cu\/dengue2026\/wp-json\/wp\/v2\/pages\/18\/revisions"}],"predecessor-version":[{"id":46,"href":"https:\/\/promociondeeventos.sld.cu\/dengue2026\/wp-json\/wp\/v2\/pages\/18\/revisions\/46"}],"wp:attachment":[{"href":"https:\/\/promociondeeventos.sld.cu\/dengue2026\/wp-json\/wp\/v2\/media?parent=18"}],"curies":[{"name":"wp","href":"https:\/\/api.w.org\/{rel}","templated":true}]}}