{"id":16,"date":"2025-11-09T16:11:22","date_gmt":"2025-11-09T16:11:22","guid":{"rendered":"https:\/\/promociondeeventos.sld.cu\/dengue2026\/?page_id=16"},"modified":"2025-11-17T18:08:39","modified_gmt":"2025-11-17T18:08:39","slug":"tematicas","status":"publish","type":"page","link":"https:\/\/promociondeeventos.sld.cu\/dengue2026\/tematicas\/","title":{"rendered":"Tem\u00e1ticas"},"content":{"rendered":"<ul>\n<li>Dengue, Oropouche, Chikungunya y otros arbovirus emergentes.<\/li>\n<li>Enfoque UNA Salud para el enfrentamiento de las arbovirosis<\/li>\n<li>Plan de respuesta y coordinaci\u00f3n intersectorial a emergencias de arbovirus.<\/li>\n<li>Vigilancia integrada en el contexto de co-circulaci\u00f3n de dengue, chikungunya y ropouche.<\/li>\n<li>Genoma, estructura y replicaci\u00f3n de los flavivirus y orthobunyavirus<\/li>\n<li>Algoritmos diagn\u00f3sticos y vigilancia de laboratorio de arbovirus.<\/li>\n<li>Vigilancia gen\u00f3mica de arbovirus<\/li>\n<li>Arbovirosis: Cuadro cl\u00ednico y patolog\u00eda. Diagn\u00f3stico diferencial y manejo cl\u00ednico, con \u00e9nfasis en Dengue, Oropouche y Chikungunya.<\/li>\n<li>Interacci\u00f3n hospedero-hu\u00e9sped.<\/li>\n<li>Patogenia y pato fisiolog\u00eda del dengue.<\/li>\n<li>Modelos de predicci\u00f3n: OMICS e Inteligencia artificial.<\/li>\n<li>Respuesta inmune.<\/li>\n<li>Avances en vacunas para el control de arbovirus.<\/li>\n<li>Ecolog\u00eda de <em>Cul\u00edcidos y<\/em> <em>Culicoides<\/em> y la interacci\u00f3n con los arbovirus.<\/li>\n<li>Manejo integrado de vectores en el control de arbovirus.<\/li>\n<li>Vigilancia entomo-virol\u00f3gica como una herramienta novedosa para la vigilancia integrada.<\/li>\n<li>M\u00e9todos de trampeo, control qu\u00edmico y biol\u00f3gico, vigilancia entomol\u00f3gica, aplicaci\u00f3n, mecanismos de resistencia a los insecticidas y nuevas herramientas para el control de <em>Ae. Aegypti<\/em>.<\/li>\n<li>La comunidad en el control del <em>Aedes aegypti<\/em>.<\/li>\n<li>Intersectorialidad en el enfrentamiento y prevenci\u00f3n de las arbovirosis.<\/li>\n<li>Costo\/efectividad en el control del Dengue.<\/li>\n<li>Biolog\u00eda de la interacci\u00f3n de los arbovirus en el mosquito.<\/li>\n<li>Sistemas de Alerta temprana para Arbovirus transmitidos por mosquitos del genero Aedes<\/li>\n<li>Determinantes sociales en la transmisi\u00f3n del Dengue, Zika, Chikungunya y Oropouche.<\/li>\n<li>Efectividad de las intervenciones dirigidas a puntos calientes de transmisi\u00f3n de dengue<\/li>\n<li>Movilidad poblacional en la dispersi\u00f3n y solapamiento de epidemias. Nuevas evidencias<\/li>\n<li>El cambio clim\u00e1tico y su influencia en la emergencia de los arbovirus.<\/li>\n<li>Iniciativas globales y regionales para el control de las arbovirosis<\/li>\n<li>Prioridades de investigaci\u00f3n<\/li>\n<\/ul>\n","protected":false},"excerpt":{"rendered":"<p>Dengue, Oropouche, Chikungunya y otros arbovirus emergentes. Enfoque UNA Salud para el enfrentamiento de las arbovirosis Plan de respuesta y coordinaci\u00f3n intersectorial a emergencias de arbovirus. Vigilancia integrada en el contexto de co-circulaci\u00f3n de dengue, chikungunya y ropouche. Genoma, estructura y replicaci\u00f3n de los flavivirus y orthobunyavirus Algoritmos diagn\u00f3sticos y vigilancia de laboratorio de arbovirus. [&hellip;]<\/p>\n","protected":false},"author":4,"featured_media":0,"parent":0,"menu_order":0,"comment_status":"closed","ping_status":"closed","template":"","meta":[],"_links":{"self":[{"href":"https:\/\/promociondeeventos.sld.cu\/dengue2026\/wp-json\/wp\/v2\/pages\/16"}],"collection":[{"href":"https:\/\/promociondeeventos.sld.cu\/dengue2026\/wp-json\/wp\/v2\/pages"}],"about":[{"href":"https:\/\/promociondeeventos.sld.cu\/dengue2026\/wp-json\/wp\/v2\/types\/page"}],"author":[{"embeddable":true,"href":"https:\/\/promociondeeventos.sld.cu\/dengue2026\/wp-json\/wp\/v2\/users\/4"}],"replies":[{"embeddable":true,"href":"https:\/\/promociondeeventos.sld.cu\/dengue2026\/wp-json\/wp\/v2\/comments?post=16"}],"version-history":[{"count":2,"href":"https:\/\/promociondeeventos.sld.cu\/dengue2026\/wp-json\/wp\/v2\/pages\/16\/revisions"}],"predecessor-version":[{"id":89,"href":"https:\/\/promociondeeventos.sld.cu\/dengue2026\/wp-json\/wp\/v2\/pages\/16\/revisions\/89"}],"wp:attachment":[{"href":"https:\/\/promociondeeventos.sld.cu\/dengue2026\/wp-json\/wp\/v2\/media?parent=16"}],"curies":[{"name":"wp","href":"https:\/\/api.w.org\/{rel}","templated":true}]}}