{"id":14,"date":"2025-11-09T16:10:14","date_gmt":"2025-11-09T16:10:14","guid":{"rendered":"https:\/\/promociondeeventos.sld.cu\/dengue2026\/?page_id=14"},"modified":"2025-12-01T14:21:24","modified_gmt":"2025-12-01T14:21:24","slug":"organizan-y-auspician","status":"publish","type":"page","link":"https:\/\/promociondeeventos.sld.cu\/dengue2026\/organizan-y-auspician\/","title":{"rendered":"Organizan y Auspician"},"content":{"rendered":"<ul>\n<li>Instituto de Medicina Tropical \u00abPedro Kour\u00ed\u00bb (IPK)<\/li>\n<li>Sociedad Cubana de Microbiolog\u00eda y Parasitolog\u00eda (SCMP)<\/li>\n<li>Ministerio de Salud P\u00fablica de la Rep\u00fablica de Cuba (MINSAP)<\/li>\n<li>Organizaci\u00f3n Panamericana de la Salud (OPS)\/Organizaci\u00f3n Mundial de la Salud (OMS)<\/li>\n<li>MNT (Malaria and Neglected Tropical Diseases Department), WHO HQ<\/li>\n<li>Instituto de Medicina Tropical, Belgica<\/li>\n<\/ul>\n","protected":false},"excerpt":{"rendered":"<p>Instituto de Medicina Tropical \u00abPedro Kour\u00ed\u00bb (IPK) Sociedad Cubana de Microbiolog\u00eda y Parasitolog\u00eda (SCMP) Ministerio de Salud P\u00fablica de la Rep\u00fablica de Cuba (MINSAP) Organizaci\u00f3n Panamericana de la Salud (OPS)\/Organizaci\u00f3n Mundial de la Salud (OMS) MNT (Malaria and Neglected Tropical Diseases Department), WHO HQ Instituto de Medicina Tropical, Belgica<\/p>\n","protected":false},"author":4,"featured_media":0,"parent":0,"menu_order":0,"comment_status":"closed","ping_status":"closed","template":"","meta":[],"_links":{"self":[{"href":"https:\/\/promociondeeventos.sld.cu\/dengue2026\/wp-json\/wp\/v2\/pages\/14"}],"collection":[{"href":"https:\/\/promociondeeventos.sld.cu\/dengue2026\/wp-json\/wp\/v2\/pages"}],"about":[{"href":"https:\/\/promociondeeventos.sld.cu\/dengue2026\/wp-json\/wp\/v2\/types\/page"}],"author":[{"embeddable":true,"href":"https:\/\/promociondeeventos.sld.cu\/dengue2026\/wp-json\/wp\/v2\/users\/4"}],"replies":[{"embeddable":true,"href":"https:\/\/promociondeeventos.sld.cu\/dengue2026\/wp-json\/wp\/v2\/comments?post=14"}],"version-history":[{"count":2,"href":"https:\/\/promociondeeventos.sld.cu\/dengue2026\/wp-json\/wp\/v2\/pages\/14\/revisions"}],"predecessor-version":[{"id":123,"href":"https:\/\/promociondeeventos.sld.cu\/dengue2026\/wp-json\/wp\/v2\/pages\/14\/revisions\/123"}],"wp:attachment":[{"href":"https:\/\/promociondeeventos.sld.cu\/dengue2026\/wp-json\/wp\/v2\/media?parent=14"}],"curies":[{"name":"wp","href":"https:\/\/api.w.org\/{rel}","templated":true}]}}