{"id":12,"date":"2025-11-09T16:09:00","date_gmt":"2025-11-09T16:09:00","guid":{"rendered":"https:\/\/promociondeeventos.sld.cu\/dengue2026\/?page_id=12"},"modified":"2025-11-10T16:21:22","modified_gmt":"2025-11-10T16:21:22","slug":"comite-cientifico","status":"publish","type":"page","link":"https:\/\/promociondeeventos.sld.cu\/dengue2026\/comite-cientifico\/","title":{"rendered":"Comit\u00e9 Cient\u00edfico"},"content":{"rendered":"<p><strong>Presidenta:<\/strong><\/p>\n<p>Dra. Mar\u00eda G. Guzm\u00e1n, MD, PhD, Dr Scs, Investigadora de M\u00e9rito, Profesora Titular y Consultante, \u00a0<a href=\"mailto:lupe@ipk.sld.cu\">lupe@ipk.sld.cu<\/a><\/p>\n<p><strong>Miembros:<\/strong><\/p>\n<ul>\n<li>Dra. Ana Beatriz P\u00e9rez, PhD, Investigadora y Profesora Titular,\u00a0<a href=\"mailto:anab@ipk.sld.cu\">anab@ipk.sld.cu<\/a><\/li>\n<li>Dra. Mayling Alvarez,\u00a0 PhD, Investigadora y \u00a0Profesora Titular,\u00a0<a href=\"mailto:mayling@ipk.sld.cu\">mayling@ipk.sld.cu<\/a><\/li>\n<li>Lic\u00a0Ariamys Companioni, MSc, Investigadora\u00a0Auxiliar y Profesora\u00a0Asistente,\u00a0<a href=\"mailto:ariamys@ipk.sld.cu\">ariamys@ipk.sld.cu<\/a><\/li>\n<li>Lic. Maureen Leyva, PhD, \u00a0Investigadora y Profesora titular <a href=\"mailto:maureen@ipk.sld.cu\">maureen@ipk.sld.cu<\/a><\/li>\n<li>Dr. Osvaldo Castro Peraza, Investigador Agregado y Profesor Auxiliar,\u00a0<a href=\"mailto:osvaldo@ipk.sld.cu\">osvaldo@ipk.sld.cu<\/a><\/li>\n<li>Dr. Daniel Gonzalez, PhD, Investigador Auxiliar, Profesor Titular <a href=\"mailto:daniel@ipk.sld.cu\">daniel@ipk.sld.cu<\/a><\/li>\n<li>Dra. Anabel Hernandez Ruiz, Profesora e Investigadora Titular <a href=\"mailto:anabel.hernandez@ipk.sld.cu\">anabel.hernandez@ipk.sld.cu<\/a><\/li>\n<li>Dra. Maria E. Toledo, PhD,\u00a0Investigadora y Profesora \u00a0Titular,\u00a0<a href=\"mailto:mariaeugenia@ipk.sld.cu\">mariaeugenia@ipk.sld.cu<\/a><\/li>\n<li>Dra. Dennis P\u00e9rez, PhD,\u00a0 Investigadora y Profesora Titular,\u00a0<a href=\"mailto:dennis@ipk.sld.cu\">dennis@ipk.sld.cu<\/a><\/li>\n<\/ul>\n","protected":false},"excerpt":{"rendered":"<p>Presidenta: Dra. Mar\u00eda G. Guzm\u00e1n, MD, PhD, Dr Scs, Investigadora de M\u00e9rito, Profesora Titular y Consultante, \u00a0lupe@ipk.sld.cu Miembros: Dra. Ana Beatriz P\u00e9rez, PhD, Investigadora y Profesora Titular,\u00a0anab@ipk.sld.cu Dra. Mayling Alvarez,\u00a0 PhD, Investigadora y \u00a0Profesora Titular,\u00a0mayling@ipk.sld.cu Lic\u00a0Ariamys Companioni, MSc, Investigadora\u00a0Auxiliar y Profesora\u00a0Asistente,\u00a0ariamys@ipk.sld.cu Lic. Maureen Leyva, PhD, \u00a0Investigadora y Profesora titular maureen@ipk.sld.cu Dr. Osvaldo Castro Peraza, Investigador [&hellip;]<\/p>\n","protected":false},"author":4,"featured_media":0,"parent":0,"menu_order":0,"comment_status":"closed","ping_status":"closed","template":"","meta":[],"_links":{"self":[{"href":"https:\/\/promociondeeventos.sld.cu\/dengue2026\/wp-json\/wp\/v2\/pages\/12"}],"collection":[{"href":"https:\/\/promociondeeventos.sld.cu\/dengue2026\/wp-json\/wp\/v2\/pages"}],"about":[{"href":"https:\/\/promociondeeventos.sld.cu\/dengue2026\/wp-json\/wp\/v2\/types\/page"}],"author":[{"embeddable":true,"href":"https:\/\/promociondeeventos.sld.cu\/dengue2026\/wp-json\/wp\/v2\/users\/4"}],"replies":[{"embeddable":true,"href":"https:\/\/promociondeeventos.sld.cu\/dengue2026\/wp-json\/wp\/v2\/comments?post=12"}],"version-history":[{"count":2,"href":"https:\/\/promociondeeventos.sld.cu\/dengue2026\/wp-json\/wp\/v2\/pages\/12\/revisions"}],"predecessor-version":[{"id":43,"href":"https:\/\/promociondeeventos.sld.cu\/dengue2026\/wp-json\/wp\/v2\/pages\/12\/revisions\/43"}],"wp:attachment":[{"href":"https:\/\/promociondeeventos.sld.cu\/dengue2026\/wp-json\/wp\/v2\/media?parent=12"}],"curies":[{"name":"wp","href":"https:\/\/api.w.org\/{rel}","templated":true}]}}