{"id":10,"date":"2025-11-09T16:07:50","date_gmt":"2025-11-09T16:07:50","guid":{"rendered":"https:\/\/promociondeeventos.sld.cu\/dengue2026\/?page_id=10"},"modified":"2026-01-21T14:01:37","modified_gmt":"2026-01-21T14:01:37","slug":"comite-organizador","status":"publish","type":"page","link":"https:\/\/promociondeeventos.sld.cu\/dengue2026\/comite-organizador\/","title":{"rendered":"Comit\u00e9 Organizador"},"content":{"rendered":"<p><strong>Presidentas<\/strong><\/p>\n<ul>\n<li>Dra. Maria G. Guzm\u00e1n, Investigadora de M\u00e9rito, Profesora Titular y Consultante, \u00a0<a href=\"mailto:lupe@ipk.sld.cu\">lupe@ipk.sld.cu<\/a><\/li>\n<li>Dra. Vivian Kour\u00ed, Investigadora de Merito y Profesora Titular, <a href=\"mailto:vkouri@ipk.sld.cu\">vkouri@ipk.sld.cu<\/a><\/li>\n<\/ul>\n<ul>\n<li>Lorena Vazquez, vicedirectora, MCs, Instructora, <a href=\"mailto:lorena.vazquez@ipk.sld.cu\">lorena.vazquez@ipk.sld.cu<\/a><\/li>\n<\/ul>\n<p><strong>Miembros<\/strong><\/p>\n<ul>\n<li>Dra. Anabel Hernandez Ruiz, Profesora e Investigadora Titular <a href=\"mailto:anabel.hernandez@ipk.sld.cu\">anabel.hernandez@ipk.sld.cu<\/a><\/li>\n<li>Lic. Dulce Torres Arencibia,\u00a0<a href=\"mailto:dulce@ipk.sld.cu\">dulce@ipk.sld.cu<\/a><\/li>\n<li>Ing. Pablo C\u00e1rdenas, <a href=\"mailto:pabloc@ipk.sld.cu\">pabloc@ipk.sld.cu<\/a><\/li>\n<li>Lic. Jos\u00e9 Rodr\u00edguez, <a href=\"mailto:jose.rodriguez@ipk.sld.cu\">jose.rodriguez@ipk.sld.cu<\/a><\/li>\n<li>Lic. Yisel Hern\u00e1ndez, <a href=\"mailto:yhbarrios@ipk.sld.cu\">yhbarrios@ipk.sld.cu<\/a><\/li>\n<li>Dr. Jorge Fraga Nodarse, PhD, Profesor e Investigador Titular,\u00a0<a href=\"mailto:fraga@ipk.sld.cu\">fraga@ipk.sld.cu<\/a><\/li>\n<li>Lic. Jos\u00e9 L. Pelegrino Martinez de la Cotera, MSc, \u00a0Investigador y Profesor Auxiliar, <a href=\"mailto:pele@ipk.sld.cu\">pele@ipk.sld.cu<\/a><\/li>\n<li>T\u00e9c. Jorge Campos Diaz,<a href=\"mailto:jcampos@ipk.sld.cu\">\u00a0jcampos@ipk.sld.cu<\/a><\/li>\n<li>Lic. Juana Mairin Torres, <a href=\"mailto:juanam.torres@ipk.sld.cu\">juanam.torres@ipk.sld.cu<\/a><\/li>\n<li>Dra. Dora Ginorio, MSc, Investigadora Agregado, Profesora Auxiliar, <a href=\"mailto:dginorio@ipk.sld.cu\" target=\"_blank\" rel=\"noopener\">dginorio@ipk.sld.cu<\/a><\/li>\n<li>Dra. Sonia Resik, PhD, Investigadora y Profesora Titular, <a href=\"mailto:sresik@ipk.sld.cu\">sresik@ipk.sld.cu<\/a><\/li>\n<li>Dr. Alexander Gonzalez, PhD, Investigador Agregado, Profesor Auxiliar <a href=\"mailto:alexanderg@ipk.sld.cu\">alexanderg@ipk.sld.cu<\/a><\/li>\n<li>Dr. Carlos Fonseca, Investigador y Profesor Auxiliar, \u00a0<a href=\"mailto:carlosfg@ipk.sld.cu\">carlosfg@ipk.sld.cu<\/a><\/li>\n<\/ul>\n","protected":false},"excerpt":{"rendered":"<p>Presidentas Dra. Maria G. Guzm\u00e1n, Investigadora de M\u00e9rito, Profesora Titular y Consultante, \u00a0lupe@ipk.sld.cu Dra. Vivian Kour\u00ed, Investigadora de Merito y Profesora Titular, vkouri@ipk.sld.cu Lorena Vazquez, vicedirectora, MCs, Instructora, lorena.vazquez@ipk.sld.cu Miembros Dra. Anabel Hernandez Ruiz, Profesora e Investigadora Titular anabel.hernandez@ipk.sld.cu Lic. Dulce Torres Arencibia,\u00a0dulce@ipk.sld.cu Ing. Pablo C\u00e1rdenas, pabloc@ipk.sld.cu Lic. Jos\u00e9 Rodr\u00edguez, jose.rodriguez@ipk.sld.cu Lic. Yisel Hern\u00e1ndez, yhbarrios@ipk.sld.cu [&hellip;]<\/p>\n","protected":false},"author":4,"featured_media":0,"parent":0,"menu_order":0,"comment_status":"closed","ping_status":"closed","template":"","meta":[],"_links":{"self":[{"href":"https:\/\/promociondeeventos.sld.cu\/dengue2026\/wp-json\/wp\/v2\/pages\/10"}],"collection":[{"href":"https:\/\/promociondeeventos.sld.cu\/dengue2026\/wp-json\/wp\/v2\/pages"}],"about":[{"href":"https:\/\/promociondeeventos.sld.cu\/dengue2026\/wp-json\/wp\/v2\/types\/page"}],"author":[{"embeddable":true,"href":"https:\/\/promociondeeventos.sld.cu\/dengue2026\/wp-json\/wp\/v2\/users\/4"}],"replies":[{"embeddable":true,"href":"https:\/\/promociondeeventos.sld.cu\/dengue2026\/wp-json\/wp\/v2\/comments?post=10"}],"version-history":[{"count":3,"href":"https:\/\/promociondeeventos.sld.cu\/dengue2026\/wp-json\/wp\/v2\/pages\/10\/revisions"}],"predecessor-version":[{"id":153,"href":"https:\/\/promociondeeventos.sld.cu\/dengue2026\/wp-json\/wp\/v2\/pages\/10\/revisions\/153"}],"wp:attachment":[{"href":"https:\/\/promociondeeventos.sld.cu\/dengue2026\/wp-json\/wp\/v2\/media?parent=10"}],"curies":[{"name":"wp","href":"https:\/\/api.w.org\/{rel}","templated":true}]}}