{"id":40,"date":"2023-01-18T17:45:02","date_gmt":"2023-01-18T17:45:02","guid":{"rendered":"https:\/\/promociondeeventos.sld.cu\/dengue2023en\/?page_id=40"},"modified":"2023-01-18T19:57:50","modified_gmt":"2023-01-18T19:57:50","slug":"contacts","status":"publish","type":"page","link":"https:\/\/promociondeeventos.sld.cu\/dengue2023en\/contacts\/","title":{"rendered":"Contacts"},"content":{"rendered":"<p><a href=\"https:\/\/promociondeeventos.sld.cu\/dengue2023\/contacto\/\">Spanish<\/a><\/p>\n<p><strong>CONTACT<\/strong><\/p>\n<p><strong>Prof. Mar\u00eda G. Guzm\u00e1n<\/strong>, MD, PhD, DrSc.<\/p>\n<p>Jefa del Centro de Investigaci\u00f3n, Diagn\u00f3stico y Referencia, CIDR<\/p>\n<p>Instituto de Medicina Tropical \u201cPedro Kour\u00ed\u201d (IPK)<\/p>\n<p>Directora del Centro Colaborador OMS\/OPS para el Estudio del Dengue y su Control<\/p>\n<p>Presidenta, Sociedad Cubana de Microbiolog\u00eda y Parasitolog\u00eda<\/p>\n<p>Tel\u00e9fono: (537) 255-3161 \u00a0\u00a0\u00a0\u00a0\u00a0\u00a0 \u00a0 \u00a0 \u00a0 \u00a0 \u00a0\u00a0 Email:<strong> <a href=\"mailto:lupe@ipk.sld.cu\" target=\"_blank\" rel=\"noopener noreferrer\">lupe@ipk.sld.cu<\/a><\/strong><\/p>\n","protected":false},"excerpt":{"rendered":"<p>Spanish CONTACT Prof. Mar\u00eda G. Guzm\u00e1n, MD, PhD, DrSc. Jefa del Centro de Investigaci\u00f3n, Diagn\u00f3stico y Referencia, CIDR Instituto de Medicina Tropical \u201cPedro Kour\u00ed\u201d (IPK) Directora del Centro Colaborador OMS\/OPS para el Estudio del Dengue y su Control Presidenta, Sociedad Cubana de Microbiolog\u00eda y Parasitolog\u00eda Tel\u00e9fono: (537) 255-3161 \u00a0\u00a0\u00a0\u00a0\u00a0\u00a0 \u00a0 \u00a0 \u00a0 \u00a0 \u00a0\u00a0 Email: [&hellip;]<\/p>\n","protected":false},"author":3257,"featured_media":0,"parent":0,"menu_order":0,"comment_status":"closed","ping_status":"closed","template":"","meta":[],"_links":{"self":[{"href":"https:\/\/promociondeeventos.sld.cu\/dengue2023en\/wp-json\/wp\/v2\/pages\/40"}],"collection":[{"href":"https:\/\/promociondeeventos.sld.cu\/dengue2023en\/wp-json\/wp\/v2\/pages"}],"about":[{"href":"https:\/\/promociondeeventos.sld.cu\/dengue2023en\/wp-json\/wp\/v2\/types\/page"}],"author":[{"embeddable":true,"href":"https:\/\/promociondeeventos.sld.cu\/dengue2023en\/wp-json\/wp\/v2\/users\/3257"}],"replies":[{"embeddable":true,"href":"https:\/\/promociondeeventos.sld.cu\/dengue2023en\/wp-json\/wp\/v2\/comments?post=40"}],"version-history":[{"count":4,"href":"https:\/\/promociondeeventos.sld.cu\/dengue2023en\/wp-json\/wp\/v2\/pages\/40\/revisions"}],"predecessor-version":[{"id":88,"href":"https:\/\/promociondeeventos.sld.cu\/dengue2023en\/wp-json\/wp\/v2\/pages\/40\/revisions\/88"}],"wp:attachment":[{"href":"https:\/\/promociondeeventos.sld.cu\/dengue2023en\/wp-json\/wp\/v2\/media?parent=40"}],"curies":[{"name":"wp","href":"https:\/\/api.w.org\/{rel}","templated":true}]}}