{"id":94,"date":"2023-01-14T15:28:52","date_gmt":"2023-01-14T15:28:52","guid":{"rendered":"https:\/\/promociondeeventos.sld.cu\/dengue2023\/?page_id=94"},"modified":"2024-07-01T02:09:19","modified_gmt":"2024-07-01T02:09:19","slug":"idiomas-oficiales","status":"publish","type":"page","link":"https:\/\/promociondeeventos.sld.cu\/dengue2023\/idiomas-oficiales\/","title":{"rendered":"Idiomas Oficiales"},"content":{"rendered":"<p style=\"padding-left: 40px\"><a href=\"https:\/\/promociondeeventos.sld.cu\/dengue2023en\/languages\/\">Ingl\u00e9s<\/a><\/p>\n<p>Los idiomas oficiales del\u00a0Curso\u00a0son el Espa\u00f1ol y el Ingl\u00e9s.<\/p>\n<p>Se dispondr\u00e1 de traducci\u00f3n simult\u00e1nea en ambos idiomas durante las actividades te\u00f3ricas en el teatro.<\/p>\n","protected":false},"excerpt":{"rendered":"<p>Ingl\u00e9s Los idiomas oficiales del\u00a0Curso\u00a0son el Espa\u00f1ol y el Ingl\u00e9s. Se dispondr\u00e1 de traducci\u00f3n simult\u00e1nea en ambos idiomas durante las actividades te\u00f3ricas en el teatro.<\/p>\n","protected":false},"author":3257,"featured_media":0,"parent":0,"menu_order":0,"comment_status":"closed","ping_status":"closed","template":"","meta":[],"_links":{"self":[{"href":"https:\/\/promociondeeventos.sld.cu\/dengue2023\/wp-json\/wp\/v2\/pages\/94"}],"collection":[{"href":"https:\/\/promociondeeventos.sld.cu\/dengue2023\/wp-json\/wp\/v2\/pages"}],"about":[{"href":"https:\/\/promociondeeventos.sld.cu\/dengue2023\/wp-json\/wp\/v2\/types\/page"}],"author":[{"embeddable":true,"href":"https:\/\/promociondeeventos.sld.cu\/dengue2023\/wp-json\/wp\/v2\/users\/3257"}],"replies":[{"embeddable":true,"href":"https:\/\/promociondeeventos.sld.cu\/dengue2023\/wp-json\/wp\/v2\/comments?post=94"}],"version-history":[{"count":4,"href":"https:\/\/promociondeeventos.sld.cu\/dengue2023\/wp-json\/wp\/v2\/pages\/94\/revisions"}],"predecessor-version":[{"id":421,"href":"https:\/\/promociondeeventos.sld.cu\/dengue2023\/wp-json\/wp\/v2\/pages\/94\/revisions\/421"}],"wp:attachment":[{"href":"https:\/\/promociondeeventos.sld.cu\/dengue2023\/wp-json\/wp\/v2\/media?parent=94"}],"curies":[{"name":"wp","href":"https:\/\/api.w.org\/{rel}","templated":true}]}}