{"id":83,"date":"2023-01-14T15:15:02","date_gmt":"2023-01-14T15:15:02","guid":{"rendered":"https:\/\/promociondeeventos.sld.cu\/dengue2023\/?page_id=83"},"modified":"2024-08-19T12:29:55","modified_gmt":"2024-08-19T12:29:55","slug":"auspician","status":"publish","type":"page","link":"https:\/\/promociondeeventos.sld.cu\/dengue2023\/auspician\/","title":{"rendered":"Auspician"},"content":{"rendered":"<p><a href=\"https:\/\/promociondeeventos.sld.cu\/dengue2023en\/?page_id=104&amp;preview=true\">Ingl\u00e9s<\/a><\/p>\n<ul>\n<li><strong>Instituto de Medicina Tropical \u00abPedro Kour\u00ed\u00bb ,\u00a0IPK<\/strong><\/li>\n<li><strong>Sociedad Cubana de Microbiolog\u00eda y Parasitolog\u00eda,\u00a0SCMP<\/strong><\/li>\n<li><strong>Ministerio de Salud P\u00fablica de la Rep\u00fablica de Cuba,\u00a0Minsap<\/strong><\/li>\n<li><strong>Organizaci\u00f3n Panamericana de la Salud (OPS)\/Organizaci\u00f3n Mundial de la Salud,\u00a0OMS<\/strong><\/li>\n<li><strong>Programa de Enfermedades Tropicales Olvidadas, NTDP, OMS<\/strong><\/li>\n<li><strong>Iniciativa Global de Arbovirus<\/strong><\/li>\n<li><strong>Instituto de Medicina Tropical de Amberes, IMT, B\u00e9lgica<\/strong><\/li>\n<li><strong>Sociedad Europea de Cl\u00ednica y Microbiolog\u00eda en Enfermedades Infecciosas, ESCMID<\/strong><\/li>\n<li><strong>Centro de Ingenier\u00eda Gen\u00e9tica y Biotecnolog\u00eda, Cuba (CIGB)<\/strong><\/li>\n<li><strong>Sociedad Americana de Medicina Tropical (ASTMH)<\/strong><\/li>\n<li><strong>Programa Especial de Investigaci\u00f3n y Entrenamiento en Enfermedades Tropicales, TDR\/OMS<\/strong><\/li>\n<li><strong>Centro de Inmunoensayo (CIE)<\/strong><\/li>\n<li><strong>Infomed<\/strong><\/li>\n<li><strong>Zikalliance<\/strong><\/li>\n<\/ul>\n<p><strong>Colaboradores<\/strong><\/p>\n<ul>\n<li><strong>AFD<\/strong><\/li>\n<li><strong>AICA<\/strong><\/li>\n<li><strong>ALIAM<\/strong><\/li>\n<li><strong>BDC<\/strong><\/li>\n<li><strong>BIOCUBAFARMA<\/strong><\/li>\n<li><strong>BIOLAB<\/strong><\/li>\n<li><strong>Laif<\/strong><\/li>\n<li><strong>MEDICC<\/strong><\/li>\n<li><strong>MEDICUBA EUROPA<\/strong><\/li>\n<li><strong>SERVICIOS MEDICOS CUBANOS<\/strong><\/li>\n<li><a href=\"https:\/\/www.vaxthera.com\" target=\"_blank\" rel=\"noopener\"><strong>VAXTHERA<\/strong><\/a><\/li>\n<\/ul>\n","protected":false},"excerpt":{"rendered":"<p>Ingl\u00e9s Instituto de Medicina Tropical \u00abPedro Kour\u00ed\u00bb ,\u00a0IPK Sociedad Cubana de Microbiolog\u00eda y Parasitolog\u00eda,\u00a0SCMP Ministerio de Salud P\u00fablica de la Rep\u00fablica de Cuba,\u00a0Minsap Organizaci\u00f3n Panamericana de la Salud (OPS)\/Organizaci\u00f3n Mundial de la Salud,\u00a0OMS Programa de Enfermedades Tropicales Olvidadas, NTDP, OMS Iniciativa Global de Arbovirus Instituto de Medicina Tropical de Amberes, IMT, B\u00e9lgica Sociedad Europea de [&hellip;]<\/p>\n","protected":false},"author":3257,"featured_media":0,"parent":0,"menu_order":0,"comment_status":"closed","ping_status":"closed","template":"","meta":[],"_links":{"self":[{"href":"https:\/\/promociondeeventos.sld.cu\/dengue2023\/wp-json\/wp\/v2\/pages\/83"}],"collection":[{"href":"https:\/\/promociondeeventos.sld.cu\/dengue2023\/wp-json\/wp\/v2\/pages"}],"about":[{"href":"https:\/\/promociondeeventos.sld.cu\/dengue2023\/wp-json\/wp\/v2\/types\/page"}],"author":[{"embeddable":true,"href":"https:\/\/promociondeeventos.sld.cu\/dengue2023\/wp-json\/wp\/v2\/users\/3257"}],"replies":[{"embeddable":true,"href":"https:\/\/promociondeeventos.sld.cu\/dengue2023\/wp-json\/wp\/v2\/comments?post=83"}],"version-history":[{"count":27,"href":"https:\/\/promociondeeventos.sld.cu\/dengue2023\/wp-json\/wp\/v2\/pages\/83\/revisions"}],"predecessor-version":[{"id":504,"href":"https:\/\/promociondeeventos.sld.cu\/dengue2023\/wp-json\/wp\/v2\/pages\/83\/revisions\/504"}],"wp:attachment":[{"href":"https:\/\/promociondeeventos.sld.cu\/dengue2023\/wp-json\/wp\/v2\/media?parent=83"}],"curies":[{"name":"wp","href":"https:\/\/api.w.org\/{rel}","templated":true}]}}