{"id":8,"date":"2023-01-04T15:36:52","date_gmt":"2023-01-04T15:36:52","guid":{"rendered":"https:\/\/promociondeeventos.sld.cu\/dengue2023\/?page_id=8"},"modified":"2024-12-11T22:12:49","modified_gmt":"2024-12-11T22:12:49","slug":"convocatoria","status":"publish","type":"page","link":"https:\/\/promociondeeventos.sld.cu\/dengue2023\/","title":{"rendered":"Convocatoria"},"content":{"rendered":"<p><a href=\"https:\/\/promociondeeventos.sld.cu\/dengue2023en\/announcement\/\">Ingl\u00e9s<\/a><\/p>\n<p style=\"font-weight: 400\">Estimados, el Cte. Organizador del Curso Internacional de dengue de agosto 2024 desea agradecer a todos los participantes, profesores, ponentes por su participaci\u00f3n.<\/p>\n<p style=\"font-weight: 400\">El curso se constituy\u00f3 en una oportunidad para la actualizaci\u00f3n del conocimiento m\u00e1s avanzado en este tema as\u00ed como el intercambio de experiencias.<\/p>\n<p style=\"font-weight: 400\">Aprovecho la oportunidad de este mensaje para enviarles las minutas del curso e invitarlos a la 19va edici\u00f3n en agosto de 2026<\/p>\n<p style=\"font-weight: 400\"><em>En el siguiente link: <\/em><a href=\"https:\/\/drive.google.com\/drive\/folders\/1fxjRS0n8whe11-SmMqky1TktnVW94yF6?usp=drive_link\" data-saferedirecturl=\"https:\/\/www.google.com\/url?q=https:\/\/drive.google.com\/drive\/folders\/1fxjRS0n8whe11-SmMqky1TktnVW94yF6?usp%3Ddrive_link&amp;source=gmail&amp;ust=1726951908486000&amp;usg=AOvVaw3Ok3WLNmUQzvUPOS8Bqki4\">https:\/\/drive.google.com\/drive\/folders\/1fxjRS0n8whe11-SmMqky1TktnVW94yF6?usp=drive_link<\/a>\u00a0<em> pueden encontrar m\u00e1s informaci\u00f3n, incluyendo el programa, fotos etc<\/em><\/p>\n<p style=\"font-weight: 400\">De nuevo muchas gracias por su confianza y participaci\u00f3n<\/p>\n<p style=\"font-weight: 400\">Sinceramente<\/p>\n<p style=\"font-weight: 400\">Prof. Maria G. Guzman, MD, PhD, DrScs<\/p>\n<p style=\"font-weight: 400\">Coordinadora General<\/p>\n<p><a href=\"http:\/\/promociondeeventos.sld.cu\/dengue2023\/files\/2024\/09\/RELATORIA-CURSO-DENGUE-AGOSTO2024-20092024.pdf\" target=\"_blank\" rel=\"noopener\">Descargar Relator\u00eda<\/a><!--more--><\/p>\n<p>======================================<\/p>\n<p class=\"xmsonormal\"><img decoding=\"async\" loading=\"lazy\" class=\"\" src=\"http:\/\/promociondeeventos.sld.cu\/dengue2023\/files\/2024\/08\/00Ultimo-1.jpg\" width=\"549\" height=\"550\" \/><\/p>\n<p>El a\u00f1o 2023, ha sido catalogado como el de mayor reporte mundial de dengue. Solo en la regi\u00f3n de las Am\u00e9ricas se reportaron m\u00e1s de 4.5 millones de casos con 7 665 casos graves y 2 363 fatales. Hasta la semana epidemiol\u00f3gica 12, se notificaron mas de 3.5 millones de casos de dengue. Los cuatro serotipos circulan en la regi\u00f3n con co-circulaci\u00f3n de 2, 3 y 4 serotipos en varios pa\u00edses. Los casos de Fiebre Chikungunya han ido increment\u00e1ndose paulatinamente con el reporte de una seria epidemia en Paraguay en 2023. Aunque las cifras de casos de Fiebre Zika se mantienen bajas, no se descarta su incremento en el futuro. A finales de 2023, se report\u00f3 un brote de Encefalitis Equina del Oeste en Argentina y Uruguay. Finalmente son cada d\u00eda m\u00e1s frecuentes los reportes de casos de Mayaro y Oropouche.<\/p>\n<p>En este escenario epidemiol\u00f3gico, el Centro Colaborador de la OPS\/OMS para el Estudio del Dengue y su Control, el\u00a0 Instituto de Medicina Tropical \u201cPedro Kouri\u201d, la Sociedad Cubana de Microbiolog\u00eda y Parasitolog\u00eda y el Ministerio de Salud P\u00fablica de la Rep\u00fablica de Cuba, la Organizaci\u00f3n Panamericana de la Salud\/Organizaci\u00f3n Mundial de la Salud, \u00a0tienen el placer de anunciarle que del 19 al 30 de agosto de 2024 se efectuar\u00e1 la 18va. edici\u00f3n del Curso Internacional de Dengue y otros Arbovirus emergentes para la\u00a0 actualizaci\u00f3n y preparaci\u00f3n frente a nuevas emergencias epidemiol\u00f3gicas de arbovirus. El curso se efectuar\u00e1 en saludo al 87 aniversario del Instituto de Medicina Tropical \u00a8Pedro Kouri\u00a8, IPK<\/p>\n<p>El curso ofrecer\u00e1 un espacio para la actualizaci\u00f3n y debate de la situaci\u00f3n epidemiol\u00f3gica y los avances en el conocimiento, prevenci\u00f3n y control de Dengue y otras arbovirosis con especial referencia a Chikungunya, Zika, Fiebre Amarilla, Mayaro y Oropouche.<\/p>\n<p>Se presentar\u00e1n temas de inter\u00e9s relacionados con el manejo cl\u00ednico de los pacientes, el control del vector, los avances en las investigaciones en patogenia, vacunas, gen\u00e9tica del individuo, los virus y el vector, nuevas herramientas de control, la influencia del cambio clim\u00e1tico en la emergencia de enfermedades transmitidas por mosquitos del g\u00e9nero <em>Aedes<\/em>, y el enfrentamiento de los brotes, ante el nuevo escenario de co-circulaci\u00f3n de los arbovirus. Se compartir\u00e1n las nuevas iniciativas internacionales y su impacto en el control emergente de las arbovirosis.<\/p>\n<p>Este evento se realiza con el apoyo de la Agencia Francesa para el Desarrollo y la Uni\u00f3n Europea<\/p>\n<p>El Curso se realizar\u00e1 en el Instituto de Medicina Tropical \u201cPedro Kouri\u201d ubicado en: Autopista Novia del Mediodia, Km 6 1\/2 entre Autopista Nacional y Carretera Central Arroyo Arenas, La Lisa, La Habana CP. 11 400<\/p>\n<p><a href=\"https:\/\/goo.gl\/maps\/we8Xa4PaTnixBBmZ8\" target=\"_blank\" rel=\"noopener\"><img decoding=\"async\" loading=\"lazy\" class=\"\" src=\"http:\/\/promociondeeventos.sld.cu\/dengue2023\/files\/2023\/03\/MapsIPK.jpg\" width=\"558\" height=\"209\" \/><\/a><\/p>\n<p><a href=\"https:\/\/www.paho.org\/es\/eventos\" target=\"_blank\" rel=\"noopener\">https:\/\/www.paho.org\/es\/eventos<\/a><\/p>\n<p>&nbsp;<\/p>\n","protected":false},"excerpt":{"rendered":"<p>Ingl\u00e9s Estimados, el Cte. Organizador del Curso Internacional de dengue de agosto 2024 desea agradecer a todos los participantes, profesores, ponentes por su participaci\u00f3n. El curso se constituy\u00f3 en una oportunidad para la actualizaci\u00f3n del conocimiento m\u00e1s avanzado en este tema as\u00ed como el intercambio de experiencias. Aprovecho la oportunidad de este mensaje para enviarles [&hellip;]<\/p>\n","protected":false},"author":3257,"featured_media":0,"parent":0,"menu_order":0,"comment_status":"closed","ping_status":"closed","template":"","meta":[],"_links":{"self":[{"href":"https:\/\/promociondeeventos.sld.cu\/dengue2023\/wp-json\/wp\/v2\/pages\/8"}],"collection":[{"href":"https:\/\/promociondeeventos.sld.cu\/dengue2023\/wp-json\/wp\/v2\/pages"}],"about":[{"href":"https:\/\/promociondeeventos.sld.cu\/dengue2023\/wp-json\/wp\/v2\/types\/page"}],"author":[{"embeddable":true,"href":"https:\/\/promociondeeventos.sld.cu\/dengue2023\/wp-json\/wp\/v2\/users\/3257"}],"replies":[{"embeddable":true,"href":"https:\/\/promociondeeventos.sld.cu\/dengue2023\/wp-json\/wp\/v2\/comments?post=8"}],"version-history":[{"count":70,"href":"https:\/\/promociondeeventos.sld.cu\/dengue2023\/wp-json\/wp\/v2\/pages\/8\/revisions"}],"predecessor-version":[{"id":531,"href":"https:\/\/promociondeeventos.sld.cu\/dengue2023\/wp-json\/wp\/v2\/pages\/8\/revisions\/531"}],"wp:attachment":[{"href":"https:\/\/promociondeeventos.sld.cu\/dengue2023\/wp-json\/wp\/v2\/media?parent=8"}],"curies":[{"name":"wp","href":"https:\/\/api.w.org\/{rel}","templated":true}]}}