{"id":470,"date":"2024-08-15T19:48:28","date_gmt":"2024-08-15T19:48:28","guid":{"rendered":"https:\/\/promociondeeventos.sld.cu\/dengue2023\/?page_id=470"},"modified":"2024-08-17T02:55:19","modified_gmt":"2024-08-17T02:55:19","slug":"participantes-extranjeros","status":"publish","type":"page","link":"https:\/\/promociondeeventos.sld.cu\/dengue2023\/participantes-extranjeros\/","title":{"rendered":"Participantes Extranjeros"},"content":{"rendered":"<p><a href=\"https:\/\/promociondeeventos.sld.cu\/dengue2023en\/foreign-participants\/\">Ingl\u00e9s<\/a><\/p>\n<table style=\"width: 83.5296%\" width=\"1382\">\n<tbody>\n<tr>\n<td style=\"width: 9.10405%\" width=\"260\"><span style=\"font-size: 8pt\"><strong>NOMBRE APELLIDOS<\/strong><\/span><\/td>\n<td style=\"width: 6.59249%\" width=\"120\"><span style=\"font-size: 8pt\"><strong>PAIS<\/strong><\/span><\/td>\n<td style=\"width: 12.519%\" width=\"355\"><span style=\"font-size: 8pt\"><strong>email<\/strong><\/span><\/td>\n<td style=\"width: 20.3404%\" width=\"647\"><span style=\"font-size: 8pt\"><strong>INSTITUCI\u00d3N<\/strong><\/span><\/td>\n<\/tr>\n<tr>\n<td style=\"width: 9.10405%\" width=\"260\"><span style=\"font-size: 8pt\">KARINA ALEJANDRA SALVATIERRA<\/span><\/td>\n<td style=\"width: 6.59249%\" width=\"120\"><span style=\"font-size: 8pt\">ARGENTINA<\/span><\/td>\n<td style=\"width: 12.519%\" width=\"355\"><span style=\"font-size: 8pt\"><u><a href=\"mailto:kariales@gmail.com\">kariales@gmail.com<\/a><\/u><\/span><\/td>\n<td style=\"width: 20.3404%\" width=\"647\"><span style=\"font-size: 8pt\">UNIVERSIDAD NACIONAL DE MISIONES<\/span><\/td>\n<\/tr>\n<tr>\n<td style=\"width: 9.10405%\" width=\"260\"><span style=\"font-size: 8pt\">MELISA FERNANDA JORGE<\/span><\/td>\n<td style=\"width: 6.59249%\" width=\"120\"><span style=\"font-size: 8pt\">ARGENTINA<\/span><\/td>\n<td style=\"width: 12.519%\" width=\"355\"><span style=\"font-size: 8pt\"><u><a href=\"mailto:dramelisajorge@gmail.com\">dramelisajorge@gmail.com<\/a><\/u><\/span><\/td>\n<td style=\"width: 20.3404%\" width=\"647\"><span style=\"font-size: 8pt\">HOSPITAL SE\u00d1OR DEL MILAGRO<\/span><\/td>\n<\/tr>\n<tr>\n<td style=\"width: 9.10405%\" width=\"260\"><span style=\"font-size: 8pt\">INDIRA MARTINS<\/span><\/td>\n<td style=\"width: 6.59249%\" width=\"120\"><span style=\"font-size: 8pt\">BAHAMAS<\/span><\/td>\n<td style=\"width: 12.519%\" width=\"355\"><span style=\"font-size: 8pt\"><u><a href=\"mailto:indiramartin333@gmail.com\">indiramartin333@gmail.com<\/a><\/u><\/span><\/td>\n<td style=\"width: 20.3404%\" width=\"647\"><span style=\"font-size: 8pt\">LABORATORIO NACIONAL DE REFERENCIA<\/span><\/td>\n<\/tr>\n<tr>\n<td style=\"width: 9.10405%\" width=\"260\"><span style=\"font-size: 8pt\">ELINE VAN DAMME<\/span><\/td>\n<td style=\"width: 6.59249%\" width=\"120\"><span style=\"font-size: 8pt\">BELGICA<\/span><\/td>\n<td style=\"width: 12.519%\" width=\"355\"><a href=\"mailto:evandamme@itg.be\" target=\"_blank\" rel=\"noopener\"><span style=\"font-size: 8pt\">evandamme@itg.be<\/span><\/a><\/td>\n<td style=\"width: 20.3404%\" width=\"647\"><span style=\"font-size: 8pt\">INSTITUTO MEDICINA TROPICAL AMBERES<\/span><\/td>\n<\/tr>\n<tr>\n<td style=\"width: 9.10405%\" width=\"260\"><span style=\"font-size: 8pt\">EMMY TUENTER<\/span><\/td>\n<td style=\"width: 6.59249%\" width=\"120\"><span style=\"font-size: 8pt\">BELGICA<\/span><\/td>\n<td style=\"width: 12.519%\" width=\"355\"><span style=\"font-size: 8pt\"><u><a href=\"mailto:emmytuenter@hotmail.com\">emmytuenter@hotmail.com<\/a><\/u><\/span><\/td>\n<td style=\"width: 20.3404%\" width=\"647\"><span style=\"font-size: 8pt\">UNIVERSIDAD ANTWERPEN<\/span><\/td>\n<\/tr>\n<tr>\n<td style=\"width: 9.10405%\" width=\"260\"><span style=\"font-size: 8pt\">RITA VERSTRAETEN<\/span><\/td>\n<td style=\"width: 6.59249%\" width=\"120\"><span style=\"font-size: 8pt\">BELGICA<\/span><\/td>\n<td style=\"width: 12.519%\" width=\"355\"><a href=\"mailto:rita.verstraeten@ugent.be\" target=\"_blank\" rel=\"noopener\"><span style=\"font-size: 8pt\">rita.verstraeten@ugent.be<\/span><\/a><\/td>\n<td style=\"width: 20.3404%\" width=\"647\"><span style=\"font-size: 8pt\">UNIVERSIDAD GHENT<\/span><\/td>\n<\/tr>\n<tr>\n<td style=\"width: 9.10405%\" width=\"260\"><span style=\"font-size: 8pt\">CINDY AIDA PENA MORENO<\/span><\/td>\n<td style=\"width: 6.59249%\" width=\"120\"><span style=\"font-size: 8pt\">CHILE<\/span><\/td>\n<td style=\"width: 12.519%\" width=\"355\"><span style=\"font-size: 8pt\"><u><a href=\"mailto:cindy.pena@uv.cl\">cindy.pena@uv.cl <\/a><\/u><\/span><\/td>\n<td style=\"width: 20.3404%\" width=\"647\"><span style=\"font-size: 8pt\">ESCUELA DE MEDICINA UNIVERSIDAD VALPARAISO<\/span><\/td>\n<\/tr>\n<tr>\n<td style=\"width: 9.10405%\" width=\"260\"><span style=\"font-size: 8pt\">JAIME ANDRES SALINAS TORRES<\/span><\/td>\n<td style=\"width: 6.59249%\" width=\"120\"><span style=\"font-size: 8pt\">CHILE<\/span><\/td>\n<td style=\"width: 12.519%\" width=\"355\"><span style=\"font-size: 8pt\"><u><a href=\"mailto:jaimesalinastorres@infecvet.cl\">jaimesalinastorres@infecvet.cl<\/a><\/u><\/span><\/td>\n<td style=\"width: 20.3404%\" width=\"647\"><span style=\"font-size: 8pt\">SOCIEDAD INFECTOLOGIA VETERINARIA Y UNA SALUD INFECVET<\/span><\/td>\n<\/tr>\n<tr>\n<td style=\"width: 9.10405%\" width=\"260\"><span style=\"font-size: 8pt\">NELSON GRISALES<\/span><\/td>\n<td style=\"width: 6.59249%\" width=\"120\"><span style=\"font-size: 8pt\">COLOMBIA<\/span><\/td>\n<td style=\"width: 12.519%\" width=\"355\"><\/td>\n<td style=\"width: 20.3404%\" width=\"647\"><span style=\"font-size: 8pt\">\u00a0FIELD ENTOMOLOGY AT WORLD MOSQUITO PROGRAM<\/span><\/td>\n<\/tr>\n<tr>\n<td style=\"width: 9.10405%\" width=\"260\"><span style=\"font-size: 8pt\">ADOLFO ARCOS SANDOVAL<\/span><\/td>\n<td style=\"width: 6.59249%\" width=\"120\"><span style=\"font-size: 8pt\">COLOMBIA<\/span><\/td>\n<td style=\"width: 12.519%\" width=\"355\"><\/td>\n<td style=\"width: 20.3404%\" width=\"647\"><span style=\"font-size: 8pt\">UNIVERSIDAD DEL VALLE<\/span><\/td>\n<\/tr>\n<tr>\n<td style=\"width: 9.10405%\" width=\"260\"><span style=\"font-size: 8pt\">CINDY PARDO TORO<\/span><\/td>\n<td style=\"width: 6.59249%\" width=\"120\"><span style=\"font-size: 8pt\">COLOMBIA<\/span><\/td>\n<td style=\"width: 12.519%\" width=\"355\"><span style=\"font-size: 8pt\"><u><a href=\"mailto:cindypardo1026@gmail.com\">cindypardo1026@gmail.com<\/a><\/u><\/span><\/td>\n<td style=\"width: 20.3404%\" width=\"647\"><span style=\"font-size: 8pt\">SECRETARIA DE SALUD DEPARTAMENTAL AMAZONAS<\/span><\/td>\n<\/tr>\n<tr>\n<td style=\"width: 9.10405%\" width=\"260\"><span style=\"font-size: 8pt\">DANIEL MAURICIO NARVAEZ SOTELO<\/span><\/td>\n<td style=\"width: 6.59249%\" width=\"120\"><span style=\"font-size: 8pt\">COLOMBIA<\/span><\/td>\n<td style=\"width: 12.519%\" width=\"355\"><\/td>\n<td style=\"width: 20.3404%\" width=\"647\"><span style=\"font-size: 8pt\">UNIVERSIDAD DEL VALLE<\/span><\/td>\n<\/tr>\n<tr>\n<td style=\"width: 9.10405%\" width=\"260\"><span style=\"font-size: 8pt\">DIANA CAROLINA LOPEZ ALVAREZ<\/span><\/td>\n<td style=\"width: 6.59249%\" width=\"120\"><span style=\"font-size: 8pt\">COLOMBIA<\/span><\/td>\n<td style=\"width: 12.519%\" width=\"355\"><\/td>\n<td style=\"width: 20.3404%\" width=\"647\"><span style=\"font-size: 8pt\">UNIVERSIDAD DEL VALLE<\/span><\/td>\n<\/tr>\n<tr>\n<td style=\"width: 9.10405%\" width=\"260\"><span style=\"font-size: 8pt\">KATERINE MAR\u00cdN<\/span><\/td>\n<td style=\"width: 6.59249%\" width=\"120\"><span style=\"font-size: 8pt\">COLOMBIA<\/span><\/td>\n<td style=\"width: 12.519%\" width=\"355\"><a href=\"mailto:kmarin@ces.edu.co\" target=\"_blank\" rel=\"noopener\"><span style=\"font-size: 8pt\">kmarin@ces.edu.co<\/span><\/a><\/td>\n<td style=\"width: 20.3404%\" width=\"647\"><span style=\"font-size: 8pt\">INSTITUTO COLOMBIANO DE MEDICINA TROPICAL ANTONIO ROLD\u00c1N BETANCUR<\/span><\/td>\n<\/tr>\n<tr>\n<td style=\"width: 9.10405%\" width=\"260\"><span style=\"font-size: 8pt\">LAURA SILVANA PEREZ RESTREPO<\/span><\/td>\n<td style=\"width: 6.59249%\" width=\"120\"><span style=\"font-size: 8pt\">COLOMBIA<\/span><\/td>\n<td style=\"width: 12.519%\" width=\"355\"><a href=\"mailto:lab_cwohc@unal.edu.co\" target=\"_blank\" rel=\"noopener\"><span style=\"font-size: 8pt\">lab_cwohc@unal.edu.co<\/span><\/a><\/td>\n<td style=\"width: 20.3404%\" width=\"647\"><span style=\"font-size: 8pt\">UNIVERSIDAD NACIONAL DE COLOMBIA, SEDE MEDELL\u00cdN &#8211; LABORATORIO GENOMICO ONE HEALTH<\/span><\/td>\n<\/tr>\n<tr>\n<td style=\"width: 9.10405%\" width=\"260\"><span style=\"font-size: 8pt\">LEIDI YULIETH CARVAJAL ARISTIZABAL<\/span><\/td>\n<td style=\"width: 6.59249%\" width=\"120\"><span style=\"font-size: 8pt\">COLOMBIA<\/span><\/td>\n<td style=\"width: 12.519%\" width=\"355\"><a href=\"mailto:lycarvajala@unal.edu.co\" target=\"_blank\" rel=\"noopener\"><span style=\"font-size: 8pt\">\u00a0lycarvajala@unal.edu.co<\/span><\/a><\/td>\n<td style=\"width: 20.3404%\" width=\"647\"><span style=\"font-size: 8pt\">UNIVERSIDAD NACIONAL DE COLOMBIA, SEDE MEDELL\u00cdN &#8211; LABORATORIO GEN\u00d3MICO ONE HEALTH<\/span><\/td>\n<\/tr>\n<tr>\n<td style=\"width: 9.10405%\" width=\"260\"><span style=\"font-size: 8pt\">LYDA ELENA OSORIO AMAYA<\/span><\/td>\n<td style=\"width: 6.59249%\" width=\"120\"><span style=\"font-size: 8pt\">COLOMBIA<\/span><\/td>\n<td style=\"width: 12.519%\" width=\"355\"><span style=\"font-size: 8pt\"><u><a href=\"mailto:lyda.osorio@correounivalle.edu.co\">lyda.osorio@correounivalle.edu.co<\/a><\/u><\/span><\/td>\n<td style=\"width: 20.3404%\" width=\"647\"><span style=\"font-size: 8pt\">UNIVERSIDAD DEL VALLE<\/span><\/td>\n<\/tr>\n<tr>\n<td style=\"width: 9.10405%\" width=\"260\"><span style=\"font-size: 8pt\">MARIA ALICIA DEL CASTILLO DORADO\u00a0<\/span><\/td>\n<td style=\"width: 6.59249%\" width=\"120\"><span style=\"font-size: 8pt\">COLOMBIA<\/span><\/td>\n<td style=\"width: 12.519%\" width=\"355\"><\/td>\n<td style=\"width: 20.3404%\" width=\"647\"><span style=\"font-size: 8pt\">UNIVERSIDAD DEL VALLE<\/span><\/td>\n<\/tr>\n<tr>\n<td style=\"width: 9.10405%\" width=\"260\"><span style=\"font-size: 8pt\">MARIA CONSUELO MIRANDA<\/span><\/td>\n<td style=\"width: 6.59249%\" width=\"120\"><span style=\"font-size: 8pt\">COLOMBIA<\/span><\/td>\n<td style=\"width: 12.519%\" width=\"355\"><a href=\"mailto:mcmirandamontoya@hotmail.com\" target=\"_blank\" rel=\"noopener\"><span style=\"font-size: 8pt\">mcmirandamontoya@hotmail.com<\/span><\/a><\/td>\n<td style=\"width: 20.3404%\" width=\"647\"><span style=\"font-size: 8pt\">UNIVERSIDAD DEL VALLE<\/span><\/td>\n<\/tr>\n<tr>\n<td style=\"width: 9.10405%\" width=\"260\"><span style=\"font-size: 8pt\">GUSTAVO ADOLFO ZALDA\u00d1A MEL\u00c9NDEZ<\/span><\/td>\n<td style=\"width: 6.59249%\" width=\"120\"><span style=\"font-size: 8pt\">EL SALVADOR<\/span><\/td>\n<td style=\"width: 12.519%\" width=\"355\"><span style=\"font-size: 8pt\"><u><a href=\"mailto:gustavo.zaldana@ues.edu.sv\">gustavo.zaldana@ues.edu.sv<\/a><\/u><\/span><\/td>\n<td style=\"width: 20.3404%\" width=\"647\"><span style=\"font-size: 8pt\">HOSPITAL POLICLINICO ZACAMIL ISSS<\/span><\/td>\n<\/tr>\n<tr>\n<td style=\"width: 9.10405%\" width=\"260\"><span style=\"font-size: 8pt\">LAURA LISSETTE AREVALO AVILA<\/span><\/td>\n<td style=\"width: 6.59249%\" width=\"120\"><span style=\"font-size: 8pt\">EL SALVADOR<\/span><\/td>\n<td style=\"width: 12.519%\" width=\"355\"><span style=\"font-size: 8pt\"><u><a href=\"mailto:laura.avila@salud.gob.sv\">laura.avila@salud.gob.sv<\/a><\/u><\/span><\/td>\n<td style=\"width: 20.3404%\" width=\"647\"><span style=\"font-size: 8pt\">LABORATORIO DE VIGILANCIA EN SALUD PUBLICA<\/span><\/td>\n<\/tr>\n<tr>\n<td style=\"width: 9.10405%\" width=\"260\"><span style=\"font-size: 8pt\">ALVA SAA<\/span><\/td>\n<td style=\"width: 6.59249%\" width=\"120\"><span style=\"font-size: 8pt\">ESPANA<\/span><\/td>\n<td style=\"width: 12.519%\" width=\"355\"><a href=\"mailto:saa.alva@gmail.com\" target=\"_blank\" rel=\"noopener\"><span style=\"font-size: 8pt\">saa.alva@gmail.com<\/span><\/a><\/td>\n<td style=\"width: 20.3404%\" width=\"647\"><span style=\"font-size: 8pt\">HOSPITAL DE SAGUNTO<\/span><\/td>\n<\/tr>\n<tr>\n<td style=\"width: 9.10405%\" width=\"260\"><span style=\"font-size: 8pt\">JORGE GUERRER0<\/span><\/td>\n<td style=\"width: 6.59249%\" width=\"120\"><span style=\"font-size: 8pt\">ESPANA<\/span><\/td>\n<td style=\"width: 12.519%\" width=\"355\"><span style=\"font-size: 8pt\">jordiguerrero@yahoo.com<\/span><\/td>\n<td style=\"width: 20.3404%\" width=\"647\"><span style=\"font-size: 8pt\">PANAMA<\/span><\/td>\n<\/tr>\n<tr>\n<td style=\"width: 9.10405%\" width=\"260\"><span style=\"font-size: 8pt\">SAMUEL TEZERA<\/span><\/td>\n<td style=\"width: 6.59249%\" width=\"120\"><span style=\"font-size: 8pt\">ETIOPIA<\/span><\/td>\n<td style=\"width: 12.519%\" width=\"355\"><span style=\"font-size: 8pt\">samuel.derso@gmail.com<\/span><\/td>\n<td style=\"width: 20.3404%\" width=\"647\"><span style=\"font-size: 8pt\">UNIVERSITY GONDAR<\/span><\/td>\n<\/tr>\n<tr>\n<td style=\"width: 9.10405%\" width=\"260\"><span style=\"font-size: 8pt\">CARLOS ROBERTO TELLE<\/span><\/td>\n<td style=\"width: 6.59249%\" width=\"120\"><span style=\"font-size: 8pt\">GUATEMALA<\/span><\/td>\n<td style=\"width: 12.519%\" width=\"355\"><span style=\"font-size: 8pt\">kimberlyescobar@orqymsa.com<\/span><\/td>\n<td style=\"width: 20.3404%\" width=\"647\"><span style=\"font-size: 8pt\">INSISERSA<\/span><\/td>\n<\/tr>\n<tr>\n<td style=\"width: 9.10405%\" width=\"260\"><span style=\"font-size: 8pt\">LETICIA CASTILLO SIGNOR<\/span><\/td>\n<td style=\"width: 6.59249%\" width=\"120\"><span style=\"font-size: 8pt\">GUATEMALA<\/span><\/td>\n<td style=\"width: 12.519%\" width=\"355\"><span style=\"font-size: 8pt\">delcarmencastillo@gmail.com<\/span><\/td>\n<td style=\"width: 20.3404%\" width=\"647\"><span style=\"font-size: 8pt\">MINISTERIO DE SALUD Y ASISTENCIA SOCIAL<\/span><\/td>\n<\/tr>\n<tr>\n<td style=\"width: 9.10405%\" width=\"260\"><span style=\"font-size: 8pt\">LUISA ANAIT\u00c9 S\u00c1NCHEZ HAS<\/span><\/td>\n<td style=\"width: 6.59249%\" width=\"120\"><span style=\"font-size: 8pt\">GUATEMALA<\/span><\/td>\n<td style=\"width: 12.519%\" width=\"355\"><span style=\"font-size: 8pt\"><u><a href=\"mailto:lsanchez@mspas.gob.gt\">lsanchez@mspas.gob.gt<\/a><\/u><\/span><\/td>\n<td style=\"width: 20.3404%\" width=\"647\"><span style=\"font-size: 8pt\">MINISTERIO DE SALUD PUBLICA Y ASISTENCIA SOCIAL<\/span><\/td>\n<\/tr>\n<tr>\n<td style=\"width: 9.10405%\" width=\"260\"><span style=\"font-size: 8pt\">MAR\u00cdA FERNANDA VEL\u00c1SQUEZ LEIVA<\/span><\/td>\n<td style=\"width: 6.59249%\" width=\"120\"><span style=\"font-size: 8pt\">GUATEMALA<\/span><\/td>\n<td style=\"width: 12.519%\" width=\"355\"><span style=\"font-size: 8pt\">mvelasquez@mspas.gob.gt<\/span><\/td>\n<td style=\"width: 20.3404%\" width=\"647\"><span style=\"font-size: 8pt\">MINISTERIO DE SALUD PUBLICA Y ASISTENCIA SOCIAL<\/span><\/td>\n<\/tr>\n<tr>\n<td style=\"width: 9.10405%\" width=\"260\"><span style=\"font-size: 8pt\">ITO JOURNEL<\/span><\/td>\n<td style=\"width: 6.59249%\" width=\"120\"><span style=\"font-size: 8pt\">HAITI\u00a0\u00a0\u00a0<\/span><\/td>\n<td style=\"width: 12.519%\" width=\"355\"><span style=\"font-size: 8pt\"><u><a href=\"mailto:journeltechn@gmail.com_\">haiti journeltechn@gmail.com_<\/a><\/u><\/span><\/td>\n<td style=\"width: 20.3404%\" width=\"647\"><span style=\"font-size: 8pt\">LABORATORIO NACIONAL DE REFERENCIA<\/span><\/td>\n<\/tr>\n<tr>\n<td style=\"width: 9.10405%\" width=\"260\"><span style=\"font-size: 8pt\">\u00a0ALESSANDRO GUSTAVO PEJRANO<\/span><\/td>\n<td style=\"width: 6.59249%\" width=\"120\"><span style=\"font-size: 8pt\">ITALIA<\/span><\/td>\n<td style=\"width: 12.519%\" width=\"355\"><span style=\"font-size: 8pt\"><u><a href=\"mailto:pejrano@gmail.com\">pejrano@gmail.com<\/a><\/u><\/span><\/td>\n<td style=\"width: 20.3404%\" width=\"647\"><span style=\"font-size: 8pt\">STUDIO CLINICO MULTIDISCIPLINARE<\/span><\/td>\n<\/tr>\n<tr>\n<td style=\"width: 9.10405%\" width=\"260\"><span style=\"font-size: 8pt\">MANUEL OLIVIER ETTENNE<\/span><\/td>\n<td style=\"width: 6.59249%\" width=\"120\"><span style=\"font-size: 8pt\">MARTINICA<\/span><\/td>\n<td style=\"width: 12.519%\" width=\"355\"><span style=\"font-size: 8pt\">etiennemanuel@yahoo.fr<\/span><\/td>\n<td style=\"width: 20.3404%\" width=\"647\"><span style=\"font-size: 8pt\">COLLECTIVITE TERRITORIALE DE MARTINIQUE<\/span><\/td>\n<\/tr>\n<tr>\n<td style=\"width: 9.10405%\" width=\"260\"><span style=\"font-size: 8pt\">ERIC SAUL RAGA SARABIA<\/span><\/td>\n<td style=\"width: 6.59249%\" width=\"120\"><span style=\"font-size: 8pt\">MEXICO<\/span><\/td>\n<td style=\"width: 12.519%\" width=\"355\"><span style=\"font-size: 8pt\">ericsaul_raga@hotmail.com<\/span><\/td>\n<td style=\"width: 20.3404%\" width=\"647\"><span style=\"font-size: 8pt\">COORDINACION DE ATENCION MEDICA IMSS BIENESTAR<\/span><\/td>\n<\/tr>\n<tr>\n<td style=\"width: 9.10405%\" width=\"260\"><span style=\"font-size: 8pt\">JOS\u00c9 GENARO ORD\u00d3\u00d1EZ GONZ\u00c1LEZ<\/span><\/td>\n<td style=\"width: 6.59249%\" width=\"120\"><span style=\"font-size: 8pt\">MEXICO<\/span><\/td>\n<td style=\"width: 12.519%\" width=\"355\"><span style=\"font-size: 8pt\">jordonez@insp.mx<\/span><\/td>\n<td style=\"width: 20.3404%\" width=\"647\"><span style=\"font-size: 8pt\">CENTRO REGIONAL DE INVESTIGACI\u00d3N EN SALUD P\u00daBLICA \/ INSP<\/span><\/td>\n<\/tr>\n<tr>\n<td style=\"width: 9.10405%\" width=\"260\"><span style=\"font-size: 8pt\">KENIA MAYELA VALDEZ DELGADO<\/span><\/td>\n<td style=\"width: 6.59249%\" width=\"120\"><span style=\"font-size: 8pt\">MEXICO<\/span><\/td>\n<td style=\"width: 12.519%\" width=\"355\"><span style=\"font-size: 8pt\">kenia.valdez@insp.mx<\/span><\/td>\n<td style=\"width: 20.3404%\" width=\"647\"><span style=\"font-size: 8pt\">CENTRO REGIONAL INVESTIGACION SAPUD PUBLICA<\/span><\/td>\n<\/tr>\n<tr>\n<td style=\"width: 9.10405%\" width=\"260\"><span style=\"font-size: 8pt\">OMAR GARCIA SUAREZ<\/span><\/td>\n<td style=\"width: 6.59249%\" width=\"120\"><span style=\"font-size: 8pt\">MEXICO<\/span><\/td>\n<td style=\"width: 12.519%\" width=\"355\"><span style=\"font-size: 8pt\">omar.gasu22@gmail.com<\/span><\/td>\n<td style=\"width: 20.3404%\" width=\"647\"><span style=\"font-size: 8pt\">LABORATORIO MIXTO INTERNACIONAL ELDORADO FMVZ-UNAM- IRD<\/span><\/td>\n<\/tr>\n<tr>\n<td style=\"width: 9.10405%\" width=\"260\"><span style=\"font-size: 8pt\">ROSALBA SONCK RODRIGUEZ<\/span><\/td>\n<td style=\"width: 6.59249%\" width=\"120\"><span style=\"font-size: 8pt\">MEXICO<\/span><\/td>\n<td style=\"width: 12.519%\" width=\"355\"><span style=\"font-size: 8pt\"><u><a href=\"mailto:rossonck@gmail.com\">rossonck@gmail.com<\/a><\/u><\/span><\/td>\n<td style=\"width: 20.3404%\" width=\"647\"><span style=\"font-size: 8pt\">COORDINACION DE ATENCION MEDICA IMSS BIENESTAR<\/span><\/td>\n<\/tr>\n<tr>\n<td style=\"width: 9.10405%\" width=\"260\"><span style=\"font-size: 8pt\">WENDY VIANEY PADILLA CABRERA<\/span><\/td>\n<td style=\"width: 6.59249%\" width=\"120\"><span style=\"font-size: 8pt\">MEXICO<\/span><\/td>\n<td style=\"width: 12.519%\" width=\"355\"><span style=\"font-size: 8pt\">wendyvianey@hotmail.com<\/span><\/td>\n<td style=\"width: 20.3404%\" width=\"647\"><span style=\"font-size: 8pt\">LABORATORIO ESTATAL DE SALUD P\u00daBLICA MICHOACAN<\/span><\/td>\n<\/tr>\n<tr>\n<td style=\"width: 9.10405%\" width=\"260\"><span style=\"font-size: 8pt\">BETZABE MARA RODRIGUEZ<\/span><\/td>\n<td style=\"width: 6.59249%\" width=\"120\"><span style=\"font-size: 8pt\">NICARAGUA<\/span><\/td>\n<td style=\"width: 12.519%\" width=\"355\"><span style=\"font-size: 8pt\"><u><a href=\"mailto:betzamara@gmail.com\">betzamara@gmail.com<\/a><\/u><\/span><\/td>\n<td style=\"width: 20.3404%\" width=\"647\"><span style=\"font-size: 8pt\">CNDR<\/span><\/td>\n<\/tr>\n<tr>\n<td style=\"width: 9.10405%\" width=\"260\"><span style=\"font-size: 8pt\">NOEL EFRAIN MERCADO GAITAN<\/span><\/td>\n<td style=\"width: 6.59249%\" width=\"120\"><span style=\"font-size: 8pt\">NICARAGUA<\/span><\/td>\n<td style=\"width: 12.519%\" width=\"355\"><span style=\"font-size: 8pt\">entomologia@minsa.gob.ni<\/span><\/td>\n<td style=\"width: 20.3404%\" width=\"647\"><span style=\"font-size: 8pt\">CNDR<\/span><\/td>\n<\/tr>\n<tr>\n<td style=\"width: 9.10405%\" width=\"260\"><span style=\"font-size: 8pt\">ERNESTO ENRIQUE MOLINA OLIVRY<\/span><\/td>\n<td style=\"width: 6.59249%\" width=\"120\"><span style=\"font-size: 8pt\">PERU<\/span><\/td>\n<td style=\"width: 12.519%\" width=\"355\"><span style=\"font-size: 8pt\">emolina@farmex.com.pe<\/span><\/td>\n<td style=\"width: 20.3404%\" width=\"647\"><span style=\"font-size: 8pt\">FARMEX SA<\/span><\/td>\n<\/tr>\n<tr>\n<td style=\"width: 9.10405%\" width=\"260\"><span style=\"font-size: 8pt\">JEAN PIERRE HUGO PIMENTEL HURTADO<\/span><\/td>\n<td style=\"width: 6.59249%\" width=\"120\"><span style=\"font-size: 8pt\">PERU<\/span><\/td>\n<td style=\"width: 12.519%\" width=\"355\"><span style=\"font-size: 8pt\"><u><a href=\"mailto:jpimentel@farmex.com.pe\">jpimentel@farmex.com.pe<\/a><\/u><\/span><\/td>\n<td style=\"width: 20.3404%\" width=\"647\"><span style=\"font-size: 8pt\">FARMEX SA<\/span><\/td>\n<\/tr>\n<tr>\n<td style=\"width: 9.10405%\" width=\"260\"><span style=\"font-size: 8pt\">MANUEL ANTONIO OLIVARES ANTON<\/span><\/td>\n<td style=\"width: 6.59249%\" width=\"120\"><span style=\"font-size: 8pt\">PERU<\/span><\/td>\n<td style=\"width: 12.519%\" width=\"355\"><span style=\"font-size: 8pt\"><u><a href=\"mailto:biotoni@hotmail.com\">biotoni@hotmail.com<\/a><\/u><\/span><\/td>\n<td style=\"width: 20.3404%\" width=\"647\"><span style=\"font-size: 8pt\">DIRECCI\u00d3N REGIONAL DE SALUD DE PIURA \u2013 MINISTERIO DE SALUD<\/span><\/td>\n<\/tr>\n<tr>\n<td style=\"width: 9.10405%\" width=\"260\"><span style=\"font-size: 8pt\">FRANCESCA FALCONI AGAPITO<\/span><\/td>\n<td style=\"width: 6.59249%\" width=\"120\"><span style=\"font-size: 8pt\">PERU<\/span><\/td>\n<td style=\"width: 12.519%\" width=\"355\"><span style=\"font-size: 8pt\">francesca.falconi@upch.pe<\/span><\/td>\n<td style=\"width: 20.3404%\" width=\"647\"><span style=\"font-size: 8pt\">UNIVERSIDAD PERUANA GAYETANO HEREDIA<\/span><\/td>\n<\/tr>\n<tr>\n<td style=\"width: 9.10405%\" width=\"260\"><span style=\"font-size: 8pt\">KATHERINE VICTORIO<\/span><\/td>\n<td style=\"width: 6.59249%\" width=\"120\"><span style=\"font-size: 8pt\">REP DOMINICANA<\/span><\/td>\n<td style=\"width: 12.519%\" width=\"355\"><span style=\"font-size: 8pt\"><u><a href=\"mailto:katherine.victorio@ministeriodesalud.gob.do\">katherine.victorio@ministeriodesalud.gob.do<\/a><\/u><\/span><\/td>\n<td style=\"width: 20.3404%\" width=\"647\"><span style=\"font-size: 8pt\">DIRECCI\u00d3N DE INVESTIGACI\u00d3N EN SALUD (DISA)<\/span><\/td>\n<\/tr>\n<tr>\n<td style=\"width: 9.10405%\" width=\"260\"><span style=\"font-size: 8pt\">NELSON MART\u00cdNEZ<\/span><\/td>\n<td style=\"width: 6.59249%\" width=\"120\"><span style=\"font-size: 8pt\">REP DOMINICANA<\/span><\/td>\n<td style=\"width: 12.519%\" width=\"355\"><span style=\"font-size: 8pt\"><u><a href=\"mailto:nelson.martinez@ministeriodesalud.gob.do\">nelson.martinez@ministeriodesalud.gob.do<\/a><\/u><\/span><\/td>\n<td style=\"width: 20.3404%\" width=\"647\"><span style=\"font-size: 8pt\">DIRECCI\u00d3N DE INVESTIGACI\u00d3N EN SALUD (DISA)<\/span><\/td>\n<\/tr>\n<tr>\n<td style=\"width: 9.10405%\" width=\"260\"><span style=\"font-size: 8pt\">KHIDER ALEBID<\/span><\/td>\n<td style=\"width: 6.59249%\" width=\"120\"><span style=\"font-size: 8pt\">SUDAN<\/span><\/td>\n<td style=\"width: 12.519%\" width=\"355\"><span style=\"font-size: 8pt\">kheideralebid@gmail.com<\/span><\/td>\n<td style=\"width: 20.3404%\" width=\"647\"><span style=\"font-size: 8pt\">N.P.H.L<\/span><\/td>\n<\/tr>\n<tr>\n<td style=\"width: 9.10405%\" width=\"260\"><span style=\"font-size: 8pt\">NICHOLAS KAVANA<\/span><\/td>\n<td style=\"width: 6.59249%\" width=\"120\"><span style=\"font-size: 8pt\">TANZANIA<\/span><\/td>\n<td style=\"width: 12.519%\" width=\"355\"><span style=\"font-size: 8pt\">nkavana@yahoo.com<\/span><\/td>\n<td style=\"width: 20.3404%\" width=\"647\"><span style=\"font-size: 8pt\">ST FRANCIS UNIVERSITY COLLEGE OF HEALTH AND ALLIED SCIENCES IFAKARA<\/span><\/td>\n<\/tr>\n<tr>\n<td style=\"width: 9.10405%\" width=\"260\"><span style=\"font-size: 8pt\">ANDREA MAR\u00cdA OROZCO<\/span><\/td>\n<td style=\"width: 6.59249%\" width=\"120\"><span style=\"font-size: 8pt\">VENEZUELA<\/span><\/td>\n<td style=\"width: 12.519%\" width=\"355\"><span style=\"font-size: 8pt\">coordinador.tecnico@iniciativamentor.org<\/span><\/td>\n<td style=\"width: 20.3404%\" width=\"647\"><\/td>\n<\/tr>\n<\/tbody>\n<\/table>\n","protected":false},"excerpt":{"rendered":"<p>Ingl\u00e9s NOMBRE APELLIDOS PAIS email INSTITUCI\u00d3N KARINA ALEJANDRA SALVATIERRA ARGENTINA kariales@gmail.com UNIVERSIDAD NACIONAL DE MISIONES MELISA FERNANDA JORGE ARGENTINA dramelisajorge@gmail.com HOSPITAL SE\u00d1OR DEL MILAGRO INDIRA MARTINS BAHAMAS indiramartin333@gmail.com LABORATORIO NACIONAL DE REFERENCIA ELINE VAN DAMME BELGICA evandamme@itg.be INSTITUTO MEDICINA TROPICAL AMBERES EMMY TUENTER BELGICA emmytuenter@hotmail.com UNIVERSIDAD ANTWERPEN RITA VERSTRAETEN BELGICA rita.verstraeten@ugent.be UNIVERSIDAD GHENT CINDY AIDA [&hellip;]<\/p>\n","protected":false},"author":3257,"featured_media":0,"parent":0,"menu_order":0,"comment_status":"closed","ping_status":"closed","template":"","meta":[],"_links":{"self":[{"href":"https:\/\/promociondeeventos.sld.cu\/dengue2023\/wp-json\/wp\/v2\/pages\/470"}],"collection":[{"href":"https:\/\/promociondeeventos.sld.cu\/dengue2023\/wp-json\/wp\/v2\/pages"}],"about":[{"href":"https:\/\/promociondeeventos.sld.cu\/dengue2023\/wp-json\/wp\/v2\/types\/page"}],"author":[{"embeddable":true,"href":"https:\/\/promociondeeventos.sld.cu\/dengue2023\/wp-json\/wp\/v2\/users\/3257"}],"replies":[{"embeddable":true,"href":"https:\/\/promociondeeventos.sld.cu\/dengue2023\/wp-json\/wp\/v2\/comments?post=470"}],"version-history":[{"count":10,"href":"https:\/\/promociondeeventos.sld.cu\/dengue2023\/wp-json\/wp\/v2\/pages\/470\/revisions"}],"predecessor-version":[{"id":494,"href":"https:\/\/promociondeeventos.sld.cu\/dengue2023\/wp-json\/wp\/v2\/pages\/470\/revisions\/494"}],"wp:attachment":[{"href":"https:\/\/promociondeeventos.sld.cu\/dengue2023\/wp-json\/wp\/v2\/media?parent=470"}],"curies":[{"name":"wp","href":"https:\/\/api.w.org\/{rel}","templated":true}]}}