{"id":47,"date":"2023-01-04T16:01:22","date_gmt":"2023-01-04T16:01:22","guid":{"rendered":"https:\/\/promociondeeventos.sld.cu\/dengue2023\/?page_id=47"},"modified":"2024-05-15T16:29:27","modified_gmt":"2024-05-15T16:29:27","slug":"objetivo","status":"publish","type":"page","link":"https:\/\/promociondeeventos.sld.cu\/dengue2023\/objetivo\/","title":{"rendered":"Objetivo"},"content":{"rendered":"<p><a href=\"https:\/\/promociondeeventos.sld.cu\/dengue2023en\/objective\/\">Ingl\u00e9s<\/a><\/p>\n<p>Actualizar a los participantes: m\u00e9dicos, vir\u00f3logos, inmun\u00f3logos, soci\u00f3logos, epidemi\u00f3logos, entom\u00f3logos, administradores de salud, entre otros interesados en el tema, junto a profesores de prestigiosas instituciones nacionales e internacionales en los aspectos m\u00e1s relevantes y actuales sobre varias enfermedades transmitidas por <u>Aedes aegypti<\/u> en especial Dengue, Zika, Chikungunya y Fiebre Amarilla y sobre potenciales emergencias como Mayaro y Oropouche.<\/p>\n","protected":false},"excerpt":{"rendered":"<p>Ingl\u00e9s Actualizar a los participantes: m\u00e9dicos, vir\u00f3logos, inmun\u00f3logos, soci\u00f3logos, epidemi\u00f3logos, entom\u00f3logos, administradores de salud, entre otros interesados en el tema, junto a profesores de prestigiosas instituciones nacionales e internacionales en los aspectos m\u00e1s relevantes y actuales sobre varias enfermedades transmitidas por Aedes aegypti en especial Dengue, Zika, Chikungunya y Fiebre Amarilla y sobre potenciales emergencias [&hellip;]<\/p>\n","protected":false},"author":3257,"featured_media":0,"parent":0,"menu_order":0,"comment_status":"closed","ping_status":"closed","template":"","meta":[],"_links":{"self":[{"href":"https:\/\/promociondeeventos.sld.cu\/dengue2023\/wp-json\/wp\/v2\/pages\/47"}],"collection":[{"href":"https:\/\/promociondeeventos.sld.cu\/dengue2023\/wp-json\/wp\/v2\/pages"}],"about":[{"href":"https:\/\/promociondeeventos.sld.cu\/dengue2023\/wp-json\/wp\/v2\/types\/page"}],"author":[{"embeddable":true,"href":"https:\/\/promociondeeventos.sld.cu\/dengue2023\/wp-json\/wp\/v2\/users\/3257"}],"replies":[{"embeddable":true,"href":"https:\/\/promociondeeventos.sld.cu\/dengue2023\/wp-json\/wp\/v2\/comments?post=47"}],"version-history":[{"count":5,"href":"https:\/\/promociondeeventos.sld.cu\/dengue2023\/wp-json\/wp\/v2\/pages\/47\/revisions"}],"predecessor-version":[{"id":363,"href":"https:\/\/promociondeeventos.sld.cu\/dengue2023\/wp-json\/wp\/v2\/pages\/47\/revisions\/363"}],"wp:attachment":[{"href":"https:\/\/promociondeeventos.sld.cu\/dengue2023\/wp-json\/wp\/v2\/media?parent=47"}],"curies":[{"name":"wp","href":"https:\/\/api.w.org\/{rel}","templated":true}]}}