{"id":44,"date":"2023-01-04T15:44:58","date_gmt":"2023-01-04T15:44:58","guid":{"rendered":"https:\/\/promociondeeventos.sld.cu\/dengue2023\/?page_id=44"},"modified":"2023-12-26T19:52:31","modified_gmt":"2023-12-26T19:52:31","slug":"carteles","status":"publish","type":"page","link":"https:\/\/promociondeeventos.sld.cu\/dengue2023\/carteles\/","title":{"rendered":"Carteles"},"content":{"rendered":"<p><a href=\"https:\/\/promociondeeventos.sld.cu\/dengue2023en\/posters\/\">Ingl\u00e9s<\/a><\/p>\n<p>Los participantes tendran la oportunidad de presentar sus resultados en la sesi\u00f3n de p\u00f3sters que se desarrollar\u00e1 en la primera semana.<\/p>\n<p>Tama\u00f1o de los p\u00f3sters: 94cm ancho X 140cm alto (posici\u00f3n vertical).<\/p>\n<p><strong>Fecha tope de env\u00edo de res\u00famenes de trabajos: Julio 1ro de 2024. <\/strong><\/p>\n<p><strong>Contactar a Dra. Martha Castro, <a href=\"mailto:martac@ipk.sld.cu\" target=\"_blank\" rel=\"noopener noreferrer\">martac@ipk.sld.c<em>u<\/em> <\/a><\/strong><\/p>\n","protected":false},"excerpt":{"rendered":"<p>Ingl\u00e9s Los participantes tendran la oportunidad de presentar sus resultados en la sesi\u00f3n de p\u00f3sters que se desarrollar\u00e1 en la primera semana. Tama\u00f1o de los p\u00f3sters: 94cm ancho X 140cm alto (posici\u00f3n vertical). Fecha tope de env\u00edo de res\u00famenes de trabajos: Julio 1ro de 2024. Contactar a Dra. Martha Castro, martac@ipk.sld.cu<\/p>\n","protected":false},"author":3257,"featured_media":0,"parent":0,"menu_order":0,"comment_status":"closed","ping_status":"closed","template":"","meta":[],"_links":{"self":[{"href":"https:\/\/promociondeeventos.sld.cu\/dengue2023\/wp-json\/wp\/v2\/pages\/44"}],"collection":[{"href":"https:\/\/promociondeeventos.sld.cu\/dengue2023\/wp-json\/wp\/v2\/pages"}],"about":[{"href":"https:\/\/promociondeeventos.sld.cu\/dengue2023\/wp-json\/wp\/v2\/types\/page"}],"author":[{"embeddable":true,"href":"https:\/\/promociondeeventos.sld.cu\/dengue2023\/wp-json\/wp\/v2\/users\/3257"}],"replies":[{"embeddable":true,"href":"https:\/\/promociondeeventos.sld.cu\/dengue2023\/wp-json\/wp\/v2\/comments?post=44"}],"version-history":[{"count":6,"href":"https:\/\/promociondeeventos.sld.cu\/dengue2023\/wp-json\/wp\/v2\/pages\/44\/revisions"}],"predecessor-version":[{"id":312,"href":"https:\/\/promociondeeventos.sld.cu\/dengue2023\/wp-json\/wp\/v2\/pages\/44\/revisions\/312"}],"wp:attachment":[{"href":"https:\/\/promociondeeventos.sld.cu\/dengue2023\/wp-json\/wp\/v2\/media?parent=44"}],"curies":[{"name":"wp","href":"https:\/\/api.w.org\/{rel}","templated":true}]}}