{"id":382,"date":"2024-06-12T18:50:44","date_gmt":"2024-06-12T18:50:44","guid":{"rendered":"https:\/\/promociondeeventos.sld.cu\/dengue2023\/?page_id=382"},"modified":"2024-07-01T01:21:40","modified_gmt":"2024-07-01T01:21:40","slug":"hoteles-recomendados","status":"publish","type":"page","link":"https:\/\/promociondeeventos.sld.cu\/dengue2023\/hoteles-recomendados\/","title":{"rendered":"Hoteles Recomendados"},"content":{"rendered":"<p><a href=\"https:\/\/promociondeeventos.sld.cu\/dengue2023en\/recommended-hotels\/\">Ingl\u00e9s<\/a><\/p>\n<p><img decoding=\"async\" loading=\"lazy\" class=\"\" src=\"http:\/\/promociondeeventos.sld.cu\/dengue2023en\/files\/2024\/06\/Havanatur.gif\" width=\"187\" height=\"136\" \/><\/p>\n<p><strong>OFERTAS TURISTICAS P\u00daBLICAS<\/strong><\/p>\n<p>La Agencia Havanatur, pone a su consideraci\u00f3n las siguientes ofertas de servicios tur\u00edsticos relacionados con la celebraci\u00f3n \u00a0en el Instituto de Medicina Tropical \u201cPedro Kouri\u201d, IPK del 18vo Curso Internacional de Dengue y otros arbovirus emergentes, a desarrollarse entre el 19 al 30 de agosto de 2024.<\/p>\n<table style=\"border-collapse: collapse;width: 100%;height: 216px\">\n<tbody>\n<tr style=\"height: 24px\">\n<td style=\"width: 99.9999%;text-align: center;height: 24px\" colspan=\"3\"><strong><u>HOTEL PLAN HABITACION +DESAYUNO\u00a0\u00a0\u00a0 (PLAN CP)<br \/>\n<\/u><\/strong><\/td>\n<\/tr>\n<tr style=\"height: 24px\">\n<td style=\"width: 34.0659%;height: 24px\"><\/td>\n<td style=\"width: 30.1587%;text-align: center;height: 24px\"><strong><u>Habitaci\u00f3n Doble (DBL)<\/u><\/strong><\/td>\n<td style=\"width: 35.7753%;text-align: center;height: 24px\"><strong><u>Habitaci\u00f3n Sencilla (SGL)<\/u><\/strong><\/td>\n<\/tr>\n<tr style=\"height: 24px\">\n<td style=\"width: 34.0659%;height: 24px\"><\/td>\n<td style=\"width: 30.1587%;text-align: center;height: 24px\"><strong>\u00a0\u00a0\u00a0\u00a0\u00a0\u00a0\u00a0\u00a0\u00a0\u00a0\u00a0\u00a0\u00a0\u00a0\u00a0 2 personas X Habitaci\u00f3n<\/strong><\/td>\n<td style=\"width: 35.7753%;text-align: center;height: 24px\"><strong>1 persona X Habitaci\u00f3n<\/strong><\/td>\n<\/tr>\n<tr style=\"height: 24px\">\n<td style=\"width: 34.0659%;height: 24px\">Hotel Mariposa (2*) \u00a0\u00a0\u00a0\u00a0 SEDE<\/td>\n<td style=\"width: 30.1587%;text-align: center;height: 24px\">54.00<\/td>\n<td style=\"width: 35.7753%;text-align: center;height: 24px\">60.00<\/td>\n<\/tr>\n<tr style=\"height: 24px\">\n<td style=\"width: 34.0659%;height: 24px\">Hotel Palco (4*)<\/td>\n<td style=\"width: 30.1587%;text-align: center;height: 24px\">64.00<\/td>\n<td style=\"width: 35.7753%;text-align: center;height: 24px\">74.00<\/td>\n<\/tr>\n<tr style=\"height: 24px\">\n<td style=\"width: 34.0659%;height: 24px\">Hotel Bello Caribe (3*)<\/td>\n<td style=\"width: 30.1587%;text-align: center;height: 24px\">78.00<\/td>\n<td style=\"width: 35.7753%;text-align: center;height: 24px\">86.00<\/td>\n<\/tr>\n<tr style=\"height: 24px\">\n<td style=\"width: 34.0659%;height: 24px\">Hotel Grand Muthu (5*)<\/td>\n<td style=\"width: 30.1587%;text-align: center;height: 24px\">114.00<\/td>\n<td style=\"width: 35.7753%;text-align: center;height: 24px\">148.00<\/td>\n<\/tr>\n<tr style=\"height: 24px\">\n<td style=\"width: 34.0659%;height: 24px\">Hotel Nacional de Cuba (5*)<\/td>\n<td style=\"width: 30.1587%;text-align: center;height: 24px\">106.00<\/td>\n<td style=\"width: 35.7753%;text-align: center;height: 24px\">142.00<\/td>\n<\/tr>\n<tr style=\"height: 24px\">\n<td style=\"width: 34.0659%;height: 24px\">Hotel Vedado (3*)<\/td>\n<td style=\"width: 30.1587%;text-align: center;height: 24px\">78.00<\/td>\n<td style=\"width: 35.7753%;text-align: center;height: 24px\">90.00<\/td>\n<\/tr>\n<\/tbody>\n<\/table>\n<p>&nbsp;<\/p>\n<table style=\"width: 99.5896%\">\n<tbody>\n<tr>\n<td style=\"width: 124.884%;text-align: center\" colspan=\"3\"><strong><u>HOTEL PLAN HABITACION +CENA +DESAYUNO\u00a0\u00a0\u00a0 (PLAN MAP )<br \/>\n<\/u><\/strong><\/td>\n<\/tr>\n<tr>\n<td style=\"width: 33.9601%\"><\/td>\n<td style=\"width: 30.077%;text-align: center\"><strong><u>Habitaci\u00f3n Doble (DBL)<\/u><\/strong><\/td>\n<td style=\"width: 60.847%;text-align: center\"><strong><u>Habitaci\u00f3n Sencilla (SGL)<\/u><\/strong><\/td>\n<\/tr>\n<tr>\n<td style=\"width: 33.9601%\"><\/td>\n<td style=\"width: 30.077%\"><strong>\u00a0\u00a0\u00a0\u00a0\u00a0\u00a0\u00a0\u00a0\u00a0\u00a0\u00a0\u00a0\u00a0\u00a0\u00a0 2 personas X Habitaci\u00f3n<\/strong><\/td>\n<td style=\"width: 60.847%\"><strong>1 persona X Habitaci\u00f3n<\/strong><\/td>\n<\/tr>\n<tr>\n<td style=\"width: 33.9601%\">Hotel Mariposa (2*) \u00a0\u00a0\u00a0\u00a0 SEDE<\/td>\n<td style=\"width: 30.077%;text-align: center\">72.00<\/td>\n<td style=\"width: 60.847%;text-align: center\">80.00<\/td>\n<\/tr>\n<tr>\n<td style=\"width: 33.9601%\">Hotel Palco (4*)<\/td>\n<td style=\"width: 30.077%;text-align: center\">75.00<\/td>\n<td style=\"width: 60.847%;text-align: center\">85.00<\/td>\n<\/tr>\n<tr>\n<td style=\"width: 33.9601%\">Hotel Bello Caribe (3*)<\/td>\n<td style=\"width: 30.077%;text-align: center\">98.00<\/td>\n<td style=\"width: 60.847%;text-align: center\">106.00<\/td>\n<\/tr>\n<tr>\n<td style=\"width: 33.9601%\">Hotel Grand Muthu (5*)<\/td>\n<td style=\"width: 30.077%;text-align: center\">140.00<\/td>\n<td style=\"width: 60.847%;text-align: center\">174.00<\/td>\n<\/tr>\n<tr>\n<td style=\"width: 33.9601%\">Hotel Nacional de Cuba (5*)<\/td>\n<td style=\"width: 30.077%;text-align: center\">140.00<\/td>\n<td style=\"width: 60.847%;text-align: center\">178.00<\/td>\n<\/tr>\n<tr>\n<td style=\"width: 33.9601%\">Hotel Vedado (3*)<\/td>\n<td style=\"width: 30.077%;text-align: center\">94.00<\/td>\n<td style=\"width: 60.847%;text-align: center\">112.00<\/td>\n<\/tr>\n<\/tbody>\n<\/table>\n<p><strong>Precios por persona (pax) y por noche, en D\u00f3lares Estadounidenses (USD). <\/strong><\/p>\n<p>Incluyen:<\/p>\n<p>&#8211; Recibimiento y asistencia en el Aeropuerto Internacional de La Habana, por personal de la Agencia Havanatur.<\/p>\n<p>&#8211; Traslados desde el Aeropuerto Internacional de La Habana al hotel seleccionado.<\/p>\n<p>&#8211; Hospedaje en el hotel seleccionado (ver arriba listado de ofertas).<\/p>\n<p>&#8211; Traslado desde su hotel hacia el Instituto de Medicina Tropical, IPK y regreso una vez concluidas las actividades del curso.<\/p>\n<p>&#8211; Traslado (con 3 horas de antelaci\u00f3n a la hora de salida de su vuelo), desde su hotel al Aeropuerto Internacional de La Habana (debe informar los datos de su vuelo con 72 horas de antelaci\u00f3n)<\/p>\n<p><strong>TRANSPORTACION<\/strong><\/p>\n<p>Para los participantes del curso que solo deseen transportaciones diarias a las actividades del curso, el precio diario ser\u00e1 de 40,00 USD por d\u00eda con ida y regreso desde los hoteles antes mencionados.<\/p>\n<p>Para la solicitud de servicio s\u00edrvase contactar:<\/p>\n<p><a href=\"mailto:rpte2.eventos@havanatur.cu\" target=\"_blank\" rel=\"noopener\">rpte2.eventos@havanatur.cu<\/a><\/p>\n<p>Tel\u00e9fonos:<\/p>\n<p>+53-7-2019777<\/p>\n<p>+53 52680138<\/p>\n","protected":false},"excerpt":{"rendered":"<p>Ingl\u00e9s OFERTAS TURISTICAS P\u00daBLICAS La Agencia Havanatur, pone a su consideraci\u00f3n las siguientes ofertas de servicios tur\u00edsticos relacionados con la celebraci\u00f3n \u00a0en el Instituto de Medicina Tropical \u201cPedro Kouri\u201d, IPK del 18vo Curso Internacional de Dengue y otros arbovirus emergentes, a desarrollarse entre el 19 al 30 de agosto de 2024. HOTEL PLAN HABITACION +DESAYUNO\u00a0\u00a0\u00a0 [&hellip;]<\/p>\n","protected":false},"author":3257,"featured_media":0,"parent":0,"menu_order":0,"comment_status":"closed","ping_status":"closed","template":"","meta":[],"_links":{"self":[{"href":"https:\/\/promociondeeventos.sld.cu\/dengue2023\/wp-json\/wp\/v2\/pages\/382"}],"collection":[{"href":"https:\/\/promociondeeventos.sld.cu\/dengue2023\/wp-json\/wp\/v2\/pages"}],"about":[{"href":"https:\/\/promociondeeventos.sld.cu\/dengue2023\/wp-json\/wp\/v2\/types\/page"}],"author":[{"embeddable":true,"href":"https:\/\/promociondeeventos.sld.cu\/dengue2023\/wp-json\/wp\/v2\/users\/3257"}],"replies":[{"embeddable":true,"href":"https:\/\/promociondeeventos.sld.cu\/dengue2023\/wp-json\/wp\/v2\/comments?post=382"}],"version-history":[{"count":18,"href":"https:\/\/promociondeeventos.sld.cu\/dengue2023\/wp-json\/wp\/v2\/pages\/382\/revisions"}],"predecessor-version":[{"id":416,"href":"https:\/\/promociondeeventos.sld.cu\/dengue2023\/wp-json\/wp\/v2\/pages\/382\/revisions\/416"}],"wp:attachment":[{"href":"https:\/\/promociondeeventos.sld.cu\/dengue2023\/wp-json\/wp\/v2\/media?parent=382"}],"curies":[{"name":"wp","href":"https:\/\/api.w.org\/{rel}","templated":true}]}}