{"id":32,"date":"2023-01-04T15:40:17","date_gmt":"2023-01-04T15:40:17","guid":{"rendered":"https:\/\/promociondeeventos.sld.cu\/dengue2023\/?page_id=32"},"modified":"2024-11-26T20:39:31","modified_gmt":"2024-11-26T20:39:31","slug":"inscripcion","status":"publish","type":"page","link":"https:\/\/promociondeeventos.sld.cu\/dengue2023\/inscripcion\/","title":{"rendered":"Inscripci\u00f3n"},"content":{"rendered":"<p><a href=\"https:\/\/promociondeeventos.sld.cu\/dengue2023en\/registration\/\">Ingl\u00e9s<\/a><\/p>\n<p>Sesiones te\u00f3ricas y pr\u00e1cticas<br \/>\nIncluye el registro a todas las actividades te\u00f3ricas y pr\u00e1cticas, materiales docentes, coctel de bienvenida y cena de despedida.<br \/>\nAquellos participantes que no puedan estar las dos semanas del curso, tendr\u00e1n la oportunidad de aplicar al curso te\u00f3rico o al pr\u00e1ctico solamente.<br \/>\nRegistro para las sesiones te\u00f3ricas solamente: 19-23, Agosto, 2024<br \/>\nRegistro para las sesiones pr\u00e1cticas: 26-30, Agosto, 2024<br \/>\nDetalles para efectuar el pago de la inscripci\u00f3n<br \/>\nContacto para el pago: docencia@smcsalud.cu<\/p>\n","protected":false},"excerpt":{"rendered":"<p>Ingl\u00e9s Sesiones te\u00f3ricas y pr\u00e1cticas Incluye el registro a todas las actividades te\u00f3ricas y pr\u00e1cticas, materiales docentes, coctel de bienvenida y cena de despedida. Aquellos participantes que no puedan estar las dos semanas del curso, tendr\u00e1n la oportunidad de aplicar al curso te\u00f3rico o al pr\u00e1ctico solamente. Registro para las sesiones te\u00f3ricas solamente: 19-23, Agosto, [&hellip;]<\/p>\n","protected":false},"author":3257,"featured_media":0,"parent":0,"menu_order":0,"comment_status":"closed","ping_status":"closed","template":"","meta":[],"_links":{"self":[{"href":"https:\/\/promociondeeventos.sld.cu\/dengue2023\/wp-json\/wp\/v2\/pages\/32"}],"collection":[{"href":"https:\/\/promociondeeventos.sld.cu\/dengue2023\/wp-json\/wp\/v2\/pages"}],"about":[{"href":"https:\/\/promociondeeventos.sld.cu\/dengue2023\/wp-json\/wp\/v2\/types\/page"}],"author":[{"embeddable":true,"href":"https:\/\/promociondeeventos.sld.cu\/dengue2023\/wp-json\/wp\/v2\/users\/3257"}],"replies":[{"embeddable":true,"href":"https:\/\/promociondeeventos.sld.cu\/dengue2023\/wp-json\/wp\/v2\/comments?post=32"}],"version-history":[{"count":42,"href":"https:\/\/promociondeeventos.sld.cu\/dengue2023\/wp-json\/wp\/v2\/pages\/32\/revisions"}],"predecessor-version":[{"id":528,"href":"https:\/\/promociondeeventos.sld.cu\/dengue2023\/wp-json\/wp\/v2\/pages\/32\/revisions\/528"}],"wp:attachment":[{"href":"https:\/\/promociondeeventos.sld.cu\/dengue2023\/wp-json\/wp\/v2\/media?parent=32"}],"curies":[{"name":"wp","href":"https:\/\/api.w.org\/{rel}","templated":true}]}}