{"id":29,"date":"2023-01-04T15:39:45","date_gmt":"2023-01-04T15:39:45","guid":{"rendered":"https:\/\/promociondeeventos.sld.cu\/dengue2023\/?page_id=29"},"modified":"2023-01-18T20:30:26","modified_gmt":"2023-01-18T20:30:26","slug":"normas-de-presentacion","status":"publish","type":"page","link":"https:\/\/promociondeeventos.sld.cu\/dengue2023\/normas-de-presentacion\/","title":{"rendered":"Normas de Presentaci\u00f3n"},"content":{"rendered":"<p><a href=\"https:\/\/promociondeeventos.sld.cu\/dengue2023en\/rules-for-the-presentation-of-the-works\/\">Ingl\u00e9s<\/a><\/p>\n<ul>\n<li><strong>Texto del resumen estructurado en<\/strong>: T\u00edtulo, Autor\/es, Palabras Clave, Introducci\u00f3n, Objetivos, Material y M\u00e9todo, Resultados, Discusi\u00f3n o Conclusiones y Bibliograf\u00eda<\/li>\n<li><strong>T\u00edtulo<\/strong> (no m\u00e1s de 16 palabras)<\/li>\n<li><strong>Autor\/es<\/strong>, (M\u00e1ximo 10 autores por resumen y se deben aportar los siguientes datos: nombre completo, email, y afiliaci\u00f3n <em>para poder hacer el env\u00edo de los certificados correspondientes)<\/em><\/li>\n<li><strong>Palabras clave<\/strong> (no m\u00e1s de cinco)<\/li>\n<li><strong>El resumen<\/strong> (sin incluir t\u00edtulos, autores y afiliaci\u00f3n) no puede superar las 400 palabras. En el caso de querer adjuntar una tabla o gr\u00e1fico, no podr\u00e1 superar las 300 palabras.<\/li>\n<li>El autor que presente la suscripci\u00f3n (en caso de ser aceptada) <strong>deber\u00e1 estar inscrito en el curso.<\/strong><\/li>\n<\/ul>\n<p><strong>Caracter\u00edsticas de los p\u00f3steres:<\/strong><\/p>\n<ul>\n<li>Los p\u00f3steres deben ser trabajos de una sola p\u00e1gina, estructurados de forma sint\u00e9tica, sencilla y visual.<\/li>\n<li>En el resumen deben aparecer todos los \u00edtems del resumen enviado anteriormente.<\/li>\n<li>Se recomienda que tengan un 30 % de elementos gr\u00e1ficos e im\u00e1genes y un 70 % de texto.<\/li>\n<li>Los p\u00f3steres se presentar\u00e1n en formato vertical, tama\u00f1o aproximado DINa4 (4:3, en color y con la suficiente visualizaci\u00f3n e informaci\u00f3n del trabajo que se aporta en el resumen.<\/li>\n<li>La presentaci\u00f3n del p\u00f3ster se realizar\u00e1 en formato PDF, y con un tama\u00f1o no mayor de 5 Megabytes.<\/li>\n<li>Para presentar la bibliograf\u00eda, puedes a\u00f1adir un c\u00f3digo QR, que est\u00e9 enlazado con la bibliograf\u00eda utilizada.<\/li>\n<\/ul>\n","protected":false},"excerpt":{"rendered":"<p>Ingl\u00e9s Texto del resumen estructurado en: T\u00edtulo, Autor\/es, Palabras Clave, Introducci\u00f3n, Objetivos, Material y M\u00e9todo, Resultados, Discusi\u00f3n o Conclusiones y Bibliograf\u00eda T\u00edtulo (no m\u00e1s de 16 palabras) Autor\/es, (M\u00e1ximo 10 autores por resumen y se deben aportar los siguientes datos: nombre completo, email, y afiliaci\u00f3n para poder hacer el env\u00edo de los certificados correspondientes) Palabras [&hellip;]<\/p>\n","protected":false},"author":3257,"featured_media":0,"parent":0,"menu_order":0,"comment_status":"closed","ping_status":"closed","template":"","meta":[],"_links":{"self":[{"href":"https:\/\/promociondeeventos.sld.cu\/dengue2023\/wp-json\/wp\/v2\/pages\/29"}],"collection":[{"href":"https:\/\/promociondeeventos.sld.cu\/dengue2023\/wp-json\/wp\/v2\/pages"}],"about":[{"href":"https:\/\/promociondeeventos.sld.cu\/dengue2023\/wp-json\/wp\/v2\/types\/page"}],"author":[{"embeddable":true,"href":"https:\/\/promociondeeventos.sld.cu\/dengue2023\/wp-json\/wp\/v2\/users\/3257"}],"replies":[{"embeddable":true,"href":"https:\/\/promociondeeventos.sld.cu\/dengue2023\/wp-json\/wp\/v2\/comments?post=29"}],"version-history":[{"count":7,"href":"https:\/\/promociondeeventos.sld.cu\/dengue2023\/wp-json\/wp\/v2\/pages\/29\/revisions"}],"predecessor-version":[{"id":178,"href":"https:\/\/promociondeeventos.sld.cu\/dengue2023\/wp-json\/wp\/v2\/pages\/29\/revisions\/178"}],"wp:attachment":[{"href":"https:\/\/promociondeeventos.sld.cu\/dengue2023\/wp-json\/wp\/v2\/media?parent=29"}],"curies":[{"name":"wp","href":"https:\/\/api.w.org\/{rel}","templated":true}]}}