{"id":26,"date":"2023-01-04T15:39:29","date_gmt":"2023-01-04T15:39:29","guid":{"rendered":"https:\/\/promociondeeventos.sld.cu\/dengue2023\/?page_id=26"},"modified":"2024-05-15T16:29:48","modified_gmt":"2024-05-15T16:29:48","slug":"tematicas","status":"publish","type":"page","link":"https:\/\/promociondeeventos.sld.cu\/dengue2023\/tematicas\/","title":{"rendered":"Tem\u00e1ticas"},"content":{"rendered":"<p><a href=\"https:\/\/promociondeeventos.sld.cu\/dengue2023en\/topics\/\">Ingl\u00e9s<\/a><\/p>\n<ul>\n<li>Situaci\u00f3n actual del Dengue y otros arbovirus emergentes con \u00e9nfasis en Chikungunya, Zika, Fiebre Amarilla. Peligro potencial de Mayaro y Oropouche<\/li>\n<li>Enfoque UNA SALUD para el enfrentamiento del dengue<\/li>\n<li>Iniciativa Global de Arbovirus.<\/li>\n<li>Vigilancia integrada en el contexto de co circulaci\u00f3n de arbovirus<\/li>\n<li>Manejo integrado de vectores en el control del dengue y otros arbovirus<\/li>\n<li>Genoma, estructura y replicaci\u00f3n de los flavivirus. Vigilancia gen\u00f3mica de dengue<\/li>\n<li>Interacci\u00f3n hospedero-arbovirus<\/li>\n<li>Cuadro cl\u00ednico y patolog\u00eda. Diagn\u00f3stico diferencial. Manejo cl\u00ednico, Dengue, Zika y Chikungunya<\/li>\n<li>Patogenia y patofisiolog\u00eda del dengue. Amplificaci\u00f3n dependiente de Anticuerpos (ADE)<\/li>\n<li>Diagn\u00f3stico y vigilancia de laboratorio. Algoritmos diagn\u00f3sticos.<\/li>\n<li>Las OMICS y la Inteligencia artificial en la investigaci\u00f3n del dengue<\/li>\n<li>Impacto de la respuesta inmune y los genes asociados al metabolismo lip\u00eddico en la cl\u00ednica del dengue<\/li>\n<li>Vacunas<\/li>\n<li>Ecolog\u00eda de <em>aegypti <\/em>y la interacci\u00f3n arbovirus-mosquito<\/li>\n<li>Estudios de ecolog\u00eda qu\u00edmica de mosquitos para la mejora de m\u00e9todos de trampeo y control de mosquitos<\/li>\n<li>Vigilancia entomo-virologica<\/li>\n<li>Control qu\u00edmico, vigilancia entomol\u00f3gica y mecanismos de resistencia a los insecticidas<\/li>\n<li>Mecanismos y factores en la transmisi\u00f3n de los arbovirus en el<\/li>\n<li>Control biol\u00f3gico<\/li>\n<li>T\u00e9cnica de aplicaci\u00f3n de insecticidas<\/li>\n<li>T\u00e9cnica del Insecto Est\u00e9ril para el control de <em>aegypti<\/em><\/li>\n<li>Modelos de pron\u00f3stico. Sistemas de alerta temprana<\/li>\n<li>Determinantes sociales en la transmisi\u00f3n del Dengue, Zika y Chikungunya<\/li>\n<li>El cambio clim\u00e1tico y su influencia en la emergencia de los arbovirus<\/li>\n<li>La comunidad en el control del <em>Aedes aegypti<\/em>.<\/li>\n<li>Intersectorialidad en el enfrentamiento y prevenci\u00f3n de las arbovirosis<\/li>\n<li>Costo\/efectividad en el control del Dengue<\/li>\n<\/ul>\n","protected":false},"excerpt":{"rendered":"<p>Ingl\u00e9s Situaci\u00f3n actual del Dengue y otros arbovirus emergentes con \u00e9nfasis en Chikungunya, Zika, Fiebre Amarilla. Peligro potencial de Mayaro y Oropouche Enfoque UNA SALUD para el enfrentamiento del dengue Iniciativa Global de Arbovirus. Vigilancia integrada en el contexto de co circulaci\u00f3n de arbovirus Manejo integrado de vectores en el control del dengue y otros [&hellip;]<\/p>\n","protected":false},"author":3257,"featured_media":0,"parent":0,"menu_order":0,"comment_status":"closed","ping_status":"closed","template":"","meta":[],"_links":{"self":[{"href":"https:\/\/promociondeeventos.sld.cu\/dengue2023\/wp-json\/wp\/v2\/pages\/26"}],"collection":[{"href":"https:\/\/promociondeeventos.sld.cu\/dengue2023\/wp-json\/wp\/v2\/pages"}],"about":[{"href":"https:\/\/promociondeeventos.sld.cu\/dengue2023\/wp-json\/wp\/v2\/types\/page"}],"author":[{"embeddable":true,"href":"https:\/\/promociondeeventos.sld.cu\/dengue2023\/wp-json\/wp\/v2\/users\/3257"}],"replies":[{"embeddable":true,"href":"https:\/\/promociondeeventos.sld.cu\/dengue2023\/wp-json\/wp\/v2\/comments?post=26"}],"version-history":[{"count":5,"href":"https:\/\/promociondeeventos.sld.cu\/dengue2023\/wp-json\/wp\/v2\/pages\/26\/revisions"}],"predecessor-version":[{"id":364,"href":"https:\/\/promociondeeventos.sld.cu\/dengue2023\/wp-json\/wp\/v2\/pages\/26\/revisions\/364"}],"wp:attachment":[{"href":"https:\/\/promociondeeventos.sld.cu\/dengue2023\/wp-json\/wp\/v2\/media?parent=26"}],"curies":[{"name":"wp","href":"https:\/\/api.w.org\/{rel}","templated":true}]}}