{"id":191,"date":"2023-01-19T13:58:38","date_gmt":"2023-01-19T13:58:38","guid":{"rendered":"https:\/\/promociondeeventos.sld.cu\/dengue2023\/?page_id=191"},"modified":"2024-08-16T22:07:18","modified_gmt":"2024-08-16T22:07:18","slug":"programa-2","status":"publish","type":"page","link":"https:\/\/promociondeeventos.sld.cu\/dengue2023\/programa-2\/","title":{"rendered":"Programa"},"content":{"rendered":"<p><a href=\"https:\/\/promociondeeventos.sld.cu\/dengue2023en\/program\">Ingl\u00e9s<\/a><\/p>\n<p><span style=\"text-decoration: underline\"><strong>Descargar Programas<\/strong><\/span><\/p>\n<p><a href=\"http:\/\/promociondeeventos.sld.cu\/dengue2023\/files\/2024\/08\/PROGRAMA-CURSO-TEORICO-16082024.pdf\" target=\"_blank\" rel=\"noopener\">Curso Te\u00f3rico<\/a><\/p>\n<p><span style=\"text-decoration: underline\"><strong>Cursos Pr\u00e1cticos<\/strong><\/span><\/p>\n<p><a href=\"http:\/\/promociondeeventos.sld.cu\/dengue2023en\/files\/2024\/08\/1-CURSO-BIOINFORMATICA.pdf\" target=\"_blank\" rel=\"noopener\">1 &#8211; CURSO BIOINFORMATICA<\/a><\/p>\n<p><a href=\"http:\/\/promociondeeventos.sld.cu\/dengue2023en\/files\/2024\/08\/2-DIAGNOSTICO-MOLECULAR-DE-ARBOVIRUS.pdf\" target=\"_blank\" rel=\"noopener\">2 &#8211; DIAGNOSTICO MOLECULAR DE ARBOVIRUS<\/a><\/p>\n<p><a href=\"http:\/\/promociondeeventos.sld.cu\/dengue2023en\/files\/2024\/08\/3-CLINICA-PATOLOGIA.pdf\" target=\"_blank\" rel=\"noopener\">3 &#8211; CL\u00cdNICA-PATOLOG\u00cdA<\/a><\/p>\n<p><a href=\"http:\/\/promociondeeventos.sld.cu\/dengue2023en\/files\/2024\/08\/4-VECTORES.pdf\" target=\"_blank\" rel=\"noopener\">4 \u2013 VECTORES<\/a><\/p>\n<p><a href=\"http:\/\/promociondeeventos.sld.cu\/dengue2023en\/files\/2024\/08\/5-EPIDEMIOLOGIA.pdf\" target=\"_blank\" rel=\"noopener\">5 \u2013 EPIDEMIOLOG\u00cdA<\/a><\/p>\n<p><a href=\"http:\/\/promociondeeventos.sld.cu\/dengue2023en\/files\/2024\/08\/6-DETERMINANTES-SOCIALES-Y-PARTICIPACION-COMUNITARIA.pdf\" target=\"_blank\" rel=\"noopener\">6 &#8211; DETERMINANTES SOCIALES Y PARTICIPACI\u00d3N COMUNITARIA<\/a><\/p>\n<p>&nbsp;<\/p>\n","protected":false},"excerpt":{"rendered":"<p>Ingl\u00e9s Descargar Programas Curso Te\u00f3rico Cursos Pr\u00e1cticos 1 &#8211; CURSO BIOINFORMATICA 2 &#8211; DIAGNOSTICO MOLECULAR DE ARBOVIRUS 3 &#8211; CL\u00cdNICA-PATOLOG\u00cdA 4 \u2013 VECTORES 5 \u2013 EPIDEMIOLOG\u00cdA 6 &#8211; DETERMINANTES SOCIALES Y PARTICIPACI\u00d3N COMUNITARIA &nbsp;<\/p>\n","protected":false},"author":3257,"featured_media":0,"parent":0,"menu_order":0,"comment_status":"closed","ping_status":"closed","template":"","meta":[],"_links":{"self":[{"href":"https:\/\/promociondeeventos.sld.cu\/dengue2023\/wp-json\/wp\/v2\/pages\/191"}],"collection":[{"href":"https:\/\/promociondeeventos.sld.cu\/dengue2023\/wp-json\/wp\/v2\/pages"}],"about":[{"href":"https:\/\/promociondeeventos.sld.cu\/dengue2023\/wp-json\/wp\/v2\/types\/page"}],"author":[{"embeddable":true,"href":"https:\/\/promociondeeventos.sld.cu\/dengue2023\/wp-json\/wp\/v2\/users\/3257"}],"replies":[{"embeddable":true,"href":"https:\/\/promociondeeventos.sld.cu\/dengue2023\/wp-json\/wp\/v2\/comments?post=191"}],"version-history":[{"count":17,"href":"https:\/\/promociondeeventos.sld.cu\/dengue2023\/wp-json\/wp\/v2\/pages\/191\/revisions"}],"predecessor-version":[{"id":490,"href":"https:\/\/promociondeeventos.sld.cu\/dengue2023\/wp-json\/wp\/v2\/pages\/191\/revisions\/490"}],"wp:attachment":[{"href":"https:\/\/promociondeeventos.sld.cu\/dengue2023\/wp-json\/wp\/v2\/media?parent=191"}],"curies":[{"name":"wp","href":"https:\/\/api.w.org\/{rel}","templated":true}]}}