{"id":134,"date":"2021-09-30T12:00:46","date_gmt":"2021-09-30T12:00:46","guid":{"rendered":"http:\/\/promociondeeventos.sld.cu\/dengue2021en\/?page_id=134"},"modified":"2021-09-30T12:00:46","modified_gmt":"2021-09-30T12:00:46","slug":"posters","status":"publish","type":"page","link":"https:\/\/promociondeeventos.sld.cu\/dengue2021en\/posters\/","title":{"rendered":"Posters"},"content":{"rendered":"<p><a href=\"http:\/\/promociondeeventos.sld.cu\/dengue2021\">Spanish<\/a><\/p>\n<p><strong>LISTADO DE POSTERS<\/strong><\/p>\n<p><strong>\u00a0<\/strong><\/p>\n<ol>\n<li>POTENCIALIDADES INSECTICIDAS DE LAS PLANTAS PARA EL CONTROL DE VECTORES: ESTADO DEL ARTE<\/li>\n<\/ol>\n<p>&nbsp;<\/p>\n<p>Autores: Maureen Leyva<sup>1*<\/sup>, Maria del Carmen Marquetti <sup>1<\/sup>, Oriela Pino <sup>2<\/sup>, Domingo Montada<sup>1 <\/sup>Yordana Magalys D\u00edaz<sup>1<\/sup><\/p>\n<p>&nbsp;<\/p>\n<p>1 Instituto Medicina Tropical \u201cPedro Kour\u00ed\u201d, Cuba<\/p>\n<p>2 Centro Nacional de Sanidad Agropecuaria CENSA, Cuba<\/p>\n<p><a href=\"mailto:maureen@ipk.sld.cu\">maureen@ipk.sld.cu<\/a><\/p>\n<p>Cuba<\/p>\n<p>&nbsp;<\/p>\n<ol start=\"2\">\n<li>MODELING DENGUE IMMUNE RESPONSES MEDIATED\u00a0BY ANTIBODIES: INSIGHT ON THE\u00a0IMMUNOPATHOGENESIS OF SEVERE DISEASE<\/li>\n<\/ol>\n<p><strong>\u00a0<\/strong><\/p>\n<p>Author: Vizda Anam*<\/p>\n<p><a href=\"mailto:vanam@bcamath.org\">vanam@bcamath.org<\/a><\/p>\n<p>&nbsp;<\/p>\n<p>BCAM-Basque center for applied mathematics<\/p>\n<p>&nbsp;<\/p>\n<p>Pakist\u00e1n<\/p>\n<p>&nbsp;<\/p>\n<ol start=\"3\">\n<li>VIGILANCIA DEL DENGUE CON ENSAYO INMUNOENZIM\u00c1TICO UMELISA IgM DENGUE PLUS\u00a8.<\/li>\n<\/ol>\n<p>&nbsp;<\/p>\n<p>Autores: MSc. Alvarez Maturell Elvio Luis<strong><sup>1*<\/sup><\/strong>; Lic. P\u00e9rez Parrado Ileana<strong><sup>2<\/sup><\/strong>; Dr. Manuel Vicente \u00c1lvarez Ram\u00edrez<\/p>\n<p><a href=\"mailto:*labsumaca@infomed.sld.cu\">*labsumaca@infomed.sld.cu<\/a><\/p>\n<p>Cuba<\/p>\n<p>&nbsp;<\/p>\n<ol start=\"4\">\n<li>PRIMER REGISTRO DE TRANSMISI\u00d3N VERTICAL DEL VIRUS DENGUE EN UNA POBLACI\u00d3N CUBANA <em>AEDES ALBOPICTUS<\/em>.<\/li>\n<\/ol>\n<p>&nbsp;<\/p>\n<p>Autores: Luis Augusto Piedra1*; Liss Claudia Mart\u00ednez 1; Armando Ruiz; Juan Ram\u00f3n V\u00e1zquez2; Mar\u00eda Guadalupe Guzm\u00e1n; Natividad Hern\u00e1ndez; Israel Garc\u00eda; Eric Camacho; Juan Andres Bisset<\/p>\n<p>1 Departamento de Control de Vectores, Instituto de Medicina Tropical \u00abPedro Kour\u00ed\u00bb<\/p>\n<p>2 Facultad de Ciencias M\u00e9dicas de Diez de Octubre<\/p>\n<p>* <a href=\"mailto:piedra@ipk.sld.cu\">piedra@ipk.sld.cu<\/a><\/p>\n<p>&nbsp;<\/p>\n<p>Cuba<\/p>\n<p>&nbsp;<\/p>\n<ol start=\"5\">\n<li>COMPETENCIA INTERESPEC\u00cdFICA ENTRE <em>AEDES AEGYPTI<\/em> Y <em>AEDES ALBOPICTUS<\/em> (DIPTERA: CULICIDAE), EN CONDICIONES DE LABORATORIO.<\/li>\n<\/ol>\n<p>&nbsp;<\/p>\n<p>Autores: Yanisley Mart\u00ednez L\u00f3pez*; Yanet Mart\u00ednez P\u00e9rez; Juan A. Bisset Lazcano; Ren\u00e9 Gato de Armas; Eric Camacho Acosta; Miriam Acosta Rodr\u00edguez; Maria del Carmen Marquetti Fern\u00e1ndez<\/p>\n<p>&nbsp;<\/p>\n<p>Departamento de Control de Vectores, Instituto de Medicina Tropical Pedro Kour\u00ed<\/p>\n<p><a href=\"mailto:*yanisley@ipk.sld.cu\">*yanisley@ipk.sld.cu<\/a><\/p>\n<p>&nbsp;<\/p>\n<p>Cuba<\/p>\n<p>&nbsp;<\/p>\n<ol start=\"6\">\n<li>EVALUATION OF INSECTICIDAL PAINTS FOR DENGUE AND ZIKA VECTOR CONTROL IN CAPE VERDE<\/li>\n<\/ol>\n<p>Authors: Deinilson C. Mendes, Bruno dos Santos-Pina, Lenita C.P. Miranda, Lenine A. Brand\u00e3o e Sousa, Keily L.F. Silva, H\u00e9lio D.R. Rocha, Lara F. G\u00f3mez*<\/p>\n<p>&nbsp;<\/p>\n<p>*Maria Lara Ferrero G\u00f3mez, <a href=\"mailto:lara.ferrero.gomez@gmail.com\">lara.ferrero.gomez@gmail.com<\/a>, GIDTPiaget\/UniPiaget<\/p>\n<p>*Principal Investigator of the Grupo de Investiga\u00e7\u00e3o em Doen\u00e7as Tropicais da UniPiaget \u2013 GIDTPiaget<\/p>\n<p>&nbsp;<\/p>\n<p>Universidad Jean Piaget de Cabo Verde (uniPiaget)<\/p>\n<p>&nbsp;<\/p>\n<ol start=\"7\">\n<li>COINFECCI\u00d3N COVID-19 Y DENGUE EN VERACRUZ, MEXICO<\/li>\n<\/ol>\n<p>&nbsp;<\/p>\n<p>Autores: Luis Del Carpio-Orantes*, Sergio Garc\u00eda-M\u00e9ndez, Jes\u00fas Salvador S\u00e1nchez-D\u00edaz, Zaid Antonio L\u00f3pez-Zamorano, Daniel Garc\u00eda-Narvaez, Gustavo Miguel Zamudio-Severino, Lizeth Sofia Flores-Salguero, Seth C\u00e9sar Ju\u00e1rez-S\u00e1nchez, Jos\u00e9 Ignacio S\u00e1nchez-Orozco, Andr\u00e9s Aguilar-Silva.<\/p>\n<p>&nbsp;<\/p>\n<p>Instituto Mexicano del Seguro Social, Sociedad Mexicana de Virolog\u00eda, Grupo de estudio para el diagn\u00f3stico y tratamiento del COVID-19 en Veracruz, M\u00e9xico<\/p>\n<p>&nbsp;<\/p>\n<p><a href=\"mailto:*neurona23@hotmail.com\">*neurona23@hotmail.com<\/a><\/p>\n<p>&nbsp;<\/p>\n<p>M\u00e9xico<\/p>\n<p>&nbsp;<\/p>\n<ol start=\"8\">\n<li>AN\u00c1LISIS DE LOS ATRIBUTOS DIAGN\u00d3STICO DEL ENSAYO INMUNOENZIM\u00c1TICO UMELISA DENGUE IGM PLUS<\/li>\n<\/ol>\n<p>&nbsp;<\/p>\n<p>Autores: MSc. Alvarez Maturell Elvio Luis*; Lic. P\u00e9rez Parrado Ileana<\/p>\n<p>&nbsp;<\/p>\n<p>Laboratorio de tecnolog\u00eda SUMA del CPHEM.<\/p>\n<p>&nbsp;<\/p>\n<p><a href=\"mailto:*labsumaca@infomed.sld.cu\">*labsumaca@infomed.sld.cu<\/a><\/p>\n<p>&nbsp;<\/p>\n<p>Cuba<\/p>\n<p>&nbsp;<\/p>\n<ol start=\"9\">\n<li>Obtenci\u00f3n de una preparaci\u00f3n de anticuerpos policlonales espec\u00edficos al dominio III de la prote\u00edna de envoltura del virus dengue 1 para estudios de reactividad cruzada con el virus Zika.<\/li>\n<\/ol>\n<p>&nbsp;<\/p>\n<p>Autores: Luis Gabriel Gonz\u00e1lez-Lodeiro1, Danya Medina Carrasco2, Lisandra E. Garc\u00eda de Castro3 y Vivian Huerta Galindo4.<\/p>\n<p>&nbsp;<\/p>\n<p>* Antivirales Dengue, Centro de Ingenier\u00eda Gen\u00e9tica y Biotecnolog\u00eda<\/p>\n<p>1 <a href=\"mailto:luis.gonzalez@cigb.edu.cu\">luis.gonzalez@cigb.edu.cu<\/a><\/p>\n<p>2 <a href=\"mailto:danya.medina@cigb.edu.cu\">danya.medina@cigb.edu.cu<\/a><\/p>\n<p>3 <a href=\"mailto:lisandra.garcia@cigb.edu.cu\">lisandra.garcia@cigb.edu.cu<\/a><\/p>\n<p>4 <a href=\"mailto:vivian.huerta@cigb.edu.cu\">vivian.huerta@cigb.edu.cu<\/a><\/p>\n<p>&nbsp;<\/p>\n<p>Cuba<\/p>\n<p>&nbsp;<\/p>\n<ol start=\"10\">\n<li>VIGILANCIA LARVAL DE <em>Aedes aegypti<\/em> USANDO REDUCCI\u00d3N DEL TAMA\u00d1O DE MUESTRAS DURANTE LA PANDEMIA DE LA COVID-19 EN CUBA<\/li>\n<\/ol>\n<p>Autores: Maria del Carmen Marquetti*, Juan Bisset, Andr\u00e9s Bisset, Magaly P\u00e9rez, Iris Peraza, Maureen Leyva, Yanisley Mart\u00ednez, Maricely Rodr\u00edguez, Miriam Acosta, Veerle Vanlerberghe<\/p>\n<p>&nbsp;<\/p>\n<p>* <a href=\"mailto:Marquetti@ipk.sld.cu\">Marquetti@ipk.sld.cu<\/a><\/p>\n<p>&nbsp;<\/p>\n<p>Cuba<\/p>\n<p>&nbsp;<\/p>\n<ol start=\"11\">\n<li>INFECCI\u00d3N POR DENGUE ANTE DEL CAMBIO CLIM\u00c1TICO EN VILLA CLARA DURANTE LOS A\u00d1OS 2017-2020.<\/li>\n<\/ol>\n<p>&nbsp;<\/p>\n<p>Autores: Carlos Miguel Campos \u2013 S\u00e1nchez1 ORCID: https:\/\/orcid.org\/0000-0002-1861-2991<\/p>\n<p>Laura Adalys Guillen \u2013 Le\u00f3n2 ORCID: https:\/\/orcid.org\/0000-0001-6224-667X<\/p>\n<p>Isbetti Acosta Escanaverino1 ORCID: https:\/\/orcid.org\/0000-0001-7512-7178<\/p>\n<p>Daniel Rodr\u00edguez Hurtado1 ORCID: https:\/\/orcid.org\/0000-0002-7943-7189<\/p>\n<p>&nbsp;<\/p>\n<p>1 Estudiante de cuarto a\u00f1o de Medicina. Facultad de Medicina. Universidad de Ciencias M\u00e9dicas de Villa Clara. Villa Clara. Cuba.<\/p>\n<p>2 Estudiante de tercer a\u00f1o de Medicina. Facultad de Medicina. Universidad de Ciencias M\u00e9dicas de Villa Clara. Villa Clara. Cuba.<\/p>\n<p>Correspondencia a: Carlos Miguel Campos \u2013 S\u00e1nchez correo karlosk@nauta.cu +53 58516184; Laura Adalys Guillen \u2013 Le\u00f3n correo <a href=\"mailto:lauraguillen@nauta.cu\">lauraguillen@nauta.cu<\/a><\/p>\n<p>Cuba<\/p>\n<p>&nbsp;<\/p>\n<p>&nbsp;<\/p>\n<ol start=\"12\">\n<li>EVALUATION OF EIGHT SEROLOGICAL COMMERCIALLY TESTS FOR DIAGNOSTIC OF ZIKA VIRUS INFECTION.<\/li>\n<\/ol>\n<p>&nbsp;<\/p>\n<p>Autores: Didye Ruiz, Naifi Calzada*, Aina M\u00e9ndez, Lianna M Garcia, Melissa Roca, Jose Pelegrino and Maria G Guzm\u00e1n<\/p>\n<p>\u201cPedro Kour\u00ed\u201d Tropical Medicine Institute (IPK). PAHO\/WHO Collaborating Center for Dengue and others Arbovirus.<\/p>\n<p>&nbsp;<\/p>\n<p><a href=\"mailto:*didye.ruiz@ipk.sld.cu\">*didye.ruiz@ipk.sld.cu<\/a><\/p>\n<p>Cuba<\/p>\n<p>&nbsp;<\/p>\n<p>13.ACTIVIDAD ANTIVIRAL <em>IN VITRO <\/em>DE EXTRACTOS DE OCHO PLANTAS COLOMBIANAS PERTENECIENTES A LA FAMILIA SOLANACEAE FRENTE A LOS ARBOVIRUS DENGUE, ZIKA Y CHIKUNGUNYA<\/p>\n<p><strong>\u00a0<\/strong><\/p>\n<p><span style=\"text-decoration: underline\">Erika Vanessa Jim\u00e9nez-Posada<sup>1,2<\/sup><\/span><\/p>\n<p>E-mail: <a href=\"mailto:vanessa.jimenez1@udea.edu.co\">vanessa.jimenez1@udea.edu.co<\/a><\/p>\n<p>Sara Maria Robledo<sup>2<\/sup><\/p>\n<p>E-mail: <a href=\"mailto:sara_robledo@yahoo.com\">sara_robledo@yahoo.com<\/a><\/p>\n<p>Oscar Marino Mosquera Mart\u00ednez<sup>3<\/sup><\/p>\n<p>E-mail: <a href=\"mailto:omosquer@utp.edu.co\">omosquer@utp.edu.co<\/a><\/p>\n<p>Marlen Mart\u00ednez-Guti\u00e9rrez<sup>1<\/sup><\/p>\n<p>E-mail: <a href=\"mailto:marlen.martinezg@campusucc.edu.co\">marlen.martinezg@campusucc.edu.co<\/a><\/p>\n<p>&nbsp;<\/p>\n<p>Afiliaciones institucionales:<\/p>\n<p><sup>\u00a0<\/sup><\/p>\n<ol>\n<li>Grupo de Investigaci\u00f3n en Ciencias Animales-GRICA, Universidad Cooperativa de Colombia<\/li>\n<li>Programa de Estudio y Control de Enfermedades Tropicales-PECET. Universidad de Antioquia.<\/li>\n<\/ol>\n<p>&nbsp;<\/p>\n<p>Grupo de Biotecnolog\u00eda-Productos Naturales, Universidad Tecnol\u00f3gica de Pereira.<\/p>\n<p>&nbsp;<\/p>\n<p>Colombia<\/p>\n<p>&nbsp;<\/p>\n<ol start=\"14\">\n<li>BACILLUS THURINGIENSIS A21: AISLAMIENTO NO T\u00d3XICO, DE ELEVADA ACTIVIDAD LARVICIDA RESIDUAL CONTRA AEDES AEGYPTI (LINNAEUS, 1762) (DIPTERA: CULICIDAE)<\/li>\n<\/ol>\n<p>&nbsp;<\/p>\n<p>Autores: Aileen Gonz\u00e1lez Rizo1*, Ana Elizabeth Torres Cueto2, Ariamys Companioni Iba\u00f1ez1, Jorge D Cantillo Padr\u00f3n1, Israel Garc\u00eda Garc\u00eda1, Jorge Anaya Martinez1, Hilda M Hern\u00e1ndez \u00c1lvarez1<\/p>\n<ol>\n<li>Instituto de Medicina Tropical Pedro Kour\u00ed<\/li>\n<li>Laboratorio de Conservaci\u00f3n Preventiva. Archivo Nacional de Cuba. La Habana, Cuba<\/li>\n<\/ol>\n<p>&nbsp;<\/p>\n<p>* <a href=\"mailto:aileen@ipk.sld.cu\">aileen@ipk.sld.cu<\/a><\/p>\n<p>&nbsp;<\/p>\n<p>Cuba<\/p>\n<p>&nbsp;<\/p>\n<ol start=\"15\">\n<li>AN\u00c1LISIS FILOGEN\u00c9TICO Y EVOLUTIVO DE DENV-1 Y DENV-2 CIRCULANTES EN LA FRONTERA COLOMBO-VENEZOLANA.<\/li>\n<\/ol>\n<p>&nbsp;<\/p>\n<p>Autores: Dra. Marlen Carrillo Hern\u00e1ndez1,2 \u00a0<a href=\"mailto:marlen.carrillo@udea.edu.co\">marlen.carrillo@udea.edu.co<\/a><\/p>\n<p>Sara Robledo2, Julian Ruiz-Saenz 1, Lucy Jaimes3, Marlen Mart\u00ednez-Guti\u00e9rrez 1*<\/p>\n<p>1Grupo de Investigaci\u00f3n en Ciencias Animales, Universidad Cooperativa Colombia.<\/p>\n<p>2Programa de estudio y Control Enfermedades Tropicales, Universidad de Antioquia<\/p>\n<p>3ESE Hospital Jorge Cristo Sahium<\/p>\n<p>*Autor de correspondencia: <a href=\"mailto:marlen.martinezg@campusucc.edu.co\">marlen.martinezg@campusucc.edu.co<\/a><\/p>\n<p>&nbsp;<\/p>\n<p>Colombia<\/p>\n","protected":false},"excerpt":{"rendered":"<p>Spanish LISTADO DE POSTERS \u00a0 POTENCIALIDADES INSECTICIDAS DE LAS PLANTAS PARA EL CONTROL DE VECTORES: ESTADO DEL ARTE &nbsp; Autores: Maureen Leyva1*, Maria del Carmen Marquetti 1, Oriela Pino 2, Domingo Montada1 Yordana Magalys D\u00edaz1 &nbsp; 1 Instituto Medicina Tropical \u201cPedro Kour\u00ed\u201d, Cuba 2 Centro Nacional de Sanidad Agropecuaria CENSA, Cuba maureen@ipk.sld.cu Cuba &nbsp; MODELING [&hellip;]<\/p>\n","protected":false},"author":3257,"featured_media":0,"parent":0,"menu_order":0,"comment_status":"closed","ping_status":"open","template":"","meta":[],"_links":{"self":[{"href":"https:\/\/promociondeeventos.sld.cu\/dengue2021en\/wp-json\/wp\/v2\/pages\/134"}],"collection":[{"href":"https:\/\/promociondeeventos.sld.cu\/dengue2021en\/wp-json\/wp\/v2\/pages"}],"about":[{"href":"https:\/\/promociondeeventos.sld.cu\/dengue2021en\/wp-json\/wp\/v2\/types\/page"}],"author":[{"embeddable":true,"href":"https:\/\/promociondeeventos.sld.cu\/dengue2021en\/wp-json\/wp\/v2\/users\/3257"}],"replies":[{"embeddable":true,"href":"https:\/\/promociondeeventos.sld.cu\/dengue2021en\/wp-json\/wp\/v2\/comments?post=134"}],"version-history":[{"count":1,"href":"https:\/\/promociondeeventos.sld.cu\/dengue2021en\/wp-json\/wp\/v2\/pages\/134\/revisions"}],"predecessor-version":[{"id":136,"href":"https:\/\/promociondeeventos.sld.cu\/dengue2021en\/wp-json\/wp\/v2\/pages\/134\/revisions\/136"}],"wp:attachment":[{"href":"https:\/\/promociondeeventos.sld.cu\/dengue2021en\/wp-json\/wp\/v2\/media?parent=134"}],"curies":[{"name":"wp","href":"https:\/\/api.w.org\/{rel}","templated":true}]}}