{"id":66,"date":"2021-08-16T14:54:22","date_gmt":"2021-08-16T14:54:22","guid":{"rendered":"http:\/\/promociondeeventos.sld.cu\/dengue2021\/?page_id=66"},"modified":"2021-09-06T20:20:46","modified_gmt":"2021-09-06T20:20:46","slug":"organizacion-del-curso","status":"publish","type":"page","link":"https:\/\/promociondeeventos.sld.cu\/dengue2021\/organizacion-del-curso\/","title":{"rendered":"Organizaci\u00f3n del curso:"},"content":{"rendered":"<p><a href=\"http:\/\/promociondeeventos.sld.cu\/dengue2021en\" target=\"_blank\">Ingl\u00e9s<\/a><\/p>\n<ul>\n<li>Se desarrollar\u00e1 en modalidad virtual del 27 de septiembre al 1 de octubre. Este incluye actividades te\u00f3ricas con conferencias, paneles y simposios, en diferentes tem\u00e1ticas como: cl\u00ednica-patolog\u00eda, entomolog\u00eda-control del vector, epidemiolog\u00eda, participaci\u00f3n comunitaria, determinantes sociales y virolog\u00eda\/inmunolog\u00eda. Cada sesi\u00f3n de trabajo ser\u00e1 de 3.30 horas.<\/li>\n<li>Sesi\u00f3n de p\u00f3ster: Los participantes tendr\u00e1n la oportunidad de presentar sus resultados en la sesi\u00f3n de p\u00f3ster virtual. Contactar a Dra. Marta Castro, <a href=\"mailto:martac@ipk.sld.cu\">martac@ipk.sld.cu<\/a><\/li>\n<\/ul>\n<p>&nbsp;<\/p>\n","protected":false},"excerpt":{"rendered":"<p>Ingl\u00e9s Se desarrollar\u00e1 en modalidad virtual del 27 de septiembre al 1 de octubre. Este incluye actividades te\u00f3ricas con conferencias, paneles y simposios, en diferentes tem\u00e1ticas como: cl\u00ednica-patolog\u00eda, entomolog\u00eda-control del vector, epidemiolog\u00eda, participaci\u00f3n comunitaria, determinantes sociales y virolog\u00eda\/inmunolog\u00eda. Cada sesi\u00f3n de trabajo ser\u00e1 de 3.30 horas. Sesi\u00f3n de p\u00f3ster: Los participantes tendr\u00e1n la oportunidad de [&hellip;]<\/p>\n","protected":false},"author":3262,"featured_media":0,"parent":0,"menu_order":0,"comment_status":"closed","ping_status":"open","template":"","meta":[],"_links":{"self":[{"href":"https:\/\/promociondeeventos.sld.cu\/dengue2021\/wp-json\/wp\/v2\/pages\/66"}],"collection":[{"href":"https:\/\/promociondeeventos.sld.cu\/dengue2021\/wp-json\/wp\/v2\/pages"}],"about":[{"href":"https:\/\/promociondeeventos.sld.cu\/dengue2021\/wp-json\/wp\/v2\/types\/page"}],"author":[{"embeddable":true,"href":"https:\/\/promociondeeventos.sld.cu\/dengue2021\/wp-json\/wp\/v2\/users\/3262"}],"replies":[{"embeddable":true,"href":"https:\/\/promociondeeventos.sld.cu\/dengue2021\/wp-json\/wp\/v2\/comments?post=66"}],"version-history":[{"count":3,"href":"https:\/\/promociondeeventos.sld.cu\/dengue2021\/wp-json\/wp\/v2\/pages\/66\/revisions"}],"predecessor-version":[{"id":130,"href":"https:\/\/promociondeeventos.sld.cu\/dengue2021\/wp-json\/wp\/v2\/pages\/66\/revisions\/130"}],"wp:attachment":[{"href":"https:\/\/promociondeeventos.sld.cu\/dengue2021\/wp-json\/wp\/v2\/media?parent=66"}],"curies":[{"name":"wp","href":"https:\/\/api.w.org\/{rel}","templated":true}]}}