{"id":9,"date":"2024-06-11T20:09:26","date_gmt":"2024-06-11T20:09:26","guid":{"rendered":"https:\/\/promociondeeventos.sld.cu\/conapac2024\/?page_id=9"},"modified":"2024-09-17T19:39:51","modified_gmt":"2024-09-17T19:39:51","slug":"comite-organizador","status":"publish","type":"page","link":"https:\/\/promociondeeventos.sld.cu\/conapac2024\/comite-organizador\/","title":{"rendered":"Comit\u00e9 Organizador"},"content":{"rendered":"<p><strong>Presidente:<\/strong><\/p>\n<p>Reinaldo Denis de Armas<\/p>\n<p>email:\u00a0 conapac2024-1@gmail.com<\/p>\n<p><strong>Miembros:<\/strong><\/p>\n<ul>\n<li>Dra. Carmen Nortey Cruz<\/li>\n<li>Dra. Yolanda Cruz G\u00f3mez<\/li>\n<li>Lic. Tony Perez Herrera<\/li>\n<li>MSc. Liena N\u00fa\u00f1ez N\u00fa\u00f1ez<\/li>\n<li>MSc, Celia Alonso Rodr\u00edguez<\/li>\n<li>Dra. L\u00ecdice Ferrade Caceres<\/li>\n<li>MSc. Ana M. Arias Prieto<\/li>\n<\/ul>\n","protected":false},"excerpt":{"rendered":"<p>Presidente: Reinaldo Denis de Armas email:\u00a0 conapac2024-1@gmail.com Miembros: Dra. Carmen Nortey Cruz Dra. Yolanda Cruz G\u00f3mez Lic. Tony Perez Herrera MSc. Liena N\u00fa\u00f1ez N\u00fa\u00f1ez MSc, Celia Alonso Rodr\u00edguez Dra. L\u00ecdice Ferrade Caceres MSc. Ana M. Arias Prieto<\/p>\n","protected":false},"author":4,"featured_media":0,"parent":0,"menu_order":0,"comment_status":"closed","ping_status":"closed","template":"","meta":[],"_links":{"self":[{"href":"https:\/\/promociondeeventos.sld.cu\/conapac2024\/wp-json\/wp\/v2\/pages\/9"}],"collection":[{"href":"https:\/\/promociondeeventos.sld.cu\/conapac2024\/wp-json\/wp\/v2\/pages"}],"about":[{"href":"https:\/\/promociondeeventos.sld.cu\/conapac2024\/wp-json\/wp\/v2\/types\/page"}],"author":[{"embeddable":true,"href":"https:\/\/promociondeeventos.sld.cu\/conapac2024\/wp-json\/wp\/v2\/users\/4"}],"replies":[{"embeddable":true,"href":"https:\/\/promociondeeventos.sld.cu\/conapac2024\/wp-json\/wp\/v2\/comments?post=9"}],"version-history":[{"count":3,"href":"https:\/\/promociondeeventos.sld.cu\/conapac2024\/wp-json\/wp\/v2\/pages\/9\/revisions"}],"predecessor-version":[{"id":88,"href":"https:\/\/promociondeeventos.sld.cu\/conapac2024\/wp-json\/wp\/v2\/pages\/9\/revisions\/88"}],"wp:attachment":[{"href":"https:\/\/promociondeeventos.sld.cu\/conapac2024\/wp-json\/wp\/v2\/media?parent=9"}],"curies":[{"name":"wp","href":"https:\/\/api.w.org\/{rel}","templated":true}]}}