{"id":2,"date":"2024-06-11T19:55:54","date_gmt":"2024-06-11T19:55:54","guid":{"rendered":"https:\/\/promociondeeventos.sld.cu\/conapac2024\/?page_id=2"},"modified":"2024-08-19T20:14:06","modified_gmt":"2024-08-19T20:14:06","slug":"pagina-ejemplo","status":"publish","type":"page","link":"https:\/\/promociondeeventos.sld.cu\/conapac2024\/","title":{"rendered":"Convocatoria"},"content":{"rendered":"<p>La\u00a0 Sociedad Cubana de Patolog\u00eda Cl\u00ednica tiene el gusto de\u00a0 invitarles a participar y compartir en el\u00a0 X Congreso de Patolog\u00eda Cl\u00ednica y IV Congreso Latinoamericano de Tecn\u00f3logos de Laboratorio Cl\u00ednico, que tendr\u00e1 como el Hotel Parque Central de la Habana, entre los d\u00edas 25 al 28 de septiembre del 2024. Conjuntamente a esta actividad se desarrollar\u00e1 una exposici\u00f3n cient\u00edfico comercial (EXPOLAB 2024). Esta cita\u00a0 constituye una nueva oportunidad de intercambio y actualizaci\u00f3n en los avances recientes del laboratorio cl\u00ednico con las especialidades afines y un escenario para compartir experiencia, colaborar en proyectos innovadores\u00a0 y revitalizar nuestro compromiso con la ciencia y la medicina del futuro. La capital de Cuba con sus caracter\u00edsticas urban\u00edsticas, hospitalidad y solidaridad ser\u00e1 embellecida con su presencia, esperamos disfruten del atractivo programa social y las diferentes ofertas tur\u00edsticas que pondremos a su disposici\u00f3n. Sean todos bienvenidos.<\/p>\n<p>Prof. Dr. Reynaldo Denis de Armas<br \/>\nMSc.Presidente Comit\u00e9 Organizador<\/p>\n","protected":false},"excerpt":{"rendered":"<p>La\u00a0 Sociedad Cubana de Patolog\u00eda Cl\u00ednica tiene el gusto de\u00a0 invitarles a participar y compartir en el\u00a0 X Congreso de Patolog\u00eda Cl\u00ednica y IV Congreso Latinoamericano de Tecn\u00f3logos de Laboratorio Cl\u00ednico, que tendr\u00e1 como el Hotel Parque Central de la Habana, entre los d\u00edas 25 al 28 de septiembre del 2024. Conjuntamente a esta actividad [&hellip;]<\/p>\n","protected":false},"author":20,"featured_media":0,"parent":0,"menu_order":0,"comment_status":"closed","ping_status":"open","template":"special.php","meta":[],"_links":{"self":[{"href":"https:\/\/promociondeeventos.sld.cu\/conapac2024\/wp-json\/wp\/v2\/pages\/2"}],"collection":[{"href":"https:\/\/promociondeeventos.sld.cu\/conapac2024\/wp-json\/wp\/v2\/pages"}],"about":[{"href":"https:\/\/promociondeeventos.sld.cu\/conapac2024\/wp-json\/wp\/v2\/types\/page"}],"author":[{"embeddable":true,"href":"https:\/\/promociondeeventos.sld.cu\/conapac2024\/wp-json\/wp\/v2\/users\/20"}],"replies":[{"embeddable":true,"href":"https:\/\/promociondeeventos.sld.cu\/conapac2024\/wp-json\/wp\/v2\/comments?post=2"}],"version-history":[{"count":3,"href":"https:\/\/promociondeeventos.sld.cu\/conapac2024\/wp-json\/wp\/v2\/pages\/2\/revisions"}],"predecessor-version":[{"id":6,"href":"https:\/\/promociondeeventos.sld.cu\/conapac2024\/wp-json\/wp\/v2\/pages\/2\/revisions\/6"}],"wp:attachment":[{"href":"https:\/\/promociondeeventos.sld.cu\/conapac2024\/wp-json\/wp\/v2\/media?parent=2"}],"curies":[{"name":"wp","href":"https:\/\/api.w.org\/{rel}","templated":true}]}}