{"id":19,"date":"2024-06-11T20:20:05","date_gmt":"2024-06-11T20:20:05","guid":{"rendered":"https:\/\/promociondeeventos.sld.cu\/conapac2024\/?page_id=19"},"modified":"2024-09-17T19:43:48","modified_gmt":"2024-09-17T19:43:48","slug":"contactos","status":"publish","type":"page","link":"https:\/\/promociondeeventos.sld.cu\/conapac2024\/contactos\/","title":{"rendered":"Contactos"},"content":{"rendered":"<p>Responsable de la edici\u00f3n del sitio web:<br \/>\nMs C Ana Mar\u00eda Arias Prieto.<br \/>\ncorreo electr\u00f3nico:\u00a0 conapac2024@infomed.sld.cu<\/p>\n<p><strong>CENTRO RECEPTIVO<\/strong><\/p>\n<p><a href=\"https:\/\/cubatur.tur.cu\/\"><strong>Agencia CUBATUR<\/strong><\/a><\/p>\n<p><strong>Contacto:<\/strong> Especialista comercial Damaris Lorite A<\/p>\n<p>eventos1@centra.cbt.tur.cu<\/p>\n<p><strong>tel\u00e9fono:<\/strong> 58386754<\/p>\n<p>&nbsp;<\/p>\n<p>&nbsp;<\/p>\n","protected":false},"excerpt":{"rendered":"<p>Responsable de la edici\u00f3n del sitio web: Ms C Ana Mar\u00eda Arias Prieto. correo electr\u00f3nico:\u00a0 conapac2024@infomed.sld.cu CENTRO RECEPTIVO Agencia CUBATUR Contacto: Especialista comercial Damaris Lorite A eventos1@centra.cbt.tur.cu tel\u00e9fono: 58386754 &nbsp; &nbsp;<\/p>\n","protected":false},"author":4,"featured_media":0,"parent":0,"menu_order":0,"comment_status":"closed","ping_status":"closed","template":"","meta":[],"_links":{"self":[{"href":"https:\/\/promociondeeventos.sld.cu\/conapac2024\/wp-json\/wp\/v2\/pages\/19"}],"collection":[{"href":"https:\/\/promociondeeventos.sld.cu\/conapac2024\/wp-json\/wp\/v2\/pages"}],"about":[{"href":"https:\/\/promociondeeventos.sld.cu\/conapac2024\/wp-json\/wp\/v2\/types\/page"}],"author":[{"embeddable":true,"href":"https:\/\/promociondeeventos.sld.cu\/conapac2024\/wp-json\/wp\/v2\/users\/4"}],"replies":[{"embeddable":true,"href":"https:\/\/promociondeeventos.sld.cu\/conapac2024\/wp-json\/wp\/v2\/comments?post=19"}],"version-history":[{"count":12,"href":"https:\/\/promociondeeventos.sld.cu\/conapac2024\/wp-json\/wp\/v2\/pages\/19\/revisions"}],"predecessor-version":[{"id":90,"href":"https:\/\/promociondeeventos.sld.cu\/conapac2024\/wp-json\/wp\/v2\/pages\/19\/revisions\/90"}],"wp:attachment":[{"href":"https:\/\/promociondeeventos.sld.cu\/conapac2024\/wp-json\/wp\/v2\/media?parent=19"}],"curies":[{"name":"wp","href":"https:\/\/api.w.org\/{rel}","templated":true}]}}