{"id":11,"date":"2024-06-11T20:12:05","date_gmt":"2024-06-11T20:12:05","guid":{"rendered":"https:\/\/promociondeeventos.sld.cu\/conapac2024\/?page_id=11"},"modified":"2024-06-11T21:15:49","modified_gmt":"2024-06-11T21:15:49","slug":"organizan-y-auspician","status":"publish","type":"page","link":"https:\/\/promociondeeventos.sld.cu\/conapac2024\/organizan-y-auspician\/","title":{"rendered":"Organizan y auspician"},"content":{"rendered":"<p><strong>Organizan <\/strong><\/p>\n<table style=\"width: 51.7515%; height: 78px;\">\n<tbody>\n<tr style=\"height: 31px;\">\n<td style=\"height: 31px; width: 100%;\">\u2022 Ministerio de Salud P\u00fablica<\/td>\n<\/tr>\n<tr style=\"height: 37px;\">\n<td style=\"height: 37px; width: 100%;\">\u2022 Sociedad Cubana de Patolog\u00eda Cl\u00ednica<\/td>\n<\/tr>\n<tr style=\"height: 10px;\">\n<td style=\"height: 10px; width: 100%;\">\u2022 Grupo Gaviota<\/td>\n<\/tr>\n<\/tbody>\n<\/table>\n<p><strong>Auspician<\/strong><\/p>\n<ul>\n<li>Asociaci\u00f3n Latinoamericana de Patolog\u00eda Cl\u00ednica\/ML, ALAPAC\/M<\/li>\n<li>Federaci\u00f3n Internacional de Qu\u00edmica Cl\u00ednica, IFCC\/LM<\/li>\n<li>Confederaci\u00f3n Latinoamericana de Bioqu\u00edmica Cl\u00ednica, COLABIOCLI<\/li>\n<li>Consejo Nacional de las Sociedades Cient\u00edficas de la Salud<\/li>\n<li>World Association of Societies of Pathology and Laboratory Medicine, WASPaLM<\/li>\n<\/ul>\n","protected":false},"excerpt":{"rendered":"<p>Organizan \u2022 Ministerio de Salud P\u00fablica \u2022 Sociedad Cubana de Patolog\u00eda Cl\u00ednica \u2022 Grupo Gaviota Auspician Asociaci\u00f3n Latinoamericana de Patolog\u00eda Cl\u00ednica\/ML, ALAPAC\/M Federaci\u00f3n Internacional de Qu\u00edmica Cl\u00ednica, IFCC\/LM Confederaci\u00f3n Latinoamericana de Bioqu\u00edmica Cl\u00ednica, COLABIOCLI Consejo Nacional de las Sociedades Cient\u00edficas de la Salud World Association of Societies of Pathology and Laboratory Medicine, WASPaLM<\/p>\n","protected":false},"author":4,"featured_media":0,"parent":0,"menu_order":0,"comment_status":"closed","ping_status":"closed","template":"","meta":[],"_links":{"self":[{"href":"https:\/\/promociondeeventos.sld.cu\/conapac2024\/wp-json\/wp\/v2\/pages\/11"}],"collection":[{"href":"https:\/\/promociondeeventos.sld.cu\/conapac2024\/wp-json\/wp\/v2\/pages"}],"about":[{"href":"https:\/\/promociondeeventos.sld.cu\/conapac2024\/wp-json\/wp\/v2\/types\/page"}],"author":[{"embeddable":true,"href":"https:\/\/promociondeeventos.sld.cu\/conapac2024\/wp-json\/wp\/v2\/users\/4"}],"replies":[{"embeddable":true,"href":"https:\/\/promociondeeventos.sld.cu\/conapac2024\/wp-json\/wp\/v2\/comments?post=11"}],"version-history":[{"count":2,"href":"https:\/\/promociondeeventos.sld.cu\/conapac2024\/wp-json\/wp\/v2\/pages\/11\/revisions"}],"predecessor-version":[{"id":45,"href":"https:\/\/promociondeeventos.sld.cu\/conapac2024\/wp-json\/wp\/v2\/pages\/11\/revisions\/45"}],"wp:attachment":[{"href":"https:\/\/promociondeeventos.sld.cu\/conapac2024\/wp-json\/wp\/v2\/media?parent=11"}],"curies":[{"name":"wp","href":"https:\/\/api.w.org\/{rel}","templated":true}]}}