{"id":8,"date":"2019-02-01T20:52:31","date_gmt":"2019-02-01T20:52:31","guid":{"rendered":"http:\/\/promociondeeventos.sld.cu\/conapac2019\/?page_id=8"},"modified":"2019-02-01T20:52:31","modified_gmt":"2019-02-01T20:52:31","slug":"comite-organizador","status":"publish","type":"page","link":"https:\/\/promociondeeventos.sld.cu\/conapac2019\/comite-organizador\/","title":{"rendered":"Comit\u00e9 organizador"},"content":{"rendered":"<p>Presidente<br \/>\nDr. Reynaldo Denis de Armas MSc.<\/p>\n<p>Vicepresidente<br \/>\nDr. Hugo de Jes\u00fas Hern\u00e1ndez Alonso<\/p>\n<p>Secretaria<br \/>\nYolanda Cruz G\u00f3mez<\/p>\n<p>Relaciones Internacionales<br \/>\nMSc. Diamela Monteagudo Mugarra<\/p>\n<p>Tesorera<br \/>\nMSc. Liena N\u00fa\u00f1ez N\u00fa\u00f1ez<\/p>\n<p>Exposici\u00f3n Asociada<br \/>\nMSc, Celia Alonso Rodr\u00edguez<br \/>\nDra. Miroslaba Dalas Gilbert MSc.<\/p>\n<p>Relaciones P\u00fablicas<br \/>\nLic. Juana Aguirre Guillot<\/p>\n<p>Editora<br \/>\nMSc. Ana M. Arias Prieto.<\/p>\n<p>Organizadora Profesional de Eventos<br \/>\nLic. Migdalia Luna Cisneros<\/p>\n","protected":false},"excerpt":{"rendered":"<p>Presidente Dr. Reynaldo Denis de Armas MSc. Vicepresidente Dr. Hugo de Jes\u00fas Hern\u00e1ndez Alonso Secretaria Yolanda Cruz G\u00f3mez Relaciones Internacionales MSc. Diamela Monteagudo Mugarra Tesorera MSc. Liena N\u00fa\u00f1ez N\u00fa\u00f1ez Exposici\u00f3n Asociada MSc, Celia Alonso Rodr\u00edguez Dra. Miroslaba Dalas Gilbert MSc. Relaciones P\u00fablicas Lic. Juana Aguirre Guillot Editora MSc. Ana M. Arias Prieto. Organizadora Profesional de [&hellip;]<\/p>\n","protected":false},"author":20,"featured_media":0,"parent":0,"menu_order":0,"comment_status":"closed","ping_status":"open","template":"","meta":[],"_links":{"self":[{"href":"https:\/\/promociondeeventos.sld.cu\/conapac2019\/wp-json\/wp\/v2\/pages\/8"}],"collection":[{"href":"https:\/\/promociondeeventos.sld.cu\/conapac2019\/wp-json\/wp\/v2\/pages"}],"about":[{"href":"https:\/\/promociondeeventos.sld.cu\/conapac2019\/wp-json\/wp\/v2\/types\/page"}],"author":[{"embeddable":true,"href":"https:\/\/promociondeeventos.sld.cu\/conapac2019\/wp-json\/wp\/v2\/users\/20"}],"replies":[{"embeddable":true,"href":"https:\/\/promociondeeventos.sld.cu\/conapac2019\/wp-json\/wp\/v2\/comments?post=8"}],"version-history":[{"count":1,"href":"https:\/\/promociondeeventos.sld.cu\/conapac2019\/wp-json\/wp\/v2\/pages\/8\/revisions"}],"predecessor-version":[{"id":9,"href":"https:\/\/promociondeeventos.sld.cu\/conapac2019\/wp-json\/wp\/v2\/pages\/8\/revisions\/9"}],"wp:attachment":[{"href":"https:\/\/promociondeeventos.sld.cu\/conapac2019\/wp-json\/wp\/v2\/media?parent=8"}],"curies":[{"name":"wp","href":"https:\/\/api.w.org\/{rel}","templated":true}]}}