{"id":6,"date":"2019-02-01T21:11:46","date_gmt":"2019-02-01T21:11:46","guid":{"rendered":"http:\/\/promociondeeventos.sld.cu\/conapac2019\/?page_id=6"},"modified":"2019-02-15T15:46:53","modified_gmt":"2019-02-15T15:46:53","slug":"convocatoria","status":"publish","type":"page","link":"https:\/\/promociondeeventos.sld.cu\/conapac2019\/","title":{"rendered":"Convocatoria"},"content":{"rendered":"<p><a href=\"http:\/\/promociondeeventos.sld.cu\/conapac2019\/files\/2019\/02\/logoe.jpg\"><img decoding=\"async\" loading=\"lazy\" class=\"  wp-image-50 alignleft\" src=\"http:\/\/promociondeeventos.sld.cu\/conapac2019\/files\/2019\/02\/logoe-211x300.jpg\" alt=\"logoe\" width=\"149\" height=\"212\" srcset=\"https:\/\/promociondeeventos.sld.cu\/conapac2019\/files\/2019\/02\/logoe-211x300.jpg 211w, https:\/\/promociondeeventos.sld.cu\/conapac2019\/files\/2019\/02\/logoe.jpg 398w\" sizes=\"(max-width: 149px) 100vw, 149px\" \/><\/a> Estimados colegas:<\/p>\n<p>La\u00a0 Sociedad Cubana de Patolog\u00eda Cl\u00ednica tiene el gusto de\u00a0 invitarles a participar y compartir en el\u00a0<strong> X Congreso de Patolog\u00eda Cl\u00ednica y IV Congreso Latinoamericano de Tecn\u00f3logos de Laboratorio Cl\u00ednico<\/strong>, que tendr\u00e1 como sede el Palacio de las Convenciones de La Habana y \u00a0el Club Habana , del 17 al 20 de junio del 2019.<\/p>\n<p>Esta cita\u00a0 constituye adem\u00e1s, una nueva oportunidad de intercambio y actualizaci\u00f3n en los avances recientes del laboratorio cl\u00ednico con las especialidades afines.<br \/>\nLa capital de Cuba con sus caracter\u00edsticas urban\u00edsticas, hospitalidad y solidaridad ser\u00e1 embellecida con su presencia, esperamos disfruten del atractivo programa social y las diferentes ofertas tur\u00edsticas que pondremos a su disposici\u00f3n.<br \/>\nSean todos bienvenidos.<\/p>\n<p>Prof. Dr. Reynaldo Denis de Armas, MSc.<br \/>\nPresidente Comit\u00e9 Organizador<\/p>\n","protected":false},"excerpt":{"rendered":"<p>Estimados colegas: La\u00a0 Sociedad Cubana de Patolog\u00eda Cl\u00ednica tiene el gusto de\u00a0 invitarles a participar y compartir en el\u00a0 X Congreso de Patolog\u00eda Cl\u00ednica y IV Congreso Latinoamericano de Tecn\u00f3logos de Laboratorio Cl\u00ednico, que tendr\u00e1 como sede el Palacio de las Convenciones de La Habana y \u00a0el Club Habana , del 17 al 20 de [&hellip;]<\/p>\n","protected":false},"author":20,"featured_media":0,"parent":0,"menu_order":0,"comment_status":"closed","ping_status":"open","template":"","meta":[],"_links":{"self":[{"href":"https:\/\/promociondeeventos.sld.cu\/conapac2019\/wp-json\/wp\/v2\/pages\/6"}],"collection":[{"href":"https:\/\/promociondeeventos.sld.cu\/conapac2019\/wp-json\/wp\/v2\/pages"}],"about":[{"href":"https:\/\/promociondeeventos.sld.cu\/conapac2019\/wp-json\/wp\/v2\/types\/page"}],"author":[{"embeddable":true,"href":"https:\/\/promociondeeventos.sld.cu\/conapac2019\/wp-json\/wp\/v2\/users\/20"}],"replies":[{"embeddable":true,"href":"https:\/\/promociondeeventos.sld.cu\/conapac2019\/wp-json\/wp\/v2\/comments?post=6"}],"version-history":[{"count":5,"href":"https:\/\/promociondeeventos.sld.cu\/conapac2019\/wp-json\/wp\/v2\/pages\/6\/revisions"}],"predecessor-version":[{"id":70,"href":"https:\/\/promociondeeventos.sld.cu\/conapac2019\/wp-json\/wp\/v2\/pages\/6\/revisions\/70"}],"wp:attachment":[{"href":"https:\/\/promociondeeventos.sld.cu\/conapac2019\/wp-json\/wp\/v2\/media?parent=6"}],"curies":[{"name":"wp","href":"https:\/\/api.w.org\/{rel}","templated":true}]}}