{"id":23,"date":"2019-02-01T20:52:18","date_gmt":"2019-02-01T20:52:18","guid":{"rendered":"http:\/\/promociondeeventos.sld.cu\/conapac2019\/?page_id=23"},"modified":"2019-02-15T15:40:05","modified_gmt":"2019-02-15T15:40:05","slug":"comite-cientifico","status":"publish","type":"page","link":"https:\/\/promociondeeventos.sld.cu\/conapac2019\/comite-cientifico\/","title":{"rendered":"Comit\u00e9 Cient\u00edfico"},"content":{"rendered":"<p>&nbsp;<\/p>\n<p>DC. Elena Kokuina<br \/>\nMSc. Ana Mar\u00eda Arias Prieto<br \/>\nDra. Celeste Roque Rodr\u00edguez<br \/>\nDra. Cira Cecilia Le\u00f3n Ramentol<\/p>\n","protected":false},"excerpt":{"rendered":"<p>&nbsp; DC. Elena Kokuina MSc. Ana Mar\u00eda Arias Prieto Dra. Celeste Roque Rodr\u00edguez Dra. Cira Cecilia Le\u00f3n Ramentol<\/p>\n","protected":false},"author":20,"featured_media":0,"parent":0,"menu_order":0,"comment_status":"closed","ping_status":"open","template":"","meta":[],"_links":{"self":[{"href":"https:\/\/promociondeeventos.sld.cu\/conapac2019\/wp-json\/wp\/v2\/pages\/23"}],"collection":[{"href":"https:\/\/promociondeeventos.sld.cu\/conapac2019\/wp-json\/wp\/v2\/pages"}],"about":[{"href":"https:\/\/promociondeeventos.sld.cu\/conapac2019\/wp-json\/wp\/v2\/types\/page"}],"author":[{"embeddable":true,"href":"https:\/\/promociondeeventos.sld.cu\/conapac2019\/wp-json\/wp\/v2\/users\/20"}],"replies":[{"embeddable":true,"href":"https:\/\/promociondeeventos.sld.cu\/conapac2019\/wp-json\/wp\/v2\/comments?post=23"}],"version-history":[{"count":2,"href":"https:\/\/promociondeeventos.sld.cu\/conapac2019\/wp-json\/wp\/v2\/pages\/23\/revisions"}],"predecessor-version":[{"id":65,"href":"https:\/\/promociondeeventos.sld.cu\/conapac2019\/wp-json\/wp\/v2\/pages\/23\/revisions\/65"}],"wp:attachment":[{"href":"https:\/\/promociondeeventos.sld.cu\/conapac2019\/wp-json\/wp\/v2\/media?parent=23"}],"curies":[{"name":"wp","href":"https:\/\/api.w.org\/{rel}","templated":true}]}}