{"id":21,"date":"2019-02-01T20:52:50","date_gmt":"2019-02-01T20:52:50","guid":{"rendered":"http:\/\/promociondeeventos.sld.cu\/conapac2019\/?page_id=21"},"modified":"2019-02-15T15:44:35","modified_gmt":"2019-02-15T15:44:35","slug":"exposicion-asociada","status":"publish","type":"page","link":"https:\/\/promociondeeventos.sld.cu\/conapac2019\/exposicion-asociada\/","title":{"rendered":"Exposici\u00f3n asociada"},"content":{"rendered":"<p>&nbsp;<\/p>\n<p>Paralelamente al congreso, se desarrollar\u00e1 una Exposici\u00f3n Cient\u00edfico-Comercial en el Sal\u00f3n Principal del Palacio de Convenciones, sede del evento, en la cual las empresas, laboratorios, entidades y firmas especializadas, tanto nacionales como extranjeras dispondr\u00e1n de una ocasi\u00f3n excepcional para exponer y comercializar sus equipos, tecnolog\u00edas, medicamentos, literatura y otros materiales afines a la tem\u00e1tica del evento.<br \/>\nX Congreso de Patolog\u00eda Cl\u00ednica y IV Congreso Latinoamericano de Tecn\u00f3logos de Laboratorio Cl\u00ednico.<br \/>\nLos interesados pueden contactar a:<br \/>\nLic Katia Batista<br \/>\nEspecialista en Ferias y Exposiciones<br \/>\nTel\u00e9fonos: (537) 2087541 \/ 2026011 al 19 Ext. 1507<br \/>\nFax: (537) 2028382<br \/>\nE-mail: katia@palco.cu<\/p>\n","protected":false},"excerpt":{"rendered":"<p>&nbsp; Paralelamente al congreso, se desarrollar\u00e1 una Exposici\u00f3n Cient\u00edfico-Comercial en el Sal\u00f3n Principal del Palacio de Convenciones, sede del evento, en la cual las empresas, laboratorios, entidades y firmas especializadas, tanto nacionales como extranjeras dispondr\u00e1n de una ocasi\u00f3n excepcional para exponer y comercializar sus equipos, tecnolog\u00edas, medicamentos, literatura y otros materiales afines a la tem\u00e1tica [&hellip;]<\/p>\n","protected":false},"author":20,"featured_media":0,"parent":0,"menu_order":0,"comment_status":"closed","ping_status":"open","template":"","meta":[],"_links":{"self":[{"href":"https:\/\/promociondeeventos.sld.cu\/conapac2019\/wp-json\/wp\/v2\/pages\/21"}],"collection":[{"href":"https:\/\/promociondeeventos.sld.cu\/conapac2019\/wp-json\/wp\/v2\/pages"}],"about":[{"href":"https:\/\/promociondeeventos.sld.cu\/conapac2019\/wp-json\/wp\/v2\/types\/page"}],"author":[{"embeddable":true,"href":"https:\/\/promociondeeventos.sld.cu\/conapac2019\/wp-json\/wp\/v2\/users\/20"}],"replies":[{"embeddable":true,"href":"https:\/\/promociondeeventos.sld.cu\/conapac2019\/wp-json\/wp\/v2\/comments?post=21"}],"version-history":[{"count":2,"href":"https:\/\/promociondeeventos.sld.cu\/conapac2019\/wp-json\/wp\/v2\/pages\/21\/revisions"}],"predecessor-version":[{"id":69,"href":"https:\/\/promociondeeventos.sld.cu\/conapac2019\/wp-json\/wp\/v2\/pages\/21\/revisions\/69"}],"wp:attachment":[{"href":"https:\/\/promociondeeventos.sld.cu\/conapac2019\/wp-json\/wp\/v2\/media?parent=21"}],"curies":[{"name":"wp","href":"https:\/\/api.w.org\/{rel}","templated":true}]}}