{"id":19,"date":"2019-02-01T20:53:50","date_gmt":"2019-02-01T20:53:50","guid":{"rendered":"http:\/\/promociondeeventos.sld.cu\/conapac2019\/?page_id=19"},"modified":"2019-02-15T15:44:06","modified_gmt":"2019-02-15T15:44:06","slug":"tematicas","status":"publish","type":"page","link":"https:\/\/promociondeeventos.sld.cu\/conapac2019\/tematicas\/","title":{"rendered":"Tem\u00e1ticas"},"content":{"rendered":"<p>&nbsp;<\/p>\n<ul>\n<li>Administraci\u00f3n y Gesti\u00f3n de Laboratorio<\/li>\n<li>Acreditaci\u00f3n de Laboratorios y Certificaci\u00f3n<\/li>\n<li>Control de Calidad<\/li>\n<li>Bio\u00e9tica y laboratorio<\/li>\n<li>Bioqu\u00edmica<\/li>\n<li>Gen\u00e9tica m\u00e9dica y Biolog\u00eda molecular<\/li>\n<li>Nuevas tecnolog\u00edas aplicadas<\/li>\n<li>Hematolog\u00eda<\/li>\n<li>Hemostasia y Trombosis<\/li>\n<li>Inmunohematolog\u00eda<\/li>\n<li>Medicina Transfusional<\/li>\n<li>Sistemas Inform\u00e1ticos<\/li>\n<li>Marcadores Tumorales<\/li>\n<li>El laboratorio en las enfermedades no trasmisibles<\/li>\n<li>Alergias y laboratorio<\/li>\n<li>Laboratorio y epidemiolog\u00eda<\/li>\n<\/ul>\n","protected":false},"excerpt":{"rendered":"<p>&nbsp; Administraci\u00f3n y Gesti\u00f3n de Laboratorio Acreditaci\u00f3n de Laboratorios y Certificaci\u00f3n Control de Calidad Bio\u00e9tica y laboratorio Bioqu\u00edmica Gen\u00e9tica m\u00e9dica y Biolog\u00eda molecular Nuevas tecnolog\u00edas aplicadas Hematolog\u00eda Hemostasia y Trombosis Inmunohematolog\u00eda Medicina Transfusional Sistemas Inform\u00e1ticos Marcadores Tumorales El laboratorio en las enfermedades no trasmisibles Alergias y laboratorio Laboratorio y epidemiolog\u00eda<\/p>\n","protected":false},"author":20,"featured_media":0,"parent":0,"menu_order":0,"comment_status":"closed","ping_status":"open","template":"","meta":[],"_links":{"self":[{"href":"https:\/\/promociondeeventos.sld.cu\/conapac2019\/wp-json\/wp\/v2\/pages\/19"}],"collection":[{"href":"https:\/\/promociondeeventos.sld.cu\/conapac2019\/wp-json\/wp\/v2\/pages"}],"about":[{"href":"https:\/\/promociondeeventos.sld.cu\/conapac2019\/wp-json\/wp\/v2\/types\/page"}],"author":[{"embeddable":true,"href":"https:\/\/promociondeeventos.sld.cu\/conapac2019\/wp-json\/wp\/v2\/users\/20"}],"replies":[{"embeddable":true,"href":"https:\/\/promociondeeventos.sld.cu\/conapac2019\/wp-json\/wp\/v2\/comments?post=19"}],"version-history":[{"count":2,"href":"https:\/\/promociondeeventos.sld.cu\/conapac2019\/wp-json\/wp\/v2\/pages\/19\/revisions"}],"predecessor-version":[{"id":68,"href":"https:\/\/promociondeeventos.sld.cu\/conapac2019\/wp-json\/wp\/v2\/pages\/19\/revisions\/68"}],"wp:attachment":[{"href":"https:\/\/promociondeeventos.sld.cu\/conapac2019\/wp-json\/wp\/v2\/media?parent=19"}],"curies":[{"name":"wp","href":"https:\/\/api.w.org\/{rel}","templated":true}]}}