{"id":16,"date":"2019-02-01T20:53:30","date_gmt":"2019-02-01T20:53:30","guid":{"rendered":"http:\/\/promociondeeventos.sld.cu\/conapac2019\/?page_id=16"},"modified":"2019-03-05T17:06:47","modified_gmt":"2019-03-05T17:06:47","slug":"normas-de-presentacion","status":"publish","type":"page","link":"https:\/\/promociondeeventos.sld.cu\/conapac2019\/normas-de-presentacion\/","title":{"rendered":"Normas de presentaci\u00f3n"},"content":{"rendered":"<p>&nbsp;<\/p>\n<p>T\u00edtulo del trabajo: Breve en may\u00fascula, negrita y sin subrayar. No incluir abreviaturas ni s\u00edmbolos. Incluir: T\u00edtulo, autores, servicio o departamento, as\u00ed como instituci\u00f3n donde se desarroll\u00f3 el estudio, ciudad, pa\u00eds y correo electr\u00f3nico del autor que realizar\u00e1 la presentaci\u00f3n del trabajo.<\/p>\n<p><span style=\"color: #339900;\">Ejemplo:<\/span><\/p>\n<p><b>COMPARACI\u00d3N DE UN M\u00c9TODO AUTOMATIZADO CONTRA UN M\u00c9TODO MANUAL PARA EL AN\u00c1LISIS DE SEDIMENTO URINARIO EN EL LABORATORIO CL\u00cdNICO.<br \/>\nMenocal M, Romero V. Instituto Nacional de Nefrolog\u00eda, La Habana.<\/b><br \/>\n<a href=\"mailto:mmber@infomed.sld.cu\">mmber@infomed.sld.cu<\/a><\/p>\n<p>El resumen debe ser contener: Objetivos, Material y M\u00e9todos, Resultados y Conclusiones.<\/p>\n<p>No incluir citas bibliogr\u00e1ficas. Pueden utilizarse abreviaturas comunes. En caso de abreviaturas especiales o poco conocidas, especifique su significado entre par\u00e9ntesis la primera vez que aparezca en el texto.<\/p>\n<p>Resumen del trabajo en formato Word con letra Arial 10 y no m\u00e1s de 300 de palabras sin incluir el t\u00edtulo, autores y afiliaciones, no debe exceder una cuartilla<\/p>\n<p>El plazo de admisi\u00f3n es hasta el\u00a0 20 de abril de 2019<\/p>\n<p>Los res\u00famenes deben ser enviados a: <a href=\"mailto:conapac2016@infomed.sld.cu\">conapac2019@infomed.sld.cu<\/a><\/p>\n<p>en el ASUNTO debe decir: <strong><span style=\"color: #339900;\">RESUMEN PARA CONAPAC-2019.<\/span><\/strong><\/p>\n","protected":false},"excerpt":{"rendered":"<p>&nbsp; T\u00edtulo del trabajo: Breve en may\u00fascula, negrita y sin subrayar. No incluir abreviaturas ni s\u00edmbolos. Incluir: T\u00edtulo, autores, servicio o departamento, as\u00ed como instituci\u00f3n donde se desarroll\u00f3 el estudio, ciudad, pa\u00eds y correo electr\u00f3nico del autor que realizar\u00e1 la presentaci\u00f3n del trabajo. Ejemplo: COMPARACI\u00d3N DE UN M\u00c9TODO AUTOMATIZADO CONTRA UN M\u00c9TODO MANUAL PARA EL [&hellip;]<\/p>\n","protected":false},"author":20,"featured_media":0,"parent":0,"menu_order":0,"comment_status":"closed","ping_status":"open","template":"","meta":[],"_links":{"self":[{"href":"https:\/\/promociondeeventos.sld.cu\/conapac2019\/wp-json\/wp\/v2\/pages\/16"}],"collection":[{"href":"https:\/\/promociondeeventos.sld.cu\/conapac2019\/wp-json\/wp\/v2\/pages"}],"about":[{"href":"https:\/\/promociondeeventos.sld.cu\/conapac2019\/wp-json\/wp\/v2\/types\/page"}],"author":[{"embeddable":true,"href":"https:\/\/promociondeeventos.sld.cu\/conapac2019\/wp-json\/wp\/v2\/users\/20"}],"replies":[{"embeddable":true,"href":"https:\/\/promociondeeventos.sld.cu\/conapac2019\/wp-json\/wp\/v2\/comments?post=16"}],"version-history":[{"count":4,"href":"https:\/\/promociondeeventos.sld.cu\/conapac2019\/wp-json\/wp\/v2\/pages\/16\/revisions"}],"predecessor-version":[{"id":71,"href":"https:\/\/promociondeeventos.sld.cu\/conapac2019\/wp-json\/wp\/v2\/pages\/16\/revisions\/71"}],"wp:attachment":[{"href":"https:\/\/promociondeeventos.sld.cu\/conapac2019\/wp-json\/wp\/v2\/media?parent=16"}],"curies":[{"name":"wp","href":"https:\/\/api.w.org\/{rel}","templated":true}]}}