{"id":10,"date":"2019-02-04T16:02:48","date_gmt":"2019-02-04T16:02:48","guid":{"rendered":"http:\/\/promociondeeventos.sld.cu\/conapac2019\/?page_id=10"},"modified":"2019-02-04T16:03:34","modified_gmt":"2019-02-04T16:03:34","slug":"organizan-y-auspician","status":"publish","type":"page","link":"https:\/\/promociondeeventos.sld.cu\/conapac2019\/organizan-y-auspician\/","title":{"rendered":"Organizan y Auspician"},"content":{"rendered":"<p><a href=\"http:\/\/promociondeeventos.sld.cu\/conapac2019\/files\/2019\/01\/bandera_inglaterra.gif\"><img decoding=\"async\" loading=\"lazy\" class=\"alignnone size-full wp-image-12\" src=\"http:\/\/promociondeeventos.sld.cu\/conapac2019\/files\/2019\/01\/bandera_inglaterra.gif\" alt=\"bandera_inglaterra\" width=\"36\" height=\"25\" \/><\/a><\/p>\n<p><strong><span style=\"color: #339900\">Organizan<\/span><\/strong><\/p>\n<table border=\"0\">\n<tbody>\n<tr>\n<td>\u2022 Ministerio de Salud P\u00fablica<\/td>\n<td><a href=\"http:\/\/promociondeeventos.sld.cu\/conapac2016\/files\/2015\/06\/logo-ministerio-de-salud-publica.jpg\"><img decoding=\"async\" loading=\"lazy\" class=\"alignnone size-full wp-image-85\" src=\"http:\/\/promociondeeventos.sld.cu\/conapac2016\/files\/2015\/06\/logo-ministerio-de-salud-publica.jpg\" alt=\"logo ministerio de salud publica\" width=\"82\" height=\"78\" \/><\/a><\/td>\n<\/tr>\n<tr>\n<td>\u2022 Sociedad Cubana de Patolog\u00eda Cl\u00ednica<\/td>\n<td><a href=\"http:\/\/promociondeeventos.sld.cu\/conapac2016\/files\/2015\/06\/Logo-Sociedad.jpg\"><img decoding=\"async\" loading=\"lazy\" class=\"alignnone size-medium wp-image-52\" src=\"http:\/\/promociondeeventos.sld.cu\/conapac2016\/files\/2015\/06\/Logo-Sociedad-300x289.jpg\" alt=\"Logo Sociedad\" width=\"91\" height=\"87\" \/><\/a><\/td>\n<\/tr>\n<tr>\n<td>\u2022 Palacio de Convenciones<\/td>\n<td><a href=\"http:\/\/promociondeeventos.sld.cu\/conapac2016\/files\/2015\/06\/palacio-Conv.1.jpg\"><img decoding=\"async\" loading=\"lazy\" class=\"alignnone size-full wp-image-87\" src=\"http:\/\/promociondeeventos.sld.cu\/conapac2016\/files\/2015\/06\/palacio-Conv.1.jpg\" alt=\"palacio Conv.\" width=\"150\" height=\"52\" \/><\/a><\/td>\n<\/tr>\n<\/tbody>\n<\/table>\n<p>&nbsp;<\/p>\n<p><strong><span style=\"color: #339900\">Auspician<\/span><\/strong><\/p>\n<p>&nbsp;<\/p>\n<table style=\"width: 575px;height: 449px\" border=\"0\" cellspacing=\"0\" cellpadding=\"0\">\n<tbody>\n<tr>\n<td style=\"text-align: center\" valign=\"top\" width=\"299\">\u2022 Asociaci\u00f3n Latinoamericana de Patolog\u00eda Cl\u00ednica\/ML, ALAPAC\/M<\/td>\n<td valign=\"top\" width=\"299\"><a href=\"http:\/\/promociondeeventos.sld.cu\/conapac2016\/files\/2015\/06\/alapac.jpg\"><img decoding=\"async\" loading=\"lazy\" class=\"alignnone size-medium wp-image-79\" src=\"http:\/\/promociondeeventos.sld.cu\/conapac2016\/files\/2015\/06\/alapac-300x123.jpg\" alt=\"alapac\" width=\"120\" height=\"49\" \/><\/a><\/td>\n<\/tr>\n<tr>\n<td valign=\"top\" width=\"299\"><\/td>\n<td valign=\"top\" width=\"299\"><\/td>\n<\/tr>\n<tr>\n<td style=\"text-align: center\" valign=\"top\" width=\"299\"><strong><br \/>\n<\/strong>\u2022 Federaci\u00f3n Internacional de Qu\u00edmica Cl\u00ednica, IFCC\/LM<\/td>\n<td valign=\"top\" width=\"299\"><a href=\"http:\/\/promociondeeventos.sld.cu\/conapac2016\/files\/2015\/06\/ifcc.jpg\"><img decoding=\"async\" loading=\"lazy\" class=\"alignnone size-full wp-image-83\" src=\"http:\/\/promociondeeventos.sld.cu\/conapac2016\/files\/2015\/06\/ifcc.jpg\" alt=\"ifcc\" width=\"108\" height=\"69\" \/><\/a><\/td>\n<\/tr>\n<tr>\n<td valign=\"top\" width=\"299\"><\/td>\n<td valign=\"top\" width=\"299\"><\/td>\n<\/tr>\n<tr>\n<td style=\"text-align: center\" valign=\"top\" width=\"299\">\u2022 Confederaci\u00f3n Latinoamericana de Bioqu\u00edmica Cl\u00ednica, COLABIOCLI<\/td>\n<td valign=\"top\" width=\"299\"><a href=\"http:\/\/promociondeeventos.sld.cu\/conapac2016\/files\/2015\/06\/confederaci\u00f3n.jpg\"><img decoding=\"async\" loading=\"lazy\" class=\"alignnone size-full wp-image-80\" src=\"http:\/\/promociondeeventos.sld.cu\/conapac2016\/files\/2015\/06\/confederaci\u00f3n.jpg\" alt=\"confederaci\u00f3n\" width=\"79\" height=\"78\" \/><\/a><\/td>\n<\/tr>\n<tr>\n<td valign=\"top\" width=\"299\"><\/td>\n<td valign=\"top\" width=\"299\"><\/td>\n<\/tr>\n<tr>\n<td style=\"text-align: center\" valign=\"top\" width=\"299\">\u2022 World Association of Societies of Pathology and Laboratory Medicine, WASPaLM<\/td>\n<td valign=\"top\" width=\"299\"><a href=\"http:\/\/promociondeeventos.sld.cu\/conapac2016\/files\/2015\/06\/WAOSPLM1.jpg\"><img decoding=\"async\" loading=\"lazy\" class=\"alignnone size-medium wp-image-81\" src=\"http:\/\/promociondeeventos.sld.cu\/conapac2016\/files\/2015\/06\/WAOSPLM1-300x186.jpg\" alt=\"WAOSPLM1\" width=\"89\" height=\"74\" \/><\/a><\/td>\n<\/tr>\n<tr>\n<td valign=\"top\" width=\"299\"><\/td>\n<td valign=\"top\" width=\"299\"><\/td>\n<\/tr>\n<tr>\n<td style=\"text-align: center\" valign=\"top\" width=\"299\">\u2022 Consejo Nacional de las Sociedades Cient\u00edficas de la Salud<\/td>\n<td valign=\"top\" width=\"299\"><a href=\"http:\/\/promociondeeventos.sld.cu\/conapac2016\/files\/2015\/06\/logo-CNSCS.jpg\"><img decoding=\"async\" loading=\"lazy\" class=\"alignnone size-full wp-image-82\" src=\"http:\/\/promociondeeventos.sld.cu\/conapac2016\/files\/2015\/06\/logo-CNSCS.jpg\" alt=\"logo-CNSCS\" width=\"87\" height=\"40\" \/><\/a><\/td>\n<\/tr>\n<\/tbody>\n<\/table>\n<p>&nbsp;<\/p>\n","protected":false},"excerpt":{"rendered":"<p>Organizan \u2022 Ministerio de Salud P\u00fablica \u2022 Sociedad Cubana de Patolog\u00eda Cl\u00ednica \u2022 Palacio de Convenciones &nbsp; Auspician &nbsp; \u2022 Asociaci\u00f3n Latinoamericana de Patolog\u00eda Cl\u00ednica\/ML, ALAPAC\/M \u2022 Federaci\u00f3n Internacional de Qu\u00edmica Cl\u00ednica, IFCC\/LM \u2022 Confederaci\u00f3n Latinoamericana de Bioqu\u00edmica Cl\u00ednica, COLABIOCLI \u2022 World Association of Societies of Pathology and Laboratory Medicine, WASPaLM \u2022 Consejo Nacional de [&hellip;]<\/p>\n","protected":false},"author":20,"featured_media":0,"parent":0,"menu_order":7,"comment_status":"closed","ping_status":"open","template":"","meta":[],"_links":{"self":[{"href":"https:\/\/promociondeeventos.sld.cu\/conapac2019\/wp-json\/wp\/v2\/pages\/10"}],"collection":[{"href":"https:\/\/promociondeeventos.sld.cu\/conapac2019\/wp-json\/wp\/v2\/pages"}],"about":[{"href":"https:\/\/promociondeeventos.sld.cu\/conapac2019\/wp-json\/wp\/v2\/types\/page"}],"author":[{"embeddable":true,"href":"https:\/\/promociondeeventos.sld.cu\/conapac2019\/wp-json\/wp\/v2\/users\/20"}],"replies":[{"embeddable":true,"href":"https:\/\/promociondeeventos.sld.cu\/conapac2019\/wp-json\/wp\/v2\/comments?post=10"}],"version-history":[{"count":3,"href":"https:\/\/promociondeeventos.sld.cu\/conapac2019\/wp-json\/wp\/v2\/pages\/10\/revisions"}],"predecessor-version":[{"id":48,"href":"https:\/\/promociondeeventos.sld.cu\/conapac2019\/wp-json\/wp\/v2\/pages\/10\/revisions\/48"}],"wp:attachment":[{"href":"https:\/\/promociondeeventos.sld.cu\/conapac2019\/wp-json\/wp\/v2\/media?parent=10"}],"curies":[{"name":"wp","href":"https:\/\/api.w.org\/{rel}","templated":true}]}}